{"id":25726,"date":"2025-01-13T14:26:00","date_gmt":"2025-01-13T13:26:00","guid":{"rendered":"https:\/\/www.gkboje.ba\/?post_type=product&#038;p=25726"},"modified":"2025-01-23T08:54:53","modified_gmt":"2025-01-23T07:54:53","slug":"villager-trimer-za-zivu-ogradu-zivicu-vht-500","status":"publish","type":"product","link":"https:\/\/www.gkboje.ba\/en\/proizvod\/villager-trimer-za-zivu-ogradu-zivicu-vht-500\/","title":{"rendered":"VILLAGER Elektri\u010dni trimer za \u017eivu ogradu &#8211; \u017eivicu VHT 500"},"content":{"rendered":"<p>Villager \u0161kare za \u017eivicu omogu\u0107avaju precizno oblikovanje i odr\u017eavanje grmlja i \u017eivica uz minimalan trud. S duplom proturotiraju\u0107om o\u0161tricom od 470 mm i promjerom rezanja do 20 mm, idealne su za efikasno i sigurno kori\u0161tenje. Ergonomski dizajn osigurava udobnost tokom du\u017eih radnih sesija.<\/p>\n<h5><strong>Karakteristike:<\/strong><\/h5>\n<ul>\n<li><strong>Tip motora:<\/strong> Kolektorski elektromotor<\/li>\n<li><strong>Radni napon:<\/strong> 230 V ~ 50 Hz<\/li>\n<li><strong>Priklju\u010dna snaga:<\/strong> 500 W<\/li>\n<li><strong>Du\u017eina o\u0161trice:<\/strong> 470 mm<\/li>\n<li><strong>Tip o\u0161trice:<\/strong> Proturotiraju\u0107i, dvostruki<\/li>\n<li><strong>Promjer rezanja:<\/strong> Do 20 mm<\/li>\n<li><strong>Tip ru\u010dke:<\/strong> Klasi\u010dna<\/li>\n<li><strong>Radni zahvat no\u017ea:<\/strong> 470 mm<\/li>\n<li><strong>Masa:<\/strong> 3 kg<\/li>\n<li><strong>Linija proizvoda:<\/strong> Orange edition<\/li>\n<\/ul>\n<h5><strong>Funkcije:<\/strong><\/h5>\n<ul>\n<li>Elektri\u010dna ko\u010dnica<\/li>\n<\/ul>\n<h5><strong>Preporuka:<\/strong><\/h5>\n<p>Koristite Villager za\u0161titnu opremu za siguran rad.<\/p>\n<h5><strong>Dodatne informacije:<\/strong><\/h5>\n<p><em>EAN: 8606012807860<\/em><\/p>\n<p><em>SKU: 701601<\/em><\/p>\n<p><span style=\"text-decoration: underline\"><em><a href=\"https:\/\/olx.ba\/artikal\/66067218\">Ovaj artikal mo\u017eete pogledati i na na\u0161em OLX profilu, klikom na ovaj tekst.<\/a><\/em><\/span><\/p>\n","protected":false},"excerpt":{"rendered":"<p>Villager \u0161kare za \u017eivicu omogu\u0107avaju precizno oblikovanje i odr\u017eavanje grmlja i \u017eivica uz minimalan trud. S duplom proturotiraju\u0107om o\u0161tricom od<\/p>\n","protected":false},"featured_media":25727,"comment_status":"open","ping_status":"closed","template":"","meta":[],"product_brand":[],"product_cat":[921],"product_tag":[],"class_list":{"0":"post-25726","1":"product","2":"type-product","3":"status-publish","4":"has-post-thumbnail","6":"product_cat-makaze-za-zivicu","8":"first","9":"instock","10":"shipping-taxable","11":"purchasable","12":"product-type-simple"},"wooqr_code":"","_links":{"self":[{"href":"https:\/\/www.gkboje.ba\/en\/wp-json\/wp\/v2\/product\/25726","targetHints":{"allow":["GET"]}}],"collection":[{"href":"https:\/\/www.gkboje.ba\/en\/wp-json\/wp\/v2\/product"}],"about":[{"href":"https:\/\/www.gkboje.ba\/en\/wp-json\/wp\/v2\/types\/product"}],"replies":[{"embeddable":true,"href":"https:\/\/www.gkboje.ba\/en\/wp-json\/wp\/v2\/comments?post=25726"}],"version-history":[{"count":4,"href":"https:\/\/www.gkboje.ba\/en\/wp-json\/wp\/v2\/product\/25726\/revisions"}],"predecessor-version":[{"id":26014,"href":"https:\/\/www.gkboje.ba\/en\/wp-json\/wp\/v2\/product\/25726\/revisions\/26014"}],"wp:featuredmedia":[{"embeddable":true,"href":"https:\/\/www.gkboje.ba\/en\/wp-json\/wp\/v2\/media\/25727"}],"wp:attachment":[{"href":"https:\/\/www.gkboje.ba\/en\/wp-json\/wp\/v2\/media?parent=25726"}],"wp:term":[{"taxonomy":"product_brand","embeddable":true,"href":"https:\/\/www.gkboje.ba\/en\/wp-json\/wp\/v2\/product_brand?post=25726"},{"taxonomy":"product_cat","embeddable":true,"href":"https:\/\/www.gkboje.ba\/en\/wp-json\/wp\/v2\/product_cat?post=25726"},{"taxonomy":"product_tag","embeddable":true,"href":"https:\/\/www.gkboje.ba\/en\/wp-json\/wp\/v2\/product_tag?post=25726"}],"curies":[{"name":"wp","href":"https:\/\/api.w.org\/{rel}","templated":true}]}}