{"id":25722,"date":"2025-01-13T14:14:10","date_gmt":"2025-01-13T13:14:10","guid":{"rendered":"https:\/\/www.gkboje.ba\/?post_type=product&#038;p=25722"},"modified":"2025-07-30T09:57:47","modified_gmt":"2025-07-30T07:57:47","slug":"villager-ugaona-kutna-brusilica-vln-453-115-mm-600-w","status":"publish","type":"product","link":"https:\/\/www.gkboje.ba\/en\/proizvod\/villager-ugaona-kutna-brusilica-vln-453-115-mm-600-w\/","title":{"rendered":"VILLAGER Ugaona &#8211; kutna brusilica VLN 453 &#8211; 115 mm \/ 600 W"},"content":{"rendered":"<p>Ugaona brusilica VLN 453 kombinira snagu od 600 W i prakti\u010dan dizajn za lak\u0161e rukovanje.\u00a0 Njen promjer diska od 115 mm omogu\u0107ava rad na te\u0161ko dostupnim mjestima, a ergonomska bo\u010dna ru\u010dka doprinosi udobnosti tokom rada.<\/p>\n<h5><strong>Karakteristike:<\/strong><\/h5>\n<ul>\n<li><strong>Tip elektromotora:<\/strong> Kolektorski elektromotor<\/li>\n<li><strong>Radni napon:<\/strong> 230 V ~ 50 Hz<\/li>\n<li><strong>Ulazna snaga:<\/strong> 600 W<\/li>\n<li><strong>Broj obrtaja u praznom hodu:<\/strong> 12000 rpm<\/li>\n<li><strong>Navoj vratila:<\/strong> M 14<\/li>\n<li><strong>Vanjski promjer diska:<\/strong> 115 mm<\/li>\n<li><strong>Unutra\u0161nji promjer diska:<\/strong> 22.23 mm<\/li>\n<li><strong>Masa:<\/strong> 1.5 kg<\/li>\n<\/ul>\n<h5><strong>Prate\u0107a oprema:<\/strong><\/h5>\n<ul>\n<li>Bo\u010dna ru\u010dka<\/li>\n<li>Klju\u010d za monta\u017eu diska<\/li>\n<\/ul>\n<h5><strong>Dodatne informacije:<\/strong><\/h5>\n<p><em>EAN: 8605032609188<\/em><\/p>\n<p><em>SKU: 707454<\/em><\/p>\n<p><span style=\"text-decoration: underline\"><em><a href=\"https:\/\/olx.ba\/artikal\/66067190\">Ovaj artikal mo\u017eete pogledati i na na\u0161em OLX profilu, klikom na ovaj tekst.<\/a><\/em><\/span><\/p>\n","protected":false},"excerpt":{"rendered":"<p>Ugaona brusilica VLN 453 kombinira snagu od 600 W i prakti\u010dan dizajn za lak\u0161e rukovanje.\u00a0 Njen promjer diska od 115<\/p>\n","protected":false},"featured_media":25723,"comment_status":"open","ping_status":"closed","template":"","meta":[],"product_brand":[],"product_cat":[702],"product_tag":[],"class_list":{"0":"post-25722","1":"product","2":"type-product","3":"status-publish","4":"has-post-thumbnail","6":"product_cat-ugaone-kutne-brusilice","8":"first","9":"instock","10":"shipping-taxable","11":"purchasable","12":"product-type-simple"},"wooqr_code":"","_links":{"self":[{"href":"https:\/\/www.gkboje.ba\/en\/wp-json\/wp\/v2\/product\/25722","targetHints":{"allow":["GET"]}}],"collection":[{"href":"https:\/\/www.gkboje.ba\/en\/wp-json\/wp\/v2\/product"}],"about":[{"href":"https:\/\/www.gkboje.ba\/en\/wp-json\/wp\/v2\/types\/product"}],"replies":[{"embeddable":true,"href":"https:\/\/www.gkboje.ba\/en\/wp-json\/wp\/v2\/comments?post=25722"}],"version-history":[{"count":3,"href":"https:\/\/www.gkboje.ba\/en\/wp-json\/wp\/v2\/product\/25722\/revisions"}],"predecessor-version":[{"id":35168,"href":"https:\/\/www.gkboje.ba\/en\/wp-json\/wp\/v2\/product\/25722\/revisions\/35168"}],"wp:featuredmedia":[{"embeddable":true,"href":"https:\/\/www.gkboje.ba\/en\/wp-json\/wp\/v2\/media\/25723"}],"wp:attachment":[{"href":"https:\/\/www.gkboje.ba\/en\/wp-json\/wp\/v2\/media?parent=25722"}],"wp:term":[{"taxonomy":"product_brand","embeddable":true,"href":"https:\/\/www.gkboje.ba\/en\/wp-json\/wp\/v2\/product_brand?post=25722"},{"taxonomy":"product_cat","embeddable":true,"href":"https:\/\/www.gkboje.ba\/en\/wp-json\/wp\/v2\/product_cat?post=25722"},{"taxonomy":"product_tag","embeddable":true,"href":"https:\/\/www.gkboje.ba\/en\/wp-json\/wp\/v2\/product_tag?post=25722"}],"curies":[{"name":"wp","href":"https:\/\/api.w.org\/{rel}","templated":true}]}}