{"id":25708,"date":"2025-01-13T12:38:59","date_gmt":"2025-01-13T11:38:59","guid":{"rendered":"https:\/\/www.gkboje.ba\/?post_type=product&#038;p=25708"},"modified":"2025-01-23T08:40:52","modified_gmt":"2025-01-23T07:40:52","slug":"villager-pneumatska-heftarica-combi-vat-50-9040","status":"publish","type":"product","link":"https:\/\/www.gkboje.ba\/en\/proizvod\/villager-pneumatska-heftarica-combi-vat-50-9040\/","title":{"rendered":"VILLAGER Pneumatska heftarica COMBI VAT 50\/9040"},"content":{"rendered":"<p>Villager pneumatski alat nudi izvanredan omjer snage i obrtnog momenta prema te\u017eini, omogu\u0107avaju\u0107i da svaki posao obavite s lako\u0107om i u\u017eivanjem. Dizajniran je za precizne i efikasne rezultate u raznim primjenama.<\/p>\n<p><strong>Karakteristike:<\/strong><\/p>\n<ul>\n<li><strong>Kategorija:<\/strong> Pneumatski alat<\/li>\n<li><strong>Priklju\u010dak:<\/strong> 1\/4\u201d<\/li>\n<li><strong>Radni pritisak:<\/strong> 6 &#8211; 12 bar<\/li>\n<li><strong>\u0160irina igle:<\/strong> 1.06 mm<\/li>\n<li><strong>\u0160irina eksera:<\/strong> 5.7 mm<\/li>\n<li><strong>Dubina:<\/strong> 16 &#8211; 40 mm<\/li>\n<\/ul>\n<h5><strong>Dodatne informacije:<\/strong><\/h5>\n<p><em>EAN: 8606012801318<\/em><\/p>\n<p><em>SKU: 707482<\/em><\/p>\n<p><span style=\"text-decoration: underline\"><em><a href=\"https:\/\/olx.ba\/artikal\/66067037\">Ovaj artikal mo\u017eete pogledati i na na\u0161em OLX profilu, klikom na ovaj tekst.<\/a><\/em><\/span><\/p>\n","protected":false},"excerpt":{"rendered":"<p>Villager pneumatski alat nudi izvanredan omjer snage i obrtnog momenta prema te\u017eini, omogu\u0107avaju\u0107i da svaki posao obavite s lako\u0107om i<\/p>\n","protected":false},"featured_media":25709,"comment_status":"open","ping_status":"closed","template":"","meta":[],"product_brand":[],"product_cat":[1141],"product_tag":[],"class_list":{"0":"post-25708","1":"product","2":"type-product","3":"status-publish","4":"has-post-thumbnail","6":"product_cat-pneumatske-heftalice-klamerice","8":"first","9":"instock","10":"shipping-taxable","11":"purchasable","12":"product-type-simple"},"wooqr_code":"","_links":{"self":[{"href":"https:\/\/www.gkboje.ba\/en\/wp-json\/wp\/v2\/product\/25708","targetHints":{"allow":["GET"]}}],"collection":[{"href":"https:\/\/www.gkboje.ba\/en\/wp-json\/wp\/v2\/product"}],"about":[{"href":"https:\/\/www.gkboje.ba\/en\/wp-json\/wp\/v2\/types\/product"}],"replies":[{"embeddable":true,"href":"https:\/\/www.gkboje.ba\/en\/wp-json\/wp\/v2\/comments?post=25708"}],"version-history":[{"count":3,"href":"https:\/\/www.gkboje.ba\/en\/wp-json\/wp\/v2\/product\/25708\/revisions"}],"predecessor-version":[{"id":26009,"href":"https:\/\/www.gkboje.ba\/en\/wp-json\/wp\/v2\/product\/25708\/revisions\/26009"}],"wp:featuredmedia":[{"embeddable":true,"href":"https:\/\/www.gkboje.ba\/en\/wp-json\/wp\/v2\/media\/25709"}],"wp:attachment":[{"href":"https:\/\/www.gkboje.ba\/en\/wp-json\/wp\/v2\/media?parent=25708"}],"wp:term":[{"taxonomy":"product_brand","embeddable":true,"href":"https:\/\/www.gkboje.ba\/en\/wp-json\/wp\/v2\/product_brand?post=25708"},{"taxonomy":"product_cat","embeddable":true,"href":"https:\/\/www.gkboje.ba\/en\/wp-json\/wp\/v2\/product_cat?post=25708"},{"taxonomy":"product_tag","embeddable":true,"href":"https:\/\/www.gkboje.ba\/en\/wp-json\/wp\/v2\/product_tag?post=25708"}],"curies":[{"name":"wp","href":"https:\/\/api.w.org\/{rel}","templated":true}]}}