{"id":25693,"date":"2025-01-13T09:13:57","date_gmt":"2025-01-13T08:13:57","guid":{"rendered":"https:\/\/www.gkboje.ba\/?post_type=product&#038;p=25693"},"modified":"2025-07-30T10:47:50","modified_gmt":"2025-07-30T08:47:50","slug":"villager-ugaona-kutna-brusilica-vln-470-2350-w","status":"publish","type":"product","link":"https:\/\/www.gkboje.ba\/en\/proizvod\/villager-ugaona-kutna-brusilica-vln-470-2350-w\/","title":{"rendered":"VILLAGER Ugaona &#8211; kutna brusilica VLN 470 &#8211; 230 mm \/ 2350 W"},"content":{"rendered":"<p>Elektri\u010dna brusilica snage 2350 W idealna je za zahtjevne poslove rezanja i bru\u0161enja. Pouzdana i sna\u017ena, pru\u017ea visok nivo performansi za profesionalnu i ku\u0107nu upotrebu.<\/p>\n<h5><strong>Karakteristike:<\/strong><\/h5>\n<ul>\n<li><strong>Tip elektromotora:<\/strong> Kolektorski elektromotor<\/li>\n<li><strong>Radni napon:<\/strong> 230 V ~ 50 Hz<\/li>\n<li><strong>Ulazna snaga:<\/strong> 2350 W<\/li>\n<li><strong>Broj obrtaja u praznom hodu:<\/strong> 6500 rpm<\/li>\n<li><strong>Navoj vratila:<\/strong> M 14<\/li>\n<li><strong>Vanjski promjer diska:<\/strong> 230 mm<\/li>\n<li><strong>Unutra\u0161nji promjer diska:<\/strong> 22.23 mm<\/li>\n<li><strong>Masa:<\/strong> 4.3 kg<\/li>\n<\/ul>\n<h5><strong>Oprema:<\/strong><\/h5>\n<ul>\n<li>Bo\u010dna ru\u010dka<\/li>\n<li>Klju\u010d za monta\u017eu diska<\/li>\n<\/ul>\n<h5><strong>Dodatne informacije:<\/strong><\/h5>\n<p><em>EAN: 8605032610498<\/em><\/p>\n<p><em>SKU: 711290<\/em><\/p>\n<p><span style=\"text-decoration: underline\"><em><a href=\"https:\/\/olx.ba\/artikal\/66066592\">Ovaj artikal mo\u017eete pogledati i na na\u0161em OLX profilu, klikom na ovaj tekst.<\/a><\/em><\/span><\/p>\n","protected":false},"excerpt":{"rendered":"<p>Elektri\u010dna brusilica snage 2350 W idealna je za zahtjevne poslove rezanja i bru\u0161enja. Pouzdana i sna\u017ena, pru\u017ea visok nivo performansi<\/p>\n","protected":false},"featured_media":25694,"comment_status":"open","ping_status":"closed","template":"","meta":[],"product_brand":[],"product_cat":[702],"product_tag":[],"class_list":{"0":"post-25693","1":"product","2":"type-product","3":"status-publish","4":"has-post-thumbnail","6":"product_cat-ugaone-kutne-brusilice","8":"first","9":"instock","10":"shipping-taxable","11":"purchasable","12":"product-type-simple"},"wooqr_code":"","_links":{"self":[{"href":"https:\/\/www.gkboje.ba\/en\/wp-json\/wp\/v2\/product\/25693","targetHints":{"allow":["GET"]}}],"collection":[{"href":"https:\/\/www.gkboje.ba\/en\/wp-json\/wp\/v2\/product"}],"about":[{"href":"https:\/\/www.gkboje.ba\/en\/wp-json\/wp\/v2\/types\/product"}],"replies":[{"embeddable":true,"href":"https:\/\/www.gkboje.ba\/en\/wp-json\/wp\/v2\/comments?post=25693"}],"version-history":[{"count":3,"href":"https:\/\/www.gkboje.ba\/en\/wp-json\/wp\/v2\/product\/25693\/revisions"}],"predecessor-version":[{"id":26004,"href":"https:\/\/www.gkboje.ba\/en\/wp-json\/wp\/v2\/product\/25693\/revisions\/26004"}],"wp:featuredmedia":[{"embeddable":true,"href":"https:\/\/www.gkboje.ba\/en\/wp-json\/wp\/v2\/media\/25694"}],"wp:attachment":[{"href":"https:\/\/www.gkboje.ba\/en\/wp-json\/wp\/v2\/media?parent=25693"}],"wp:term":[{"taxonomy":"product_brand","embeddable":true,"href":"https:\/\/www.gkboje.ba\/en\/wp-json\/wp\/v2\/product_brand?post=25693"},{"taxonomy":"product_cat","embeddable":true,"href":"https:\/\/www.gkboje.ba\/en\/wp-json\/wp\/v2\/product_cat?post=25693"},{"taxonomy":"product_tag","embeddable":true,"href":"https:\/\/www.gkboje.ba\/en\/wp-json\/wp\/v2\/product_tag?post=25693"}],"curies":[{"name":"wp","href":"https:\/\/api.w.org\/{rel}","templated":true}]}}