{"id":25683,"date":"2025-01-13T08:30:11","date_gmt":"2025-01-13T07:30:11","guid":{"rendered":"https:\/\/www.gkboje.ba\/?post_type=product&#038;p=25683"},"modified":"2026-01-03T12:08:02","modified_gmt":"2026-01-03T11:08:02","slug":"villager-aku-teleskopska-pila-za-grane-vcps-0820-solo","status":"publish","type":"product","link":"https:\/\/www.gkboje.ba\/en\/proizvod\/villager-aku-teleskopska-pila-za-grane-vcps-0820-solo\/","title":{"rendered":"VILLAGER Aku teleskopska pila za grane VCPS 0820 (Solo)"},"content":{"rendered":"<div class=\"flex max-w-full flex-col flex-grow\">\n<div class=\"min-h-8 text-message flex w-full flex-col items-end gap-2 whitespace-normal break-words text-start [.text-message+&amp;]:mt-5\" dir=\"auto\" data-message-author-role=\"assistant\" data-message-id=\"ebe10098-32c9-46af-b199-19447929d9a3\" data-message-model-slug=\"gpt-4o\">\n<div class=\"flex w-full flex-col gap-1 empty:hidden first:pt-[3px]\">\n<div class=\"markdown prose w-full break-words dark:prose-invert dark\">\n<p><strong>Fuse VCPS 0820<\/strong> je aku lan\u010dana pila za grane, savr\u0161ena za rezidbu i \u0161iroko primjenjiva u vo\u0107arstvu. Kompaktna i jednostavna za upotrebu, idealna za odr\u017eavanje drve\u0107a i grmlja.<\/p>\n<h5><strong>Karakteristike:<\/strong><\/h5>\n<ul>\n<li><strong>Motor:<\/strong> Akumulatorski<\/li>\n<li><strong>Tip elektromotora:<\/strong> Kolektorski elektromotor<\/li>\n<li><strong>Tip baterije:<\/strong> Fuse 18 V, Li-ion<\/li>\n<li><strong>Napon:<\/strong> 18 V<\/li>\n<li><strong>Du\u017eina vodilice:<\/strong> 240 mm<\/li>\n<li><strong>Pre\u010dnik rezanja:<\/strong> 190 mm<\/li>\n<li><strong>Du\u017eina ru\u010dke:<\/strong> 190 cm &#8211; 270 cm<\/li>\n<li><strong>Brzina lanca:<\/strong> 5.5 m\/s<\/li>\n<li><strong>Masa:<\/strong> 5 kg<\/li>\n<li><strong>Autonomija sa baterijom 1.5 Ah:<\/strong> Broj zasjeka debla 10 cm &#8211; 20<\/li>\n<li><strong>Autonomija sa baterijom 2 Ah:<\/strong> Broj zasjeka debla 10 cm &#8211; 30<\/li>\n<li><strong>Autonomija sa baterijom 3 Ah:<\/strong> Broj zasjeka debla 10 cm &#8211; 60<\/li>\n<li><strong>Autonomija sa baterijom 4 Ah:<\/strong> Broj zasjeka debla 10 cm &#8211; 80<\/li>\n<\/ul>\n<h5><strong>Napomena:<\/strong><\/h5>\n<p>Ure\u0111aj se isporu\u010duje bez baterija i punja\u010da.<\/p>\n<h5><strong>Villager\u00ae FUSE\u2122 Battery Program<\/strong><\/h5>\n<p>Villager\u00ae predstavlja novu generaciju baterijskog programa <strong>FUSE\u2122<\/strong>. Nova linija proizvoda opremljena je naprednom PC plo\u010dom koja pru\u017ea visok nivo za\u0161tite ure\u0111aja.<\/p>\n<p><strong>Za\u0161titne funkcije FUSE\u2122 baterija:<\/strong><\/p>\n<ul>\n<li><strong>Za\u0161tita od prepunjenja:<\/strong><br \/>\nKada baterija dostigne pun kapacitet, punja\u010d se automatski isklju\u010duje, \u0161tite\u0107i unutra\u0161nje komponente baterije od o\u0161te\u0107enja.<\/li>\n<li><strong>Za\u0161tita od pra\u017enjenja:<\/strong><br \/>\nKada nivo baterije dostigne kriti\u010dnih 10%, indikator pra\u017enjenja automatski isklju\u010duje sve ure\u0111aje koji tro\u0161e energiju kako bi sprije\u010dio mogu\u0107i &#8220;memory efekt&#8221; i produ\u017eio vijek trajanja baterije.<\/li>\n<li><strong>Za\u0161tita od pregrijavanja:<\/strong><br \/>\nBaterija posjeduje unutra\u0161nji termistor senzor koji prekida ciklus punjenja ili rada ako do\u0111e do pregrijavanja. Pregrijavanje se naj\u010de\u0161\u0107e de\u0161ava zbog neispravnosti punja\u010da ili usljed intenzivnog rada u zahtjevnim uvjetima. Hla\u0111enje obi\u010dno traje do 30 minuta, zavisno o temperaturi okoline i tipu obavljanog posla.<\/li>\n<li><strong>Za\u0161tita od previsokog napona:<\/strong><br \/>\nAko za\u0161tita od prepunjenja zaka\u017ee i baterija postane prezasi\u0107ena, baterija \u0107e se privremeno isklju\u010diti kako bi za\u0161titila unutra\u0161nje komponente. Nakon nekoliko sekundi, kada se naponski nivo stabilizuje, baterija nastavlja s radom.<\/li>\n<li><strong>Za\u0161tita od kratkog spoja:<\/strong><br \/>\nU slu\u010daju kratkog spoja, za\u0161titnik baterije odmah prekida rad. Time se osigurava da unutra\u0161nje komponente baterije i ure\u0111aja ostanu neo\u0161te\u0107ene.<\/li>\n<\/ul>\n<h5><strong>Dodatne informacije:<\/strong><\/h5>\n<p><em>EAN: 8605032613130<\/em><\/p>\n<p><em>SKU: 722544<\/em><\/p>\n<p><span style=\"text-decoration: underline\"><em><a href=\"https:\/\/olx.ba\/artikal\/66066538\">Ovaj artikal mo\u017eete pogledati i na na\u0161em OLX profilu, klikom na ovaj tekst.<\/a><\/em><\/span><\/p>\n<\/div>\n<\/div>\n<\/div>\n<\/div>\n","protected":false},"excerpt":{"rendered":"<p>Fuse VCPS 0820 je aku lan\u010dana pila za grane, savr\u0161ena za rezidbu i \u0161iroko primjenjiva u vo\u0107arstvu. Kompaktna i jednostavna<\/p>\n","protected":false},"featured_media":25684,"comment_status":"open","ping_status":"closed","template":"","meta":[],"product_brand":[],"product_cat":[924],"product_tag":[],"class_list":{"0":"post-25683","1":"product","2":"type-product","3":"status-publish","4":"has-post-thumbnail","6":"product_cat-motorne-testere","8":"first","9":"instock","10":"sale","11":"shipping-taxable","12":"purchasable","13":"product-type-simple"},"wooqr_code":"","_links":{"self":[{"href":"https:\/\/www.gkboje.ba\/en\/wp-json\/wp\/v2\/product\/25683","targetHints":{"allow":["GET"]}}],"collection":[{"href":"https:\/\/www.gkboje.ba\/en\/wp-json\/wp\/v2\/product"}],"about":[{"href":"https:\/\/www.gkboje.ba\/en\/wp-json\/wp\/v2\/types\/product"}],"replies":[{"embeddable":true,"href":"https:\/\/www.gkboje.ba\/en\/wp-json\/wp\/v2\/comments?post=25683"}],"version-history":[{"count":4,"href":"https:\/\/www.gkboje.ba\/en\/wp-json\/wp\/v2\/product\/25683\/revisions"}],"predecessor-version":[{"id":26002,"href":"https:\/\/www.gkboje.ba\/en\/wp-json\/wp\/v2\/product\/25683\/revisions\/26002"}],"wp:featuredmedia":[{"embeddable":true,"href":"https:\/\/www.gkboje.ba\/en\/wp-json\/wp\/v2\/media\/25684"}],"wp:attachment":[{"href":"https:\/\/www.gkboje.ba\/en\/wp-json\/wp\/v2\/media?parent=25683"}],"wp:term":[{"taxonomy":"product_brand","embeddable":true,"href":"https:\/\/www.gkboje.ba\/en\/wp-json\/wp\/v2\/product_brand?post=25683"},{"taxonomy":"product_cat","embeddable":true,"href":"https:\/\/www.gkboje.ba\/en\/wp-json\/wp\/v2\/product_cat?post=25683"},{"taxonomy":"product_tag","embeddable":true,"href":"https:\/\/www.gkboje.ba\/en\/wp-json\/wp\/v2\/product_tag?post=25683"}],"curies":[{"name":"wp","href":"https:\/\/api.w.org\/{rel}","templated":true}]}}