{"id":25655,"date":"2025-01-11T10:26:51","date_gmt":"2025-01-11T09:26:51","guid":{"rendered":"https:\/\/www.gkboje.ba\/?post_type=product&#038;p=25655"},"modified":"2025-07-30T12:35:06","modified_gmt":"2025-07-30T10:35:06","slug":"villager-fuse-aku-set-busilica-odvijac-vln-3220-brusilica-vln-4320-2x-baterija-i-punjac","status":"publish","type":"product","link":"https:\/\/www.gkboje.ba\/en\/proizvod\/villager-fuse-aku-set-busilica-odvijac-vln-3220-brusilica-vln-4320-2x-baterija-i-punjac\/","title":{"rendered":"VILLAGER Fuse aku set bu\u0161ilica &#8211; odvija\u010d VLN 3220 + brusilica VLN 4320 + 2x baterija i punja\u010d"},"content":{"rendered":"<p>Prakti\u010dan set alata iz Fuse asortimana koji uklju\u010duje aku bu\u0161ilicu\/odvija\u010d i ugaonu brusilicu. Idealan za \u0161irok spektar zadataka.<\/p>\n<h5><strong>Karakteristike:<\/strong><\/h5>\n<ul>\n<li><strong>Kategorija:<\/strong> Setovi alata<\/li>\n<li><strong>Tip baterije:<\/strong> Fuse, 18 V Li-ion<\/li>\n<li><strong>Kapacitet baterije:<\/strong> 1.5 Ah \/ 3 Ah<\/li>\n<li><strong>Punja\u010d:<\/strong> 2.4 A<\/li>\n<\/ul>\n<h5><strong>Oprema:<\/strong><\/h5>\n<ul>\n<li>VLN 3220 aku bu\u0161ilica\/odvija\u010d<\/li>\n<li>VLN 4320 aku ugaona brusilica<\/li>\n<li>Baterija 1.5 Ah<\/li>\n<li>Baterija 3 Ah<\/li>\n<li>Punja\u010d 2.4 A<\/li>\n<\/ul>\n<h5><strong>Villager\u00ae FUSE\u2122 Battery Program<\/strong><\/h5>\n<p>Villager\u00ae predstavlja novu generaciju baterijskog programa <strong>FUSE\u2122<\/strong>. Nova linija proizvoda opremljena je naprednom PC plo\u010dom koja pru\u017ea visok nivo za\u0161tite ure\u0111aja.<\/p>\n<p><strong>Za\u0161titne funkcije FUSE\u2122 baterija:<\/strong><\/p>\n<ul>\n<li><strong>Za\u0161tita od prepunjenja:<\/strong><br \/>\nKada baterija dostigne pun kapacitet, punja\u010d se automatski isklju\u010duje, \u0161tite\u0107i unutra\u0161nje komponente baterije od o\u0161te\u0107enja.<\/li>\n<li><strong>Za\u0161tita od pra\u017enjenja:<\/strong><br \/>\nKada nivo baterije dostigne kriti\u010dnih 10%, indikator pra\u017enjenja automatski isklju\u010duje sve ure\u0111aje koji tro\u0161e energiju kako bi sprije\u010dio mogu\u0107i &#8220;memory efekt&#8221; i produ\u017eio vijek trajanja baterije.<\/li>\n<li><strong>Za\u0161tita od pregrijavanja:<\/strong><br \/>\nBaterija posjeduje unutra\u0161nji termistor senzor koji prekida ciklus punjenja ili rada ako do\u0111e do pregrijavanja. Pregrijavanje se naj\u010de\u0161\u0107e de\u0161ava zbog neispravnosti punja\u010da ili usljed intenzivnog rada u zahtjevnim uvjetima. Hla\u0111enje obi\u010dno traje do 30 minuta, zavisno o temperaturi okoline i tipu obavljanog posla.<\/li>\n<li><strong>Za\u0161tita od previsokog napona:<\/strong><br \/>\nAko za\u0161tita od prepunjenja zaka\u017ee i baterija postane prezasi\u0107ena, baterija \u0107e se privremeno isklju\u010diti kako bi za\u0161titila unutra\u0161nje komponente. Nakon nekoliko sekundi, kada se naponski nivo stabilizuje, baterija nastavlja s radom.<\/li>\n<li><strong>Za\u0161tita od kratkog spoja:<\/strong><br \/>\nU slu\u010daju kratkog spoja, za\u0161titnik baterije odmah prekida rad. Time se osigurava da unutra\u0161nje komponente baterije i ure\u0111aja ostanu neo\u0161te\u0107ene.<\/li>\n<\/ul>\n<h5><strong>Dodatne informacije:<\/strong><\/h5>\n<p><em>EAN: 8605032613079<\/em><\/p>\n<p><em>SKU: 720430<\/em><\/p>\n<p><span style=\"text-decoration: underline\"><em><a href=\"https:\/\/olx.ba\/artikal\/66066491\">Ovaj artikal mo\u017eete pogledati i na na\u0161em OLX profilu, klikom na ovaj tekst.<\/a><\/em><\/span><\/p>\n","protected":false},"excerpt":{"rendered":"<p>Prakti\u010dan set alata iz Fuse asortimana koji uklju\u010duje aku bu\u0161ilicu\/odvija\u010d i ugaonu brusilicu. Idealan za \u0161irok spektar zadataka. Karakteristike: Kategorija:<\/p>\n","protected":false},"featured_media":25656,"comment_status":"open","ping_status":"closed","template":"","meta":[],"product_brand":[],"product_cat":[712,705],"product_tag":[],"class_list":{"0":"post-25655","1":"product","2":"type-product","3":"status-publish","4":"has-post-thumbnail","6":"product_cat-aku-busilice-odvijaci","7":"product_cat-aku-ugaone-kutne-brusilice","9":"first","10":"instock","11":"shipping-taxable","12":"purchasable","13":"product-type-simple"},"wooqr_code":"","_links":{"self":[{"href":"https:\/\/www.gkboje.ba\/en\/wp-json\/wp\/v2\/product\/25655","targetHints":{"allow":["GET"]}}],"collection":[{"href":"https:\/\/www.gkboje.ba\/en\/wp-json\/wp\/v2\/product"}],"about":[{"href":"https:\/\/www.gkboje.ba\/en\/wp-json\/wp\/v2\/types\/product"}],"replies":[{"embeddable":true,"href":"https:\/\/www.gkboje.ba\/en\/wp-json\/wp\/v2\/comments?post=25655"}],"version-history":[{"count":2,"href":"https:\/\/www.gkboje.ba\/en\/wp-json\/wp\/v2\/product\/25655\/revisions"}],"predecessor-version":[{"id":26001,"href":"https:\/\/www.gkboje.ba\/en\/wp-json\/wp\/v2\/product\/25655\/revisions\/26001"}],"wp:featuredmedia":[{"embeddable":true,"href":"https:\/\/www.gkboje.ba\/en\/wp-json\/wp\/v2\/media\/25656"}],"wp:attachment":[{"href":"https:\/\/www.gkboje.ba\/en\/wp-json\/wp\/v2\/media?parent=25655"}],"wp:term":[{"taxonomy":"product_brand","embeddable":true,"href":"https:\/\/www.gkboje.ba\/en\/wp-json\/wp\/v2\/product_brand?post=25655"},{"taxonomy":"product_cat","embeddable":true,"href":"https:\/\/www.gkboje.ba\/en\/wp-json\/wp\/v2\/product_cat?post=25655"},{"taxonomy":"product_tag","embeddable":true,"href":"https:\/\/www.gkboje.ba\/en\/wp-json\/wp\/v2\/product_tag?post=25655"}],"curies":[{"name":"wp","href":"https:\/\/api.w.org\/{rel}","templated":true}]}}