{"id":25650,"date":"2025-01-11T09:43:40","date_gmt":"2025-01-11T08:43:40","guid":{"rendered":"https:\/\/www.gkboje.ba\/?post_type=product&#038;p=25650"},"modified":"2025-01-23T07:46:39","modified_gmt":"2025-01-23T06:46:39","slug":"villager-vibraciona-brusilica-slajfarica-vln-320","status":"publish","type":"product","link":"https:\/\/www.gkboje.ba\/en\/proizvod\/villager-vibraciona-brusilica-slajfarica-vln-320\/","title":{"rendered":"VILLAGER Vibraciona brusilica &#8211; \u0161lajfarica VLN 320"},"content":{"rendered":"<p>Vibracijska elektri\u010dna brusilica snage 320 W. Pogodna za razne materijale i lako upravljiva zahvaljuju\u0107i regulatoru brzine.<\/p>\n<h5><strong>Karakteristike:<\/strong><\/h5>\n<ul>\n<li><strong>Tip elektromotora:<\/strong> Kolektorski elektromotor<\/li>\n<li><strong>Radni napon:<\/strong> 230 V ~ 50 Hz<\/li>\n<li><strong>Ulazna snaga:<\/strong> 320 W<\/li>\n<li><strong>Broj obrtaja u praznom hodu:<\/strong> 6000 &#8211; 12000 rpm<\/li>\n<li><strong>Tip brusilice:<\/strong> Vibracijska<\/li>\n<li><strong>Radna povr\u0161ina:<\/strong> 115 \u00d7 230 mm<\/li>\n<li><strong>Masa:<\/strong> 2.02 kg<\/li>\n<\/ul>\n<h5><strong>Prate\u0107a oprema:<\/strong><\/h5>\n<ul>\n<li>Sakuplja\u010d pra\u0161ine<\/li>\n<li>Brusni papir<\/li>\n<li>Regulator brzine<\/li>\n<\/ul>\n<h5><strong>Dodatne informacije:<\/strong><\/h5>\n<p><em>EAN: 8605032609065<\/em><\/p>\n<p><em>SKU: 708489<\/em><\/p>\n<p><span style=\"text-decoration: underline\"><em><a href=\"https:\/\/olx.ba\/artikal\/66066466\">Ovaj artikal mo\u017eete pogledati i na na\u0161em OLX profilu, klikom na ovaj tekst.<\/a><\/em><\/span><\/p>\n","protected":false},"excerpt":{"rendered":"<p>Vibracijska elektri\u010dna brusilica snage 320 W. Pogodna za razne materijale i lako upravljiva zahvaljuju\u0107i regulatoru brzine. Karakteristike: Tip elektromotora: Kolektorski<\/p>\n","protected":false},"featured_media":25651,"comment_status":"open","ping_status":"closed","template":"","meta":[],"product_brand":[],"product_cat":[1122],"product_tag":[],"class_list":{"0":"post-25650","1":"product","2":"type-product","3":"status-publish","4":"has-post-thumbnail","6":"product_cat-oscilirajuce-brusilice","8":"first","9":"instock","10":"shipping-taxable","11":"purchasable","12":"product-type-simple"},"wooqr_code":"","_links":{"self":[{"href":"https:\/\/www.gkboje.ba\/en\/wp-json\/wp\/v2\/product\/25650","targetHints":{"allow":["GET"]}}],"collection":[{"href":"https:\/\/www.gkboje.ba\/en\/wp-json\/wp\/v2\/product"}],"about":[{"href":"https:\/\/www.gkboje.ba\/en\/wp-json\/wp\/v2\/types\/product"}],"replies":[{"embeddable":true,"href":"https:\/\/www.gkboje.ba\/en\/wp-json\/wp\/v2\/comments?post=25650"}],"version-history":[{"count":3,"href":"https:\/\/www.gkboje.ba\/en\/wp-json\/wp\/v2\/product\/25650\/revisions"}],"predecessor-version":[{"id":26000,"href":"https:\/\/www.gkboje.ba\/en\/wp-json\/wp\/v2\/product\/25650\/revisions\/26000"}],"wp:featuredmedia":[{"embeddable":true,"href":"https:\/\/www.gkboje.ba\/en\/wp-json\/wp\/v2\/media\/25651"}],"wp:attachment":[{"href":"https:\/\/www.gkboje.ba\/en\/wp-json\/wp\/v2\/media?parent=25650"}],"wp:term":[{"taxonomy":"product_brand","embeddable":true,"href":"https:\/\/www.gkboje.ba\/en\/wp-json\/wp\/v2\/product_brand?post=25650"},{"taxonomy":"product_cat","embeddable":true,"href":"https:\/\/www.gkboje.ba\/en\/wp-json\/wp\/v2\/product_cat?post=25650"},{"taxonomy":"product_tag","embeddable":true,"href":"https:\/\/www.gkboje.ba\/en\/wp-json\/wp\/v2\/product_tag?post=25650"}],"curies":[{"name":"wp","href":"https:\/\/api.w.org\/{rel}","templated":true}]}}