{"id":25631,"date":"2025-01-11T09:28:05","date_gmt":"2025-01-11T08:28:05","guid":{"rendered":"https:\/\/www.gkboje.ba\/?post_type=product&#038;p=25631"},"modified":"2025-01-22T16:36:00","modified_gmt":"2025-01-22T15:36:00","slug":"villager-ubodna-pila-testera-vln-1155-550-w","status":"publish","type":"product","link":"https:\/\/www.gkboje.ba\/en\/proizvod\/villager-ubodna-pila-testera-vln-1155-550-w\/","title":{"rendered":"VILLAGER Ubodna pila &#8211; testera VLN 1155 &#8211; 550 W"},"content":{"rendered":"<p>Elektri\u010dna ubodna pila snage 550 W pru\u017ea precizno rezanje drveta i metala. Idealna za ku\u0107ne i profesionalne radove zahvaljuju\u0107i svojoj fleksibilnosti i jednostavnosti kori\u0161tenja.<\/p>\n<h5><strong>Karakteristike:<\/strong><\/h5>\n<ul>\n<li><strong>Tip elektromotora:<\/strong> Kolektorski elektromotor<\/li>\n<li><strong>Radni napon:<\/strong> 230 V ~ 50 Hz<\/li>\n<li><strong>Ulazna snaga:<\/strong> 550 W<\/li>\n<li><strong>Broj obrtaja u praznom hodu:<\/strong> 1000 &#8211; 3000 rpm<\/li>\n<li><strong>Tip pile:<\/strong> Ubodna<\/li>\n<li><strong>Hod reznog alata:<\/strong> 20 mm<\/li>\n<li><strong>Kapacitet rezanja metala:<\/strong> 6 mm<\/li>\n<li><strong>Kapacitet rezanja drveta:<\/strong> 65 mm<\/li>\n<li><strong>Masa:<\/strong> 2.5 kg<\/li>\n<\/ul>\n<h5><strong>Prate\u0107a oprema:<\/strong><\/h5>\n<ul>\n<li>Brzi prihvat alata<\/li>\n<li>Paralelna vodila<\/li>\n<li>Vakuumsko crijevo<\/li>\n<\/ul>\n<h5><strong>Dodatne informacije:<\/strong><\/h5>\n<p><em>EAN: 8605032613574<\/em><\/p>\n<p><em>SKU: 720197<\/em><\/p>\n<p><span style=\"text-decoration: underline\"><em><a href=\"https:\/\/olx.ba\/artikal\/66054934\">Ovaj artikal mo\u017eete pogledati i na na\u0161em OLX profilu, klikom na ovaj tekst.<\/a><\/em><\/span><\/p>\n","protected":false},"excerpt":{"rendered":"<p>Elektri\u010dna ubodna pila snage 550 W pru\u017ea precizno rezanje drveta i metala. Idealna za ku\u0107ne i profesionalne radove zahvaljuju\u0107i svojoj<\/p>\n","protected":false},"featured_media":25632,"comment_status":"open","ping_status":"closed","template":"","meta":[],"product_brand":[],"product_cat":[697],"product_tag":[],"class_list":{"0":"post-25631","1":"product","2":"type-product","3":"status-publish","4":"has-post-thumbnail","6":"product_cat-ubodne-pile","8":"first","9":"instock","10":"shipping-taxable","11":"purchasable","12":"product-type-simple"},"wooqr_code":"","_links":{"self":[{"href":"https:\/\/www.gkboje.ba\/en\/wp-json\/wp\/v2\/product\/25631","targetHints":{"allow":["GET"]}}],"collection":[{"href":"https:\/\/www.gkboje.ba\/en\/wp-json\/wp\/v2\/product"}],"about":[{"href":"https:\/\/www.gkboje.ba\/en\/wp-json\/wp\/v2\/types\/product"}],"replies":[{"embeddable":true,"href":"https:\/\/www.gkboje.ba\/en\/wp-json\/wp\/v2\/comments?post=25631"}],"version-history":[{"count":3,"href":"https:\/\/www.gkboje.ba\/en\/wp-json\/wp\/v2\/product\/25631\/revisions"}],"predecessor-version":[{"id":25999,"href":"https:\/\/www.gkboje.ba\/en\/wp-json\/wp\/v2\/product\/25631\/revisions\/25999"}],"wp:featuredmedia":[{"embeddable":true,"href":"https:\/\/www.gkboje.ba\/en\/wp-json\/wp\/v2\/media\/25632"}],"wp:attachment":[{"href":"https:\/\/www.gkboje.ba\/en\/wp-json\/wp\/v2\/media?parent=25631"}],"wp:term":[{"taxonomy":"product_brand","embeddable":true,"href":"https:\/\/www.gkboje.ba\/en\/wp-json\/wp\/v2\/product_brand?post=25631"},{"taxonomy":"product_cat","embeddable":true,"href":"https:\/\/www.gkboje.ba\/en\/wp-json\/wp\/v2\/product_cat?post=25631"},{"taxonomy":"product_tag","embeddable":true,"href":"https:\/\/www.gkboje.ba\/en\/wp-json\/wp\/v2\/product_tag?post=25631"}],"curies":[{"name":"wp","href":"https:\/\/api.w.org\/{rel}","templated":true}]}}