{"id":25618,"date":"2025-01-11T08:58:35","date_gmt":"2025-01-11T07:58:35","guid":{"rendered":"https:\/\/www.gkboje.ba\/?post_type=product&#038;p=25618"},"modified":"2025-01-22T16:14:42","modified_gmt":"2025-01-22T15:14:42","slug":"villager-dijagonalna-preklopna-pila-za-razrezivanje-vms-1500-210-s","status":"publish","type":"product","link":"https:\/\/www.gkboje.ba\/en\/proizvod\/villager-dijagonalna-preklopna-pila-za-razrezivanje-vms-1500-210-s\/","title":{"rendered":"VILLAGER Dijagonalna preklopna pila za razrezivanje VMS 1500-210 S"},"content":{"rendered":"<p>Stacionarna ma\u0161ina snage 1500 W, dizajnirana za precizne rezove razli\u010ditih materijala.<\/p>\n<h5><strong>Karakteristike:<\/strong><\/h5>\n<ul>\n<li><strong>Napon:<\/strong> 230 V ~ 50 Hz<\/li>\n<li><strong>Priklju\u010dna snaga:<\/strong> 1500 W<\/li>\n<li><strong>Broj obrtaja u praznom hodu:<\/strong> 4500 rpm<\/li>\n<li><strong>Kapacitet rezanja (0\u00b0 \/ 90\u00b0):<\/strong> 220 x 70 mm<\/li>\n<li><strong>Kapacitet rezanja (0\u00b0 \/ 45\u00b0):<\/strong> 220 x 35 mm<\/li>\n<li><strong>Kapacitet rezanja (45\u00b0 \/ 90\u00b0):<\/strong> 155 x 75 mm<\/li>\n<li><strong>Kapacitet rezanja (45\u00b0 \/ 45\u00b0):<\/strong> 155 x 35 mm<\/li>\n<li><strong>Promjer lista pile:<\/strong> 215 mm \/ 30 mm<\/li>\n<li><strong>Masa:<\/strong> 13 kg<\/li>\n<\/ul>\n<h5><strong>Oprema:<\/strong><\/h5>\n<ul>\n<li>Laser za precizno rezanje<\/li>\n<li>Pode\u0161avanje nagiba rezanja<\/li>\n<li>Pode\u0161avanje kuta rezanja<\/li>\n<\/ul>\n<h5><strong>Dodatne informacije:<\/strong><\/h5>\n<p><em>EAN: 8605032619644<\/em><\/p>\n<p><em>SKU: 729423<\/em><\/p>\n<p><span style=\"text-decoration: underline\"><em><a href=\"https:\/\/olx.ba\/artikal\/66054738\">Ovaj artikal mo\u017eete pogledati i na na\u0161em OLX profilu, klikom na ovaj tekst.<\/a><\/em><\/span><\/p>\n","protected":false},"excerpt":{"rendered":"<p>Stacionarna ma\u0161ina snage 1500 W, dizajnirana za precizne rezove razli\u010ditih materijala. Karakteristike: Napon: 230 V ~ 50 Hz Priklju\u010dna snaga:<\/p>\n","protected":false},"featured_media":25619,"comment_status":"open","ping_status":"closed","template":"","meta":[],"product_brand":[],"product_cat":[1126],"product_tag":[],"class_list":{"0":"post-25618","1":"product","2":"type-product","3":"status-publish","4":"has-post-thumbnail","6":"product_cat-pile-testere-za-metal","8":"first","9":"instock","10":"shipping-taxable","11":"purchasable","12":"product-type-simple"},"wooqr_code":"","_links":{"self":[{"href":"https:\/\/www.gkboje.ba\/en\/wp-json\/wp\/v2\/product\/25618","targetHints":{"allow":["GET"]}}],"collection":[{"href":"https:\/\/www.gkboje.ba\/en\/wp-json\/wp\/v2\/product"}],"about":[{"href":"https:\/\/www.gkboje.ba\/en\/wp-json\/wp\/v2\/types\/product"}],"replies":[{"embeddable":true,"href":"https:\/\/www.gkboje.ba\/en\/wp-json\/wp\/v2\/comments?post=25618"}],"version-history":[{"count":3,"href":"https:\/\/www.gkboje.ba\/en\/wp-json\/wp\/v2\/product\/25618\/revisions"}],"predecessor-version":[{"id":25995,"href":"https:\/\/www.gkboje.ba\/en\/wp-json\/wp\/v2\/product\/25618\/revisions\/25995"}],"wp:featuredmedia":[{"embeddable":true,"href":"https:\/\/www.gkboje.ba\/en\/wp-json\/wp\/v2\/media\/25619"}],"wp:attachment":[{"href":"https:\/\/www.gkboje.ba\/en\/wp-json\/wp\/v2\/media?parent=25618"}],"wp:term":[{"taxonomy":"product_brand","embeddable":true,"href":"https:\/\/www.gkboje.ba\/en\/wp-json\/wp\/v2\/product_brand?post=25618"},{"taxonomy":"product_cat","embeddable":true,"href":"https:\/\/www.gkboje.ba\/en\/wp-json\/wp\/v2\/product_cat?post=25618"},{"taxonomy":"product_tag","embeddable":true,"href":"https:\/\/www.gkboje.ba\/en\/wp-json\/wp\/v2\/product_tag?post=25618"}],"curies":[{"name":"wp","href":"https:\/\/api.w.org\/{rel}","templated":true}]}}