{"id":25613,"date":"2025-01-11T08:48:22","date_gmt":"2025-01-11T07:48:22","guid":{"rendered":"https:\/\/www.gkboje.ba\/?post_type=product&#038;p=25613"},"modified":"2026-04-03T09:26:43","modified_gmt":"2026-04-03T07:26:43","slug":"villager-ugaona-vibraciona-brusilica-slajfarica-vln-125","status":"publish","type":"product","link":"https:\/\/www.gkboje.ba\/en\/proizvod\/villager-ugaona-vibraciona-brusilica-slajfarica-vln-125\/","title":{"rendered":"VILLAGER Ugaona vibraciona brusilica &#8211; \u0161lajfarica VLN 125"},"content":{"rendered":"<p>Vibracijska elektri\u010dna brusilica snage 125 W, idealna za precizno i efikasno bru\u0161enje razli\u010ditih materijala. Kompaktna i lagana, pogodna za rad u doma\u0107instvu i radionici.<\/p>\n<h5><strong>Karakteristike:<\/strong><\/h5>\n<ul>\n<li><strong>Tip elektromotora:<\/strong> Kolektorski elektromotor<\/li>\n<li><strong>Radni napon:<\/strong> 230 V ~ 50 Hz<\/li>\n<li><strong>Ulazna snaga:<\/strong> 125 W<\/li>\n<li><strong>Broj obrtaja u praznom hodu:<\/strong> 13500 rpm<\/li>\n<li><strong>Tip brusilice:<\/strong> Vibracijska<\/li>\n<li><strong>Radna povr\u0161ina:<\/strong> 140 \u00d7 140 \u00d7 80 mm<\/li>\n<li><strong>Masa:<\/strong> 1.01 kg<\/li>\n<\/ul>\n<h5><strong>Dodatna oprema:<\/strong><\/h5>\n<ul>\n<li>Vakuumska priklju\u010dna cijev<\/li>\n<li>Brusni papir<\/li>\n<\/ul>\n<h5><strong>Dodatne informacije:<\/strong><\/h5>\n<p><em>EAN: 8605032609058<\/em><\/p>\n<p><em>SKU: 707426<\/em><\/p>\n<p><span style=\"text-decoration: underline\"><em><a href=\"https:\/\/olx.ba\/artikal\/66054666\">Ovaj artikal mo\u017eete pogledati i na na\u0161em OLX profilu, klikom na ovaj tekst.<\/a><\/em><\/span><\/p>\n","protected":false},"excerpt":{"rendered":"<p>Vibracijska elektri\u010dna brusilica snage 125 W, idealna za precizno i efikasno bru\u0161enje razli\u010ditih materijala. Kompaktna i lagana, pogodna za rad<\/p>\n","protected":false},"featured_media":25614,"comment_status":"open","ping_status":"closed","template":"","meta":[],"product_brand":[],"product_cat":[1122],"product_tag":[],"class_list":{"0":"post-25613","1":"product","2":"type-product","3":"status-publish","4":"has-post-thumbnail","6":"product_cat-oscilirajuce-brusilice","8":"first","9":"outofstock","10":"shipping-taxable","11":"purchasable","12":"product-type-simple"},"wooqr_code":"","_links":{"self":[{"href":"https:\/\/www.gkboje.ba\/en\/wp-json\/wp\/v2\/product\/25613","targetHints":{"allow":["GET"]}}],"collection":[{"href":"https:\/\/www.gkboje.ba\/en\/wp-json\/wp\/v2\/product"}],"about":[{"href":"https:\/\/www.gkboje.ba\/en\/wp-json\/wp\/v2\/types\/product"}],"replies":[{"embeddable":true,"href":"https:\/\/www.gkboje.ba\/en\/wp-json\/wp\/v2\/comments?post=25613"}],"version-history":[{"count":4,"href":"https:\/\/www.gkboje.ba\/en\/wp-json\/wp\/v2\/product\/25613\/revisions"}],"predecessor-version":[{"id":25994,"href":"https:\/\/www.gkboje.ba\/en\/wp-json\/wp\/v2\/product\/25613\/revisions\/25994"}],"wp:featuredmedia":[{"embeddable":true,"href":"https:\/\/www.gkboje.ba\/en\/wp-json\/wp\/v2\/media\/25614"}],"wp:attachment":[{"href":"https:\/\/www.gkboje.ba\/en\/wp-json\/wp\/v2\/media?parent=25613"}],"wp:term":[{"taxonomy":"product_brand","embeddable":true,"href":"https:\/\/www.gkboje.ba\/en\/wp-json\/wp\/v2\/product_brand?post=25613"},{"taxonomy":"product_cat","embeddable":true,"href":"https:\/\/www.gkboje.ba\/en\/wp-json\/wp\/v2\/product_cat?post=25613"},{"taxonomy":"product_tag","embeddable":true,"href":"https:\/\/www.gkboje.ba\/en\/wp-json\/wp\/v2\/product_tag?post=25613"}],"curies":[{"name":"wp","href":"https:\/\/api.w.org\/{rel}","templated":true}]}}