{"id":25603,"date":"2025-01-11T08:25:59","date_gmt":"2025-01-11T07:25:59","guid":{"rendered":"https:\/\/www.gkboje.ba\/?post_type=product&#038;p=25603"},"modified":"2025-07-30T11:05:06","modified_gmt":"2025-07-30T09:05:06","slug":"villager-rotaciona-brusilica-slajfarica-vln-382","status":"publish","type":"product","link":"https:\/\/www.gkboje.ba\/en\/proizvod\/villager-rotaciona-brusilica-slajfarica-vln-382\/","title":{"rendered":"VILLAGER Rotaciona brusilica &#8211; \u0161lajfarica VLN 382"},"content":{"rendered":"<div class=\"flex max-w-full flex-col flex-grow\">\n<div class=\"min-h-8 text-message flex w-full flex-col items-end gap-2 whitespace-normal break-words text-start [.text-message+&amp;]:mt-5\" dir=\"auto\" data-message-author-role=\"assistant\" data-message-id=\"23146b12-1329-4864-b685-e9127703e25a\" data-message-model-slug=\"gpt-4o\">\n<div class=\"flex w-full flex-col gap-1 empty:hidden first:pt-[3px]\">\n<div class=\"markdown prose w-full break-words dark:prose-invert dark\">\n<p>Rotaciona elektri\u010dna brusilica snage 380 W za bru\u0161enje razli\u010ditih materijala. Kompaktna i prakti\u010dna, dolazi s dodatnim funkcijama za lak\u0161u upotrebu.<\/p>\n<h5><strong>Karakteristike:<\/strong><\/h5>\n<ul>\n<li><strong>Tip elektromotora:<\/strong> Kolektorski elektromotor<\/li>\n<li><strong>Radni napon:<\/strong> 230 V ~ 50 Hz<\/li>\n<li><strong>Ulazna snaga:<\/strong> 380 W<\/li>\n<li><strong>Broj obrtaja u praznom hodu:<\/strong> 6000 &#8211; 13000 rpm<\/li>\n<li><strong>Tip brusilice:<\/strong> Rotaciona<\/li>\n<li><strong>Radna povr\u0161ina:<\/strong> \u00d8 125 mm<\/li>\n<li><strong>Masa:<\/strong> 1.9 kg<\/li>\n<\/ul>\n<h5><strong>Oprema:<\/strong><\/h5>\n<ul>\n<li>Brusni papir<\/li>\n<li>Sakuplja\u010d pra\u0161ine<\/li>\n<li>Regulator brzine<\/li>\n<\/ul>\n<h5><strong>Dodatne informacije:<\/strong><\/h5>\n<p><em>EAN: 8605032610993<\/em><\/p>\n<p><em>SKU: 708488<\/em><\/p>\n<p><span style=\"text-decoration: underline\"><em><a href=\"https:\/\/olx.ba\/artikal\/66054451\">Ovaj artikal mo\u017eete pogledati i na na\u0161em OLX profilu, klikom na ovaj tekst.<\/a><\/em><\/span><\/p>\n<\/div>\n<\/div>\n<\/div>\n<\/div>\n","protected":false},"excerpt":{"rendered":"<p>Rotaciona elektri\u010dna brusilica snage 380 W za bru\u0161enje razli\u010ditih materijala. Kompaktna i prakti\u010dna, dolazi s dodatnim funkcijama za lak\u0161u upotrebu.<\/p>\n","protected":false},"featured_media":25605,"comment_status":"open","ping_status":"closed","template":"","meta":[],"product_brand":[],"product_cat":[699],"product_tag":[],"class_list":{"0":"post-25603","1":"product","2":"type-product","3":"status-publish","4":"has-post-thumbnail","6":"product_cat-ekscentricne-rotacione-brusilice","8":"first","9":"instock","10":"shipping-taxable","11":"purchasable","12":"product-type-simple"},"wooqr_code":"","_links":{"self":[{"href":"https:\/\/www.gkboje.ba\/en\/wp-json\/wp\/v2\/product\/25603","targetHints":{"allow":["GET"]}}],"collection":[{"href":"https:\/\/www.gkboje.ba\/en\/wp-json\/wp\/v2\/product"}],"about":[{"href":"https:\/\/www.gkboje.ba\/en\/wp-json\/wp\/v2\/types\/product"}],"replies":[{"embeddable":true,"href":"https:\/\/www.gkboje.ba\/en\/wp-json\/wp\/v2\/comments?post=25603"}],"version-history":[{"count":2,"href":"https:\/\/www.gkboje.ba\/en\/wp-json\/wp\/v2\/product\/25603\/revisions"}],"predecessor-version":[{"id":25991,"href":"https:\/\/www.gkboje.ba\/en\/wp-json\/wp\/v2\/product\/25603\/revisions\/25991"}],"wp:featuredmedia":[{"embeddable":true,"href":"https:\/\/www.gkboje.ba\/en\/wp-json\/wp\/v2\/media\/25605"}],"wp:attachment":[{"href":"https:\/\/www.gkboje.ba\/en\/wp-json\/wp\/v2\/media?parent=25603"}],"wp:term":[{"taxonomy":"product_brand","embeddable":true,"href":"https:\/\/www.gkboje.ba\/en\/wp-json\/wp\/v2\/product_brand?post=25603"},{"taxonomy":"product_cat","embeddable":true,"href":"https:\/\/www.gkboje.ba\/en\/wp-json\/wp\/v2\/product_cat?post=25603"},{"taxonomy":"product_tag","embeddable":true,"href":"https:\/\/www.gkboje.ba\/en\/wp-json\/wp\/v2\/product_tag?post=25603"}],"curies":[{"name":"wp","href":"https:\/\/api.w.org\/{rel}","templated":true}]}}