{"id":25456,"date":"2025-01-06T07:54:50","date_gmt":"2025-01-06T06:54:50","guid":{"rendered":"https:\/\/www.gkboje.ba\/?post_type=product&#038;p=25456"},"modified":"2025-01-22T15:51:48","modified_gmt":"2025-01-22T14:51:48","slug":"villager-ubodna-pila-vln-1140-400-w","status":"publish","type":"product","link":"https:\/\/www.gkboje.ba\/en\/proizvod\/villager-ubodna-pila-vln-1140-400-w\/","title":{"rendered":"VILLAGER Ubodna pila VLN 1140 &#8211; 400 W"},"content":{"rendered":"<p>Elektri\u010dna ubodna pila snage 400 W idealna je za precizno rezanje drveta i metala. Kompaktna i lagana, savr\u0161ena je za rad u radionici ili kod ku\u0107e.<\/p>\n<h5><strong>Karakteristike:<\/strong><\/h5>\n<ul>\n<li><strong>Tip elektromotora:<\/strong> Kolektorski elektromotor<\/li>\n<li><strong>Radni napon:<\/strong> 230 V ~ 50 Hz<\/li>\n<li><strong>Ulazna snaga:<\/strong> 400 W<\/li>\n<li><strong>Broj obrtaja u praznom hodu:<\/strong> 3000 rpm<\/li>\n<li><strong>Tip pile:<\/strong> Ubodna<\/li>\n<li><strong>Hod reznog alata:<\/strong> 18 mm<\/li>\n<li><strong>Kapacitet rezanja metala:<\/strong> 6 mm<\/li>\n<li><strong>Kapacitet rezanja drveta:<\/strong> 55 mm<\/li>\n<li><strong>Masa:<\/strong> 1.7 kg<\/li>\n<\/ul>\n<h5><strong>Prate\u0107a oprema:<\/strong><\/h5>\n<ul>\n<li>Paralelna vodilica<\/li>\n<li>Priklju\u010dna cijev za usisiva\u010d<\/li>\n<\/ul>\n<h5><strong>Dodatne informacije:<\/strong><\/h5>\n<p><em>EAN: 86050332613567<\/em><\/p>\n<p><em>SKU: 725749<\/em><\/p>\n<p><span style=\"text-decoration: underline\"><em><a href=\"https:\/\/olx.ba\/artikal\/66054326\">Ovaj artikal mo\u017eete pogledati i na na\u0161em OLX profilu, klikom na ovaj tekst.<\/a><\/em><\/span><\/p>\n","protected":false},"excerpt":{"rendered":"<p>Elektri\u010dna ubodna pila snage 400 W idealna je za precizno rezanje drveta i metala. Kompaktna i lagana, savr\u0161ena je za<\/p>\n","protected":false},"featured_media":25457,"comment_status":"open","ping_status":"closed","template":"","meta":[],"product_brand":[],"product_cat":[697],"product_tag":[],"class_list":{"0":"post-25456","1":"product","2":"type-product","3":"status-publish","4":"has-post-thumbnail","6":"product_cat-ubodne-pile","8":"first","9":"instock","10":"shipping-taxable","11":"purchasable","12":"product-type-simple"},"wooqr_code":"","_links":{"self":[{"href":"https:\/\/www.gkboje.ba\/en\/wp-json\/wp\/v2\/product\/25456","targetHints":{"allow":["GET"]}}],"collection":[{"href":"https:\/\/www.gkboje.ba\/en\/wp-json\/wp\/v2\/product"}],"about":[{"href":"https:\/\/www.gkboje.ba\/en\/wp-json\/wp\/v2\/types\/product"}],"replies":[{"embeddable":true,"href":"https:\/\/www.gkboje.ba\/en\/wp-json\/wp\/v2\/comments?post=25456"}],"version-history":[{"count":4,"href":"https:\/\/www.gkboje.ba\/en\/wp-json\/wp\/v2\/product\/25456\/revisions"}],"predecessor-version":[{"id":25989,"href":"https:\/\/www.gkboje.ba\/en\/wp-json\/wp\/v2\/product\/25456\/revisions\/25989"}],"wp:featuredmedia":[{"embeddable":true,"href":"https:\/\/www.gkboje.ba\/en\/wp-json\/wp\/v2\/media\/25457"}],"wp:attachment":[{"href":"https:\/\/www.gkboje.ba\/en\/wp-json\/wp\/v2\/media?parent=25456"}],"wp:term":[{"taxonomy":"product_brand","embeddable":true,"href":"https:\/\/www.gkboje.ba\/en\/wp-json\/wp\/v2\/product_brand?post=25456"},{"taxonomy":"product_cat","embeddable":true,"href":"https:\/\/www.gkboje.ba\/en\/wp-json\/wp\/v2\/product_cat?post=25456"},{"taxonomy":"product_tag","embeddable":true,"href":"https:\/\/www.gkboje.ba\/en\/wp-json\/wp\/v2\/product_tag?post=25456"}],"curies":[{"name":"wp","href":"https:\/\/api.w.org\/{rel}","templated":true}]}}