{"id":25422,"date":"2025-01-04T15:47:21","date_gmt":"2025-01-04T14:47:21","guid":{"rendered":"https:\/\/www.gkboje.ba\/?post_type=product&#038;p=25422"},"modified":"2025-07-30T12:35:06","modified_gmt":"2025-07-30T10:35:06","slug":"villager-cekic-busilica-sds-vln-1105-1500-w","status":"publish","type":"product","link":"https:\/\/www.gkboje.ba\/en\/proizvod\/villager-cekic-busilica-sds-vln-1105-1500-w\/","title":{"rendered":"VILLAGER \u010ceki\u0107 bu\u0161ilica SDS+ VLN 1105 \u2013 1500 W"},"content":{"rendered":"<p>Elektro-pneumatski \u010deki\u0107 snage 1100 W idealan je za zahtjevne zadatke bu\u0161enja i \u0161temanja. Svestran i pouzdan, savr\u0161en je za profesionalne i ku\u0107ne primjene.<\/p>\n<h5><strong>Karakteristike:<\/strong><\/h5>\n<ul>\n<li><strong>Kategorija:<\/strong> Elektro-pneumatski \u010deki\u0107i<\/li>\n<li><strong>Tip elektromotora:<\/strong> Kolektorski elektromotor<\/li>\n<li><strong>Radni napon:<\/strong> 230 V ~ 50 Hz<\/li>\n<li><strong>Ulazna snaga:<\/strong> 1100 W<\/li>\n<li><strong>Broj obrtaja u praznom hodu:<\/strong> 0 &#8211; 900 rpm<\/li>\n<li><strong>Broj udaraca u praznom hodu:<\/strong> 0 &#8211; 4300 ipm<\/li>\n<li><strong>Snaga udaraca:<\/strong> 5 J<\/li>\n<li><strong>Prihvat alata:<\/strong> SDS plus<\/li>\n<li><strong>Kapacitet bu\u0161enja \u010delika:<\/strong> 13 mm<\/li>\n<li><strong>Kapacitet bu\u0161enja betona:<\/strong> 28 mm<\/li>\n<li><strong>Kapacitet bu\u0161enja drveta:<\/strong> 42 mm<\/li>\n<li><strong>Masa:<\/strong> 4.7 kg<\/li>\n<\/ul>\n<h5><strong>Prate\u0107a oprema:<\/strong><\/h5>\n<ul>\n<li>Podesiva ru\u010dka<\/li>\n<li>Grani\u010dnik dubine<\/li>\n<li>Set burgija i dleta<\/li>\n<li>Kofer<\/li>\n<\/ul>\n<h5><strong>Dodatne informacije:<\/strong><\/h5>\n<p><em>EAN: 8605032609348<\/em><\/p>\n<p><em>SKU: 707458<\/em><\/p>\n<p><span style=\"text-decoration: underline\"><em><a href=\"https:\/\/olx.ba\/artikal\/66051178\">Ovaj artikal mo\u017eete pogledati i na na\u0161em OLX profilu, klikom na ovaj tekst.<\/a><\/em><\/span><\/p>\n","protected":false},"excerpt":{"rendered":"<p>Elektro-pneumatski \u010deki\u0107 snage 1100 W idealan je za zahtjevne zadatke bu\u0161enja i \u0161temanja. Svestran i pouzdan, savr\u0161en je za profesionalne<\/p>\n","protected":false},"featured_media":25424,"comment_status":"open","ping_status":"closed","template":"","meta":[],"product_brand":[],"product_cat":[703],"product_tag":[],"class_list":{"0":"post-25422","1":"product","2":"type-product","3":"status-publish","4":"has-post-thumbnail","6":"product_cat-cekic-busilice","8":"first","9":"instock","10":"shipping-taxable","11":"purchasable","12":"product-type-simple"},"wooqr_code":"","_links":{"self":[{"href":"https:\/\/www.gkboje.ba\/en\/wp-json\/wp\/v2\/product\/25422","targetHints":{"allow":["GET"]}}],"collection":[{"href":"https:\/\/www.gkboje.ba\/en\/wp-json\/wp\/v2\/product"}],"about":[{"href":"https:\/\/www.gkboje.ba\/en\/wp-json\/wp\/v2\/types\/product"}],"replies":[{"embeddable":true,"href":"https:\/\/www.gkboje.ba\/en\/wp-json\/wp\/v2\/comments?post=25422"}],"version-history":[{"count":2,"href":"https:\/\/www.gkboje.ba\/en\/wp-json\/wp\/v2\/product\/25422\/revisions"}],"predecessor-version":[{"id":25988,"href":"https:\/\/www.gkboje.ba\/en\/wp-json\/wp\/v2\/product\/25422\/revisions\/25988"}],"wp:featuredmedia":[{"embeddable":true,"href":"https:\/\/www.gkboje.ba\/en\/wp-json\/wp\/v2\/media\/25424"}],"wp:attachment":[{"href":"https:\/\/www.gkboje.ba\/en\/wp-json\/wp\/v2\/media?parent=25422"}],"wp:term":[{"taxonomy":"product_brand","embeddable":true,"href":"https:\/\/www.gkboje.ba\/en\/wp-json\/wp\/v2\/product_brand?post=25422"},{"taxonomy":"product_cat","embeddable":true,"href":"https:\/\/www.gkboje.ba\/en\/wp-json\/wp\/v2\/product_cat?post=25422"},{"taxonomy":"product_tag","embeddable":true,"href":"https:\/\/www.gkboje.ba\/en\/wp-json\/wp\/v2\/product_tag?post=25422"}],"curies":[{"name":"wp","href":"https:\/\/api.w.org\/{rel}","templated":true}]}}