{"id":25418,"date":"2025-01-04T15:38:00","date_gmt":"2025-01-04T14:38:00","guid":{"rendered":"https:\/\/www.gkboje.ba\/?post_type=product&#038;p=25418"},"modified":"2025-01-22T13:11:06","modified_gmt":"2025-01-22T12:11:06","slug":"villager-fen-za-vruci-zrak-vln-200","status":"publish","type":"product","link":"https:\/\/www.gkboje.ba\/en\/proizvod\/villager-fen-za-vruci-zrak-vln-200\/","title":{"rendered":"VILLAGER Fen za vru\u0107i zrak VLN 200"},"content":{"rendered":"<p><strong>Villager VLN 200<\/strong> je industrijsko su\u0161ilo snage 1800 W, idealno za farbarske i monterske poslove. Savr\u0161eno za pripremu radnih povr\u0161ina, pru\u017ea pouzdanost i fleksibilnost u radu.<\/p>\n<h5><strong>Karakteristike:<\/strong><\/h5>\n<ul>\n<li><strong>Tip elektromotora:<\/strong> Kolektorski elektromotor<\/li>\n<li><strong>Radni napon:<\/strong> 230 V ~ 50 Hz<\/li>\n<li><strong>Ulazna snaga:<\/strong> 1800 W<\/li>\n<li><strong>Broj re\u017eima rada:<\/strong> 3<\/li>\n<li><strong>Protok vazduha:<\/strong> 150 \/ 300 \/ 500 l\/min<\/li>\n<li><strong>Temperatura:<\/strong> 380 &#8211; 580\u00b0C<\/li>\n<li><strong>Masa:<\/strong> 2 kg<\/li>\n<\/ul>\n<h5><strong>Oprema:<\/strong><\/h5>\n<ul>\n<li>Difuzor \u00d7 2<\/li>\n<li>Nasadni struga\u010d \u00d7 2<\/li>\n<li>Ru\u010dni struga\u010d<\/li>\n<\/ul>\n<h5><strong>Dodatne informacije:<\/strong><\/h5>\n<p><em>EAN: 8605032611051<\/em><\/p>\n<p><em>SKU: 708689<\/em><\/p>\n<p><span style=\"text-decoration: underline\"><em><a href=\"https:\/\/olx.ba\/artikal\/66051097\">Ovaj artikal mo\u017eete pogledati i na na\u0161em OLX profilu, klikom na ovaj tekst.<\/a><\/em><\/span><\/p>\n","protected":false},"excerpt":{"rendered":"<p>Villager VLN 200 je industrijsko su\u0161ilo snage 1800 W, idealno za farbarske i monterske poslove. Savr\u0161eno za pripremu radnih povr\u0161ina,<\/p>\n","protected":false},"featured_media":25419,"comment_status":"open","ping_status":"closed","template":"","meta":[],"product_brand":[],"product_cat":[872],"product_tag":[],"class_list":{"0":"post-25418","1":"product","2":"type-product","3":"status-publish","4":"has-post-thumbnail","6":"product_cat-fenovi-za-vruci-zrak","8":"first","9":"instock","10":"shipping-taxable","11":"purchasable","12":"product-type-simple"},"wooqr_code":"","_links":{"self":[{"href":"https:\/\/www.gkboje.ba\/en\/wp-json\/wp\/v2\/product\/25418","targetHints":{"allow":["GET"]}}],"collection":[{"href":"https:\/\/www.gkboje.ba\/en\/wp-json\/wp\/v2\/product"}],"about":[{"href":"https:\/\/www.gkboje.ba\/en\/wp-json\/wp\/v2\/types\/product"}],"replies":[{"embeddable":true,"href":"https:\/\/www.gkboje.ba\/en\/wp-json\/wp\/v2\/comments?post=25418"}],"version-history":[{"count":3,"href":"https:\/\/www.gkboje.ba\/en\/wp-json\/wp\/v2\/product\/25418\/revisions"}],"predecessor-version":[{"id":25987,"href":"https:\/\/www.gkboje.ba\/en\/wp-json\/wp\/v2\/product\/25418\/revisions\/25987"}],"wp:featuredmedia":[{"embeddable":true,"href":"https:\/\/www.gkboje.ba\/en\/wp-json\/wp\/v2\/media\/25419"}],"wp:attachment":[{"href":"https:\/\/www.gkboje.ba\/en\/wp-json\/wp\/v2\/media?parent=25418"}],"wp:term":[{"taxonomy":"product_brand","embeddable":true,"href":"https:\/\/www.gkboje.ba\/en\/wp-json\/wp\/v2\/product_brand?post=25418"},{"taxonomy":"product_cat","embeddable":true,"href":"https:\/\/www.gkboje.ba\/en\/wp-json\/wp\/v2\/product_cat?post=25418"},{"taxonomy":"product_tag","embeddable":true,"href":"https:\/\/www.gkboje.ba\/en\/wp-json\/wp\/v2\/product_tag?post=25418"}],"curies":[{"name":"wp","href":"https:\/\/api.w.org\/{rel}","templated":true}]}}