{"id":25410,"date":"2025-01-04T15:26:53","date_gmt":"2025-01-04T14:26:53","guid":{"rendered":"https:\/\/www.gkboje.ba\/?post_type=product&#038;p=25410"},"modified":"2025-07-30T12:35:06","modified_gmt":"2025-07-30T10:35:06","slug":"villager-cekic-busilica-vln-0805-800-w","status":"publish","type":"product","link":"https:\/\/www.gkboje.ba\/en\/proizvod\/villager-cekic-busilica-vln-0805-800-w\/","title":{"rendered":"VILLAGER \u010ceki\u0107 bu\u0161ilica SDS+ VLN 0805 \u2013 800 W"},"content":{"rendered":"<p>Elektro-pneumatski \u010deki\u0107 od 800 W pru\u017ea optimalnu snagu i performanse za rad na \u010deliku, betonu i drvetu. Kompaktan i lak za rukovanje, savr\u0161en je za ku\u0107ne i profesionalne zadatke.<\/p>\n<h5><strong>Karakteristike:<\/strong><\/h5>\n<ul>\n<li><strong>Tip elektromotora:<\/strong> Kolektorski elektromotor<\/li>\n<li><strong>Radni napon:<\/strong> 230 V ~ 50 Hz<\/li>\n<li><strong>Ulazna snaga:<\/strong> 800 W<\/li>\n<li><strong>Broj obrtaja u praznom hodu:<\/strong> 0 &#8211; 900 rpm<\/li>\n<li><strong>Broj udaraca u praznom hodu:<\/strong> 0 &#8211; 3900 ipm<\/li>\n<li><strong>Snaga udaraca:<\/strong> 4 J<\/li>\n<li><strong>Prihvat alata:<\/strong> SDS plus<\/li>\n<li><strong>Kapacitet bu\u0161enja \u010delika:<\/strong> 13 mm<\/li>\n<li><strong>Kapacitet bu\u0161enja betona:<\/strong> 26 mm<\/li>\n<li><strong>Kapacitet bu\u0161enja drveta:<\/strong> 42 mm<\/li>\n<li><strong>Masa:<\/strong> 3.78 kg<\/li>\n<\/ul>\n<h5><strong>Prate\u0107a oprema:<\/strong><\/h5>\n<ul>\n<li>Podesiva ru\u010dka<\/li>\n<li>Grani\u010dnik dubine<\/li>\n<li>Set burgija i dleta<\/li>\n<li>Kofer<\/li>\n<\/ul>\n<h5><strong>Dodatne informacije:<\/strong><\/h5>\n<p><em>EAN: 8605032605609<\/em><\/p>\n<p><em>SKU: 709143<\/em><\/p>\n<p><span style=\"text-decoration: underline\"><em><a href=\"https:\/\/olx.ba\/artikal\/66051051\">Ovaj artikal mo\u017eete pogledati i na na\u0161em OLX profilu, klikom na ovaj tekst.<\/a><\/em><\/span><\/p>\n","protected":false},"excerpt":{"rendered":"<p>Elektro-pneumatski \u010deki\u0107 od 800 W pru\u017ea optimalnu snagu i performanse za rad na \u010deliku, betonu i drvetu. Kompaktan i lak<\/p>\n","protected":false},"featured_media":25412,"comment_status":"open","ping_status":"closed","template":"","meta":[],"product_brand":[],"product_cat":[703],"product_tag":[],"class_list":{"0":"post-25410","1":"product","2":"type-product","3":"status-publish","4":"has-post-thumbnail","6":"product_cat-cekic-busilice","8":"first","9":"instock","10":"shipping-taxable","11":"purchasable","12":"product-type-simple"},"wooqr_code":"","_links":{"self":[{"href":"https:\/\/www.gkboje.ba\/en\/wp-json\/wp\/v2\/product\/25410","targetHints":{"allow":["GET"]}}],"collection":[{"href":"https:\/\/www.gkboje.ba\/en\/wp-json\/wp\/v2\/product"}],"about":[{"href":"https:\/\/www.gkboje.ba\/en\/wp-json\/wp\/v2\/types\/product"}],"replies":[{"embeddable":true,"href":"https:\/\/www.gkboje.ba\/en\/wp-json\/wp\/v2\/comments?post=25410"}],"version-history":[{"count":5,"href":"https:\/\/www.gkboje.ba\/en\/wp-json\/wp\/v2\/product\/25410\/revisions"}],"predecessor-version":[{"id":25986,"href":"https:\/\/www.gkboje.ba\/en\/wp-json\/wp\/v2\/product\/25410\/revisions\/25986"}],"wp:featuredmedia":[{"embeddable":true,"href":"https:\/\/www.gkboje.ba\/en\/wp-json\/wp\/v2\/media\/25412"}],"wp:attachment":[{"href":"https:\/\/www.gkboje.ba\/en\/wp-json\/wp\/v2\/media?parent=25410"}],"wp:term":[{"taxonomy":"product_brand","embeddable":true,"href":"https:\/\/www.gkboje.ba\/en\/wp-json\/wp\/v2\/product_brand?post=25410"},{"taxonomy":"product_cat","embeddable":true,"href":"https:\/\/www.gkboje.ba\/en\/wp-json\/wp\/v2\/product_cat?post=25410"},{"taxonomy":"product_tag","embeddable":true,"href":"https:\/\/www.gkboje.ba\/en\/wp-json\/wp\/v2\/product_tag?post=25410"}],"curies":[{"name":"wp","href":"https:\/\/api.w.org\/{rel}","templated":true}]}}