{"id":25389,"date":"2025-01-04T14:25:28","date_gmt":"2025-01-04T13:25:28","guid":{"rendered":"https:\/\/www.gkboje.ba\/?post_type=product&#038;p=25389"},"modified":"2026-03-11T10:41:20","modified_gmt":"2026-03-11T09:41:20","slug":"villager-lisiciji-rep-reciprocna-pila-vln-2620-1050-w","status":"publish","type":"product","link":"https:\/\/www.gkboje.ba\/en\/proizvod\/villager-lisiciji-rep-reciprocna-pila-vln-2620-1050-w\/","title":{"rendered":"VILLAGER Lisi\u010diji rep &#8211; recipro\u010dna pila VLN 2620 &#8211; 1050 W"},"content":{"rendered":"<div class=\"flex max-w-full flex-col flex-grow\">\n<div class=\"min-h-8 text-message flex w-full flex-col items-end gap-2 whitespace-normal break-words text-start [.text-message+&amp;]:mt-5\" dir=\"auto\" data-message-author-role=\"assistant\" data-message-id=\"e763cb67-db95-4785-9806-f4d2c666b840\" data-message-model-slug=\"gpt-4o\">\n<div class=\"flex w-full flex-col gap-1 empty:hidden first:pt-[3px]\">\n<div class=\"markdown prose w-full break-words dark:prose-invert dark\">\n<p>Elektri\u010dna pila s ulaznom snagom od 1050 W pru\u017ea visoku efikasnost i preciznost za rezanje drva i metala. Jednostavna za rukovanje, idealna je za doma\u0107e i profesionalne primjene.<\/p>\n<h5><strong>Karakteristike:<\/strong><\/h5>\n<ul>\n<li><strong>Tip elektromotora:<\/strong> Kolektorski elektromotor<\/li>\n<li><strong>Radni napon:<\/strong> 230 V ~ 50 Hz<\/li>\n<li><strong>Ulazna snaga:<\/strong> 1050 W<\/li>\n<li><strong>Broj obrtaja u praznom hodu:<\/strong> 0-2500 rpm<\/li>\n<li><strong>Hod reznog alata:<\/strong> 28 mm<\/li>\n<li><strong>Kapacitet rezanja:<\/strong> 150 mm<\/li>\n<li><strong>Masa:<\/strong> 3.82 kg<\/li>\n<\/ul>\n<h5><strong>Oprema:<\/strong><\/h5>\n<ul>\n<li>List pile za drvo<\/li>\n<li>List pile za metal<\/li>\n<\/ul>\n<h5><strong>Dodatne informacije:<\/strong><\/h5>\n<p><em>EAN: 8605032610108<\/em><\/p>\n<p><em>SKU: 725761<\/em><\/p>\n<p><span style=\"text-decoration: underline\"><em><a href=\"https:\/\/olx.ba\/artikal\/66050895\">Ovaj artikal mo\u017eete pogledati i na na\u0161em OLX profilu, klikom na ovaj tekst.<\/a><\/em><\/span><\/p>\n<\/div>\n<\/div>\n<\/div>\n<\/div>\n","protected":false},"excerpt":{"rendered":"<p>Elektri\u010dna pila s ulaznom snagom od 1050 W pru\u017ea visoku efikasnost i preciznost za rezanje drva i metala. Jednostavna za<\/p>\n","protected":false},"featured_media":25391,"comment_status":"open","ping_status":"closed","template":"","meta":[],"product_brand":[],"product_cat":[1300],"product_tag":[],"class_list":{"0":"post-25389","1":"product","2":"type-product","3":"status-publish","4":"has-post-thumbnail","6":"product_cat-reciprocne-pile-lisiciji-rep","8":"first","9":"outofstock","10":"shipping-taxable","11":"purchasable","12":"product-type-simple"},"wooqr_code":"","_links":{"self":[{"href":"https:\/\/www.gkboje.ba\/en\/wp-json\/wp\/v2\/product\/25389","targetHints":{"allow":["GET"]}}],"collection":[{"href":"https:\/\/www.gkboje.ba\/en\/wp-json\/wp\/v2\/product"}],"about":[{"href":"https:\/\/www.gkboje.ba\/en\/wp-json\/wp\/v2\/types\/product"}],"replies":[{"embeddable":true,"href":"https:\/\/www.gkboje.ba\/en\/wp-json\/wp\/v2\/comments?post=25389"}],"version-history":[{"count":4,"href":"https:\/\/www.gkboje.ba\/en\/wp-json\/wp\/v2\/product\/25389\/revisions"}],"predecessor-version":[{"id":25984,"href":"https:\/\/www.gkboje.ba\/en\/wp-json\/wp\/v2\/product\/25389\/revisions\/25984"}],"wp:featuredmedia":[{"embeddable":true,"href":"https:\/\/www.gkboje.ba\/en\/wp-json\/wp\/v2\/media\/25391"}],"wp:attachment":[{"href":"https:\/\/www.gkboje.ba\/en\/wp-json\/wp\/v2\/media?parent=25389"}],"wp:term":[{"taxonomy":"product_brand","embeddable":true,"href":"https:\/\/www.gkboje.ba\/en\/wp-json\/wp\/v2\/product_brand?post=25389"},{"taxonomy":"product_cat","embeddable":true,"href":"https:\/\/www.gkboje.ba\/en\/wp-json\/wp\/v2\/product_cat?post=25389"},{"taxonomy":"product_tag","embeddable":true,"href":"https:\/\/www.gkboje.ba\/en\/wp-json\/wp\/v2\/product_tag?post=25389"}],"curies":[{"name":"wp","href":"https:\/\/api.w.org\/{rel}","templated":true}]}}