{"id":25381,"date":"2025-01-04T14:12:50","date_gmt":"2025-01-04T13:12:50","guid":{"rendered":"https:\/\/www.gkboje.ba\/?post_type=product&#038;p=25381"},"modified":"2025-07-30T12:35:05","modified_gmt":"2025-07-30T10:35:05","slug":"villager-udarna-vibracijska-busilica-vln-257-710-w","status":"publish","type":"product","link":"https:\/\/www.gkboje.ba\/en\/proizvod\/villager-udarna-vibracijska-busilica-vln-257-710-w\/","title":{"rendered":"VILLAGER Udarna \u2013 vibracijska bu\u0161ilica VLN 257 &#8211; 710 W"},"content":{"rendered":"<p>Elektri\u010dna bu\u0161ilica od 710 W, idealna za radove na \u010deliku, betonu i drvetu. Dizajnirana za preciznost i dugotrajnost, savr\u0161ena je za doma\u0107e i profesionalne primjene.<\/p>\n<h5><strong>Karakteristike:<\/strong><\/h5>\n<ul>\n<li><strong>Radni napon:<\/strong> 230 V ~ 50 Hz<\/li>\n<li><strong>Tip elektromotora:<\/strong> Kolektorski elektromotor<\/li>\n<li><strong>Ulazna snaga:<\/strong> 710 W<\/li>\n<li><strong>Broj obrtaja u praznom hodu:<\/strong> 0 &#8211; 2800 rpm<\/li>\n<li><strong>Broj udaraca u praznom hodu:<\/strong> 0 &#8211; 44800 rpm<\/li>\n<li><strong>Prihvat alata:<\/strong> 0.8 &#8211; 13 mm<\/li>\n<li><strong>Kapacitet bu\u0161enja \u010delika:<\/strong> 10 mm<\/li>\n<li><strong>Kapacitet bu\u0161enja betona:<\/strong> 13 mm<\/li>\n<li><strong>Kapacitet bu\u0161enja drveta:<\/strong> 25 mm<\/li>\n<li><strong>Masa:<\/strong> 2.3 kg<\/li>\n<\/ul>\n<h5><strong>Prate\u0107a oprema:<\/strong><\/h5>\n<ul>\n<li>Podesiva ru\u010dka<\/li>\n<li>Grani\u010dnik dubine<\/li>\n<\/ul>\n<h5><strong>Dodatne informacije:<\/strong><\/h5>\n<p><em>EAN: 8605032612355<\/em><\/p>\n<p><em>SKU: 723914<\/em><\/p>\n<p><span style=\"text-decoration: underline\"><em><a href=\"https:\/\/olx.ba\/artikal\/66050809\">Ovaj artikal mo\u017eete pogledati i na na\u0161em OLX profilu, klikom na ovaj tekst.<\/a><\/em><\/span><\/p>\n","protected":false},"excerpt":{"rendered":"<p>Elektri\u010dna bu\u0161ilica od 710 W, idealna za radove na \u010deliku, betonu i drvetu. Dizajnirana za preciznost i dugotrajnost, savr\u0161ena je<\/p>\n","protected":false},"featured_media":25382,"comment_status":"open","ping_status":"closed","template":"","meta":[],"product_brand":[],"product_cat":[701],"product_tag":[],"class_list":{"0":"post-25381","1":"product","2":"type-product","3":"status-publish","4":"has-post-thumbnail","6":"product_cat-udarne-busilice","8":"first","9":"instock","10":"shipping-taxable","11":"purchasable","12":"product-type-simple"},"wooqr_code":"","_links":{"self":[{"href":"https:\/\/www.gkboje.ba\/en\/wp-json\/wp\/v2\/product\/25381","targetHints":{"allow":["GET"]}}],"collection":[{"href":"https:\/\/www.gkboje.ba\/en\/wp-json\/wp\/v2\/product"}],"about":[{"href":"https:\/\/www.gkboje.ba\/en\/wp-json\/wp\/v2\/types\/product"}],"replies":[{"embeddable":true,"href":"https:\/\/www.gkboje.ba\/en\/wp-json\/wp\/v2\/comments?post=25381"}],"version-history":[{"count":5,"href":"https:\/\/www.gkboje.ba\/en\/wp-json\/wp\/v2\/product\/25381\/revisions"}],"predecessor-version":[{"id":25983,"href":"https:\/\/www.gkboje.ba\/en\/wp-json\/wp\/v2\/product\/25381\/revisions\/25983"}],"wp:featuredmedia":[{"embeddable":true,"href":"https:\/\/www.gkboje.ba\/en\/wp-json\/wp\/v2\/media\/25382"}],"wp:attachment":[{"href":"https:\/\/www.gkboje.ba\/en\/wp-json\/wp\/v2\/media?parent=25381"}],"wp:term":[{"taxonomy":"product_brand","embeddable":true,"href":"https:\/\/www.gkboje.ba\/en\/wp-json\/wp\/v2\/product_brand?post=25381"},{"taxonomy":"product_cat","embeddable":true,"href":"https:\/\/www.gkboje.ba\/en\/wp-json\/wp\/v2\/product_cat?post=25381"},{"taxonomy":"product_tag","embeddable":true,"href":"https:\/\/www.gkboje.ba\/en\/wp-json\/wp\/v2\/product_tag?post=25381"}],"curies":[{"name":"wp","href":"https:\/\/api.w.org\/{rel}","templated":true}]}}