{"id":25369,"date":"2025-01-04T14:01:29","date_gmt":"2025-01-04T13:01:29","guid":{"rendered":"https:\/\/www.gkboje.ba\/?post_type=product&#038;p=25369"},"modified":"2025-07-30T12:35:04","modified_gmt":"2025-07-30T10:35:04","slug":"villager-udarna-vibracijska-busilica-vln-255-550-w","status":"publish","type":"product","link":"https:\/\/www.gkboje.ba\/en\/proizvod\/villager-udarna-vibracijska-busilica-vln-255-550-w\/","title":{"rendered":"VILLAGER Udarna &#8211; vibracijska bu\u0161ilica VLN 255 &#8211; 550 W"},"content":{"rendered":"<p>Elektri\u010dna bu\u0161ilica od 550 W, idealna za precizne radove na \u010deliku, betonu i drvetu. Kompaktan dizajn i jednostavna upotreba \u010dine je pogodnom za doma\u0107instva i radionice.<\/p>\n<h5><strong>Karakteristike:<\/strong><\/h5>\n<ul>\n<li><strong>Radni napon:<\/strong> 230 V ~ 50 Hz<\/li>\n<li><strong>Tip elektromotora:<\/strong> Kolektorski elektromotor<\/li>\n<li><strong>Ulazna snaga:<\/strong> 550 W<\/li>\n<li><strong>Broj obrtaja u praznom hodu:<\/strong> 0 &#8211; 2800 rpm<\/li>\n<li><strong>Broj udaraca u praznom hodu:<\/strong> 0 &#8211; 44800 rpm<\/li>\n<li><strong>Prihvat alata:<\/strong> 0.8 &#8211; 13 mm<\/li>\n<li><strong>Kapacitet bu\u0161enja \u010delika:<\/strong> 10 mm<\/li>\n<li><strong>Kapacitet bu\u0161enja betona:<\/strong> 13 mm<\/li>\n<li><strong>Kapacitet bu\u0161enja drveta:<\/strong> 20 mm<\/li>\n<li><strong>Masa:<\/strong> 2.15 kg<\/li>\n<\/ul>\n<h5><strong>Prate\u0107a oprema:<\/strong><\/h5>\n<ul>\n<li>Podesiva ru\u010dka<\/li>\n<li>Grani\u010dnik dubine<\/li>\n<\/ul>\n<h5><strong>Dodatne informacije:<\/strong><\/h5>\n<p><em>EAN: 8605032612348<\/em><\/p>\n<p><em>SKU: 720203<\/em><\/p>\n<p><span style=\"text-decoration: underline\"><em><a href=\"https:\/\/olx.ba\/artikal\/66050745\">Ovaj artikal mo\u017eete pogledati i na na\u0161em OLX profilu, klikom na ovaj tekst.<\/a><\/em><\/span><\/p>\n","protected":false},"excerpt":{"rendered":"<p>Elektri\u010dna bu\u0161ilica od 550 W, idealna za precizne radove na \u010deliku, betonu i drvetu. Kompaktan dizajn i jednostavna upotreba \u010dine<\/p>\n","protected":false},"featured_media":25371,"comment_status":"open","ping_status":"closed","template":"","meta":[],"product_brand":[],"product_cat":[701],"product_tag":[],"class_list":{"0":"post-25369","1":"product","2":"type-product","3":"status-publish","4":"has-post-thumbnail","6":"product_cat-udarne-busilice","8":"first","9":"instock","10":"shipping-taxable","11":"purchasable","12":"product-type-simple"},"wooqr_code":"","_links":{"self":[{"href":"https:\/\/www.gkboje.ba\/en\/wp-json\/wp\/v2\/product\/25369","targetHints":{"allow":["GET"]}}],"collection":[{"href":"https:\/\/www.gkboje.ba\/en\/wp-json\/wp\/v2\/product"}],"about":[{"href":"https:\/\/www.gkboje.ba\/en\/wp-json\/wp\/v2\/types\/product"}],"replies":[{"embeddable":true,"href":"https:\/\/www.gkboje.ba\/en\/wp-json\/wp\/v2\/comments?post=25369"}],"version-history":[{"count":4,"href":"https:\/\/www.gkboje.ba\/en\/wp-json\/wp\/v2\/product\/25369\/revisions"}],"predecessor-version":[{"id":25982,"href":"https:\/\/www.gkboje.ba\/en\/wp-json\/wp\/v2\/product\/25369\/revisions\/25982"}],"wp:featuredmedia":[{"embeddable":true,"href":"https:\/\/www.gkboje.ba\/en\/wp-json\/wp\/v2\/media\/25371"}],"wp:attachment":[{"href":"https:\/\/www.gkboje.ba\/en\/wp-json\/wp\/v2\/media?parent=25369"}],"wp:term":[{"taxonomy":"product_brand","embeddable":true,"href":"https:\/\/www.gkboje.ba\/en\/wp-json\/wp\/v2\/product_brand?post=25369"},{"taxonomy":"product_cat","embeddable":true,"href":"https:\/\/www.gkboje.ba\/en\/wp-json\/wp\/v2\/product_cat?post=25369"},{"taxonomy":"product_tag","embeddable":true,"href":"https:\/\/www.gkboje.ba\/en\/wp-json\/wp\/v2\/product_tag?post=25369"}],"curies":[{"name":"wp","href":"https:\/\/api.w.org\/{rel}","templated":true}]}}