{"id":25360,"date":"2025-01-04T13:45:17","date_gmt":"2025-01-04T12:45:17","guid":{"rendered":"https:\/\/www.gkboje.ba\/?post_type=product&#038;p=25360"},"modified":"2025-07-30T12:35:04","modified_gmt":"2025-07-30T10:35:04","slug":"villager-udarna-vibracijska-busilica-vln-253-500-w","status":"publish","type":"product","link":"https:\/\/www.gkboje.ba\/en\/proizvod\/villager-udarna-vibracijska-busilica-vln-253-500-w\/","title":{"rendered":"VILLAGER Udarna &#8211; vibracijska bu\u0161ilica VLN 253 &#8211; 500 W"},"content":{"rendered":"<div class=\"flex-shrink-0 flex flex-col relative items-end\">\n<div>\n<div class=\"pt-0\">\n<div class=\"gizmo-bot-avatar flex h-8 w-8 items-center justify-center overflow-hidden rounded-full\">Elektri\u010dna bu\u0161ilica dizajnirana za precizne radove na \u010deliku, betonu i drvetu. Idealna za doma\u0107instva i radionice.<\/div>\n<\/div>\n<\/div>\n<\/div>\n<div class=\"group\/conversation-turn relative flex w-full min-w-0 flex-col agent-turn\">\n<div class=\"flex-col gap-1 md:gap-3\">\n<div class=\"flex max-w-full flex-col flex-grow\">\n<div class=\"min-h-8 text-message flex w-full flex-col items-end gap-2 whitespace-normal break-words text-start [.text-message+&amp;]:mt-5\" dir=\"auto\" data-message-author-role=\"assistant\" data-message-id=\"ebe28bf4-1f96-4357-b2e5-20d4769a7b1a\" data-message-model-slug=\"gpt-4o\">\n<div class=\"flex w-full flex-col gap-1 empty:hidden first:pt-[3px]\">\n<div class=\"markdown prose w-full break-words dark:prose-invert dark\">\n<h5><strong>Karakteristike:<\/strong><\/h5>\n<ul>\n<li><strong>Radni napon:<\/strong> 230 V ~ 50 Hz<\/li>\n<li><strong>Tip elektromotora:<\/strong> Kolektorski elektromotor<\/li>\n<li><strong>Ulazna snaga:<\/strong> 500 W<\/li>\n<li><strong>Broj obrtaja u praznom hodu:<\/strong> 0 &#8211; 2800 rpm<\/li>\n<li><strong>Broj udaraca u praznom hodu:<\/strong> 0 &#8211; 44800 ipm<\/li>\n<li><strong>Prihvat alata:<\/strong> 0.8 &#8211; 13 mm<\/li>\n<li><strong>Kapacitet bu\u0161enja \u010delika:<\/strong> 10 mm<\/li>\n<li><strong>Kapacitet bu\u0161enja betona:<\/strong> 13 mm<\/li>\n<li><strong>Kapacitet bu\u0161enja drveta:<\/strong> 20 mm<\/li>\n<li><strong>Masa:<\/strong> 2.1 kg<\/li>\n<\/ul>\n<h5><strong>Prate\u0107a oprema:<\/strong><\/h5>\n<ul>\n<li>Podesiva ru\u010dka<\/li>\n<li>Grani\u010dnik dubine<\/li>\n<li>Klju\u010d za futer<\/li>\n<\/ul>\n<h5><strong>Dodatne informacije:<\/strong><\/h5>\n<p><em>EAN: 8605032612331<\/em><\/p>\n<p><em>SKU: 725747<\/em><\/p>\n<p><span style=\"text-decoration: underline\"><em><a href=\"https:\/\/olx.ba\/artikal\/66050649\">Ovaj artikal mo\u017eete pogledati i na na\u0161em OLX profilu, klikom na ovaj tekst.<\/a><\/em><\/span><\/p>\n<\/div>\n<\/div>\n<\/div>\n<\/div>\n<\/div>\n<\/div>\n","protected":false},"excerpt":{"rendered":"<p>Elektri\u010dna bu\u0161ilica dizajnirana za precizne radove na \u010deliku, betonu i drvetu. Idealna za doma\u0107instva i radionice. Karakteristike: Radni napon: 230<\/p>\n","protected":false},"featured_media":25361,"comment_status":"open","ping_status":"closed","template":"","meta":[],"product_brand":[],"product_cat":[701],"product_tag":[],"class_list":{"0":"post-25360","1":"product","2":"type-product","3":"status-publish","4":"has-post-thumbnail","6":"product_cat-udarne-busilice","8":"first","9":"instock","10":"shipping-taxable","11":"purchasable","12":"product-type-simple"},"wooqr_code":"","_links":{"self":[{"href":"https:\/\/www.gkboje.ba\/en\/wp-json\/wp\/v2\/product\/25360","targetHints":{"allow":["GET"]}}],"collection":[{"href":"https:\/\/www.gkboje.ba\/en\/wp-json\/wp\/v2\/product"}],"about":[{"href":"https:\/\/www.gkboje.ba\/en\/wp-json\/wp\/v2\/types\/product"}],"replies":[{"embeddable":true,"href":"https:\/\/www.gkboje.ba\/en\/wp-json\/wp\/v2\/comments?post=25360"}],"version-history":[{"count":7,"href":"https:\/\/www.gkboje.ba\/en\/wp-json\/wp\/v2\/product\/25360\/revisions"}],"predecessor-version":[{"id":25981,"href":"https:\/\/www.gkboje.ba\/en\/wp-json\/wp\/v2\/product\/25360\/revisions\/25981"}],"wp:featuredmedia":[{"embeddable":true,"href":"https:\/\/www.gkboje.ba\/en\/wp-json\/wp\/v2\/media\/25361"}],"wp:attachment":[{"href":"https:\/\/www.gkboje.ba\/en\/wp-json\/wp\/v2\/media?parent=25360"}],"wp:term":[{"taxonomy":"product_brand","embeddable":true,"href":"https:\/\/www.gkboje.ba\/en\/wp-json\/wp\/v2\/product_brand?post=25360"},{"taxonomy":"product_cat","embeddable":true,"href":"https:\/\/www.gkboje.ba\/en\/wp-json\/wp\/v2\/product_cat?post=25360"},{"taxonomy":"product_tag","embeddable":true,"href":"https:\/\/www.gkboje.ba\/en\/wp-json\/wp\/v2\/product_tag?post=25360"}],"curies":[{"name":"wp","href":"https:\/\/api.w.org\/{rel}","templated":true}]}}