{"id":25340,"date":"2025-01-04T12:45:09","date_gmt":"2025-01-04T11:45:09","guid":{"rendered":"https:\/\/www.gkboje.ba\/?post_type=product&#038;p=25340"},"modified":"2026-01-03T12:09:46","modified_gmt":"2026-01-03T11:09:46","slug":"villager-aku-busilica-odvijac-fuse-vlp-5120-2bsc-set-2x-baterija-2-ah-punjac","status":"publish","type":"product","link":"https:\/\/www.gkboje.ba\/en\/proizvod\/villager-aku-busilica-odvijac-fuse-vlp-5120-2bsc-set-2x-baterija-2-ah-punjac\/","title":{"rendered":"VILLAGER Aku bu\u0161ilica \u2013 odvija\u010d Fuse VLP 5120-2BSC (Set 2x baterija 2 Ah + punja\u010d)"},"content":{"rendered":"<p><strong>Fuse VLP 5120<\/strong> je bu\u0161ilica s \u010deki\u0107em, opremljena indukcijskim elektromotorom koji isporu\u010duje veliku snagu za razne poslove u doma\u0107instvu, radionici i na gradili\u0161tu. Pouzdan je i jednostavan za upotrebu.<\/p>\n<h5><strong>Karakteristike:<\/strong><\/h5>\n<ul>\n<li><strong>Tip baterije:<\/strong> Fuse 18 V, Li-ion<\/li>\n<li><strong>Tip elektromotora:<\/strong> Indukcijski elektromotor<\/li>\n<li><strong>Napon:<\/strong> 18 V<\/li>\n<li><strong>Prihvat alata:<\/strong> Futer: 0.8 &#8211; 13 mm<\/li>\n<li><strong>Broj obrtaja u praznom hodu:<\/strong> 0 &#8211; 500 rpm \/ 0 &#8211; 1800 rpm<\/li>\n<li><strong>Broj udaraca u praznom hodu:<\/strong> 0 &#8211; 25600 ipm<\/li>\n<li><strong>Obrtni moment:<\/strong> 60 Nm<\/li>\n<li><strong>Masa:<\/strong> 4.74 kg<\/li>\n<li><strong>Autonomija s baterijom 1.5 Ah:<\/strong> Vijak za drvo 6 mm \u00d7 60 mm &#8211; 140<\/li>\n<li><strong>Autonomija s baterijom 2 Ah:<\/strong> Vijak za drvo 6 mm \u00d7 60 mm &#8211; 180<\/li>\n<li><strong>Autonomija s baterijom 3 Ah:<\/strong> Vijak za drvo 6 mm \u00d7 60 mm &#8211; 270<\/li>\n<li><strong>Autonomija s baterijom 4 Ah:<\/strong> Vijak za drvo 6 mm \u00d7 60 mm &#8211; 360<\/li>\n<\/ul>\n<h5><strong>Uz artikal u paketu je isporu\u010deno:<\/strong><\/h5>\n<ul>\n<li>2 \u00d7 baterija 2 Ah<\/li>\n<li>Punja\u010d 2.4 A<\/li>\n<li>Set nastavaka<\/li>\n<li>Kofer<\/li>\n<\/ul>\n<h5><strong>Napomena:<\/strong><\/h5>\n<p>Ure\u0111aj se isporu\u010duje sa punja\u010dem i baterijama.<\/p>\n<h5><strong>Villager\u00ae FUSE\u2122 Battery Program<\/strong><\/h5>\n<p>Villager\u00ae predstavlja novu generaciju baterijskog programa <strong>FUSE\u2122<\/strong>. Nova linija proizvoda opremljena je naprednom PC plo\u010dom koja pru\u017ea visok nivo za\u0161tite ure\u0111aja.<\/p>\n<p><strong>Za\u0161titne funkcije FUSE\u2122 baterija:<\/strong><\/p>\n<ul>\n<li><strong>Za\u0161tita od prepunjenja:<\/strong><br \/>\nKada baterija dostigne pun kapacitet, punja\u010d se automatski isklju\u010duje, \u0161tite\u0107i unutra\u0161nje komponente baterije od o\u0161te\u0107enja.<\/li>\n<li><strong>Za\u0161tita od pra\u017enjenja:<\/strong><br \/>\nKada nivo baterije dostigne kriti\u010dnih 10%, indikator pra\u017enjenja automatski isklju\u010duje sve ure\u0111aje koji tro\u0161e energiju kako bi sprije\u010dio mogu\u0107i &#8220;memory efekt&#8221; i produ\u017eio vijek trajanja baterije.<\/li>\n<li><strong>Za\u0161tita od pregrijavanja:<\/strong><br \/>\nBaterija posjeduje unutra\u0161nji termistor senzor koji prekida ciklus punjenja ili rada ako do\u0111e do pregrijavanja. Pregrijavanje se naj\u010de\u0161\u0107e de\u0161ava zbog neispravnosti punja\u010da ili usljed intenzivnog rada u zahtjevnim uvjetima. Hla\u0111enje obi\u010dno traje do 30 minuta, zavisno o temperaturi okoline i tipu obavljanog posla.<\/li>\n<li><strong>Za\u0161tita od previsokog napona:<\/strong><br \/>\nAko za\u0161tita od prepunjenja zaka\u017ee i baterija postane prezasi\u0107ena, baterija \u0107e se privremeno isklju\u010diti kako bi za\u0161titila unutra\u0161nje komponente. Nakon nekoliko sekundi, kada se naponski nivo stabilizuje, baterija nastavlja s radom.<\/li>\n<li><strong>Za\u0161tita od kratkog spoja:<\/strong><br \/>\nU slu\u010daju kratkog spoja, za\u0161titnik baterije odmah prekida rad. Time se osigurava da unutra\u0161nje komponente baterije i ure\u0111aja ostanu neo\u0161te\u0107ene.<\/li>\n<\/ul>\n<h5><strong>Dodatne informacije:<\/strong><\/h5>\n<p><em>EAN: 8605032611464<\/em><\/p>\n<p><em>SKU: 720453<\/em><\/p>\n<p><span style=\"text-decoration: underline\"><em><a href=\"https:\/\/olx.ba\/artikal\/66050309\">Ovaj artikal mo\u017eete pogledati i na na\u0161em OLX profilu, klikom na ovaj tekst.<\/a><\/em><\/span><\/p>\n","protected":false},"excerpt":{"rendered":"<p>Fuse VLP 5120 je bu\u0161ilica s \u010deki\u0107em, opremljena indukcijskim elektromotorom koji isporu\u010duje veliku snagu za razne poslove u doma\u0107instvu, radionici<\/p>\n","protected":false},"featured_media":25343,"comment_status":"open","ping_status":"closed","template":"","meta":[],"product_brand":[],"product_cat":[712],"product_tag":[],"class_list":{"0":"post-25340","1":"product","2":"type-product","3":"status-publish","4":"has-post-thumbnail","6":"product_cat-aku-busilice-odvijaci","8":"first","9":"instock","10":"sale","11":"shipping-taxable","12":"purchasable","13":"product-type-simple"},"wooqr_code":"","_links":{"self":[{"href":"https:\/\/www.gkboje.ba\/en\/wp-json\/wp\/v2\/product\/25340","targetHints":{"allow":["GET"]}}],"collection":[{"href":"https:\/\/www.gkboje.ba\/en\/wp-json\/wp\/v2\/product"}],"about":[{"href":"https:\/\/www.gkboje.ba\/en\/wp-json\/wp\/v2\/types\/product"}],"replies":[{"embeddable":true,"href":"https:\/\/www.gkboje.ba\/en\/wp-json\/wp\/v2\/comments?post=25340"}],"version-history":[{"count":6,"href":"https:\/\/www.gkboje.ba\/en\/wp-json\/wp\/v2\/product\/25340\/revisions"}],"predecessor-version":[{"id":25980,"href":"https:\/\/www.gkboje.ba\/en\/wp-json\/wp\/v2\/product\/25340\/revisions\/25980"}],"wp:featuredmedia":[{"embeddable":true,"href":"https:\/\/www.gkboje.ba\/en\/wp-json\/wp\/v2\/media\/25343"}],"wp:attachment":[{"href":"https:\/\/www.gkboje.ba\/en\/wp-json\/wp\/v2\/media?parent=25340"}],"wp:term":[{"taxonomy":"product_brand","embeddable":true,"href":"https:\/\/www.gkboje.ba\/en\/wp-json\/wp\/v2\/product_brand?post=25340"},{"taxonomy":"product_cat","embeddable":true,"href":"https:\/\/www.gkboje.ba\/en\/wp-json\/wp\/v2\/product_cat?post=25340"},{"taxonomy":"product_tag","embeddable":true,"href":"https:\/\/www.gkboje.ba\/en\/wp-json\/wp\/v2\/product_tag?post=25340"}],"curies":[{"name":"wp","href":"https:\/\/api.w.org\/{rel}","templated":true}]}}