{"id":25220,"date":"2024-12-28T15:06:15","date_gmt":"2024-12-28T14:06:15","guid":{"rendered":"https:\/\/www.gkboje.ba\/?post_type=product&#038;p=25220"},"modified":"2025-07-30T12:35:03","modified_gmt":"2025-07-30T10:35:03","slug":"villager-fuse-aku-udarni-odvijac-zavrtac-vlp-5720-solo","status":"publish","type":"product","link":"https:\/\/www.gkboje.ba\/en\/proizvod\/villager-fuse-aku-udarni-odvijac-zavrtac-vlp-5720-solo\/","title":{"rendered":"VILLAGER Aku udarni odvija\u010d &#8211; zavrta\u010d Fuse VLP 5720 (Solo)"},"content":{"rendered":"<p><strong>Fuse VLP 5720<\/strong> je udarni zavija\u010d dizajniran za isporuku velike koli\u010dine sile. Obrtni moment se lako pode\u0161ava pomo\u0107u dugmeta za biranje.<\/p>\n<h5><strong>Karakteristike:<\/strong><\/h5>\n<ul>\n<li><strong>Kategorija:<\/strong> Akumulatorski udarni zavija\u010di<\/li>\n<li><strong>Tip elektromotora:<\/strong> Indukcijski elektromotor<\/li>\n<li><strong>Prihvat alata:<\/strong> Drive: \u00bd\u201d \u010detvrtasti<\/li>\n<li><strong>Broj obrtaja u praznom hodu:<\/strong> 0 &#8211; 2300 rpm<\/li>\n<li><strong>Broj udaraca:<\/strong> 0 &#8211; 3300 ipm<\/li>\n<li><strong>Obrtni moment:<\/strong> 100 &#8211; 400 Nm<\/li>\n<li><strong>Masa:<\/strong> 2 kg<\/li>\n<li><strong>Autonomija s baterijom 1.5 Ah:<\/strong> Broj zavrtanja M22 &#8211; 150<\/li>\n<li><strong>Autonomija s baterijom 2 Ah:<\/strong> Broj zavrtanja M22 &#8211; 200<\/li>\n<li><strong>Autonomija s baterijom 3 Ah:<\/strong> Broj zavrtanja M22 &#8211; 300<\/li>\n<li><strong>Autonomija s baterijom 4 Ah:<\/strong> Broj zavrtanja M22 &#8211; 400<\/li>\n<\/ul>\n<h5><strong>Napomena:<\/strong><\/h5>\n<p>Ure\u0111aj se isporu\u010duje bez punja\u010da i baterije.<\/p>\n<h5><strong>Villager\u00ae FUSE\u2122 Battery Program<\/strong><\/h5>\n<p>Villager\u00ae predstavlja novu generaciju baterijskog programa <strong>FUSE\u2122<\/strong>. Nova linija proizvoda opremljena je naprednom PC plo\u010dom koja pru\u017ea visok nivo za\u0161tite ure\u0111aja.<\/p>\n<p><strong>Za\u0161titne funkcije FUSE\u2122 baterija:<\/strong><\/p>\n<ul>\n<li><strong>Za\u0161tita od prepunjenja:<\/strong><br \/>\nKada baterija dostigne pun kapacitet, punja\u010d se automatski isklju\u010duje, \u0161tite\u0107i unutra\u0161nje komponente baterije od o\u0161te\u0107enja.<\/li>\n<li><strong>Za\u0161tita od pra\u017enjenja:<\/strong><br \/>\nKada nivo baterije dostigne kriti\u010dnih 10%, indikator pra\u017enjenja automatski isklju\u010duje sve ure\u0111aje koji tro\u0161e energiju kako bi sprije\u010dio mogu\u0107i &#8220;memory efekt&#8221; i produ\u017eio vijek trajanja baterije.<\/li>\n<li><strong>Za\u0161tita od pregrijavanja:<\/strong><br \/>\nBaterija posjeduje unutra\u0161nji termistor senzor koji prekida ciklus punjenja ili rada ako do\u0111e do pregrijavanja. Pregrijavanje se naj\u010de\u0161\u0107e de\u0161ava zbog neispravnosti punja\u010da ili usljed intenzivnog rada u zahtjevnim uvjetima. Hla\u0111enje obi\u010dno traje do 30 minuta, zavisno o temperaturi okoline i tipu obavljanog posla.<\/li>\n<li><strong>Za\u0161tita od previsokog napona:<\/strong><br \/>\nAko za\u0161tita od prepunjenja zaka\u017ee i baterija postane prezasi\u0107ena, baterija \u0107e se privremeno isklju\u010diti kako bi za\u0161titila unutra\u0161nje komponente. Nakon nekoliko sekundi, kada se naponski nivo stabilizuje, baterija nastavlja s radom.<\/li>\n<li><strong>Za\u0161tita od kratkog spoja:<\/strong><br \/>\nU slu\u010daju kratkog spoja, za\u0161titnik baterije odmah prekida rad. Time se osigurava da unutra\u0161nje komponente baterije i ure\u0111aja ostanu neo\u0161te\u0107ene.<\/li>\n<\/ul>\n<h5><strong>Dodatne informacije:<\/strong><\/h5>\n<p><em>EAN: 8605032616414<\/em><\/p>\n<p><em>SKU: 727616<\/em><\/p>\n<p><span style=\"text-decoration: underline\"><em><a href=\"https:\/\/olx.ba\/artikal\/66048151\">Ovaj artikal mo\u017eete pogledati i na na\u0161em OLX profilu, klikom na ovaj tekst.<\/a><\/em><\/span><\/p>\n","protected":false},"excerpt":{"rendered":"<p>Fuse VLP 5720 je udarni zavija\u010d dizajniran za isporuku velike koli\u010dine sile. Obrtni moment se lako pode\u0161ava pomo\u0107u dugmeta za<\/p>\n","protected":false},"featured_media":25244,"comment_status":"open","ping_status":"closed","template":"","meta":[],"product_brand":[],"product_cat":[708],"product_tag":[],"class_list":{"0":"post-25220","1":"product","2":"type-product","3":"status-publish","4":"has-post-thumbnail","6":"product_cat-aku-udarni-odvijaci-zavrtaci","8":"first","9":"instock","10":"shipping-taxable","11":"purchasable","12":"product-type-simple"},"wooqr_code":"","_links":{"self":[{"href":"https:\/\/www.gkboje.ba\/en\/wp-json\/wp\/v2\/product\/25220","targetHints":{"allow":["GET"]}}],"collection":[{"href":"https:\/\/www.gkboje.ba\/en\/wp-json\/wp\/v2\/product"}],"about":[{"href":"https:\/\/www.gkboje.ba\/en\/wp-json\/wp\/v2\/types\/product"}],"replies":[{"embeddable":true,"href":"https:\/\/www.gkboje.ba\/en\/wp-json\/wp\/v2\/comments?post=25220"}],"version-history":[{"count":4,"href":"https:\/\/www.gkboje.ba\/en\/wp-json\/wp\/v2\/product\/25220\/revisions"}],"predecessor-version":[{"id":25975,"href":"https:\/\/www.gkboje.ba\/en\/wp-json\/wp\/v2\/product\/25220\/revisions\/25975"}],"wp:featuredmedia":[{"embeddable":true,"href":"https:\/\/www.gkboje.ba\/en\/wp-json\/wp\/v2\/media\/25244"}],"wp:attachment":[{"href":"https:\/\/www.gkboje.ba\/en\/wp-json\/wp\/v2\/media?parent=25220"}],"wp:term":[{"taxonomy":"product_brand","embeddable":true,"href":"https:\/\/www.gkboje.ba\/en\/wp-json\/wp\/v2\/product_brand?post=25220"},{"taxonomy":"product_cat","embeddable":true,"href":"https:\/\/www.gkboje.ba\/en\/wp-json\/wp\/v2\/product_cat?post=25220"},{"taxonomy":"product_tag","embeddable":true,"href":"https:\/\/www.gkboje.ba\/en\/wp-json\/wp\/v2\/product_tag?post=25220"}],"curies":[{"name":"wp","href":"https:\/\/api.w.org\/{rel}","templated":true}]}}