{"id":25184,"date":"2024-12-28T11:50:34","date_gmt":"2024-12-28T10:50:34","guid":{"rendered":"https:\/\/www.gkboje.ba\/?post_type=product&#038;p=25184"},"modified":"2025-04-03T09:57:05","modified_gmt":"2025-04-03T07:57:05","slug":"villager-usisivac-za-suho-i-mokro-usisavanje-villyvac-40-dws","status":"publish","type":"product","link":"https:\/\/www.gkboje.ba\/en\/proizvod\/villager-usisivac-za-suho-i-mokro-usisavanje-villyvac-40-dws\/","title":{"rendered":"VILLAGER Usisiva\u010d za suho i mokro usisavanje VillyVac 40 DWS"},"content":{"rendered":"<p>Villager usisiva\u010di su odli\u010dni za suho i vla\u017eno usisavanje. Jaki motori, visok protok vazduha i jaka usisna snaga, zajedno s odgovaraju\u0107im nastavcima, omogu\u0107avaju efikasno \u010di\u0161\u0107enje svih mrlja.<\/p>\n<h5><strong>Karakteristike:<\/strong><\/h5>\n<ul>\n<li><strong>Kategorija:<\/strong> Usisiva\u010di<\/li>\n<li><strong>Tip elektromotora:<\/strong> Kolektorski elektromotor<\/li>\n<li><strong>Napon:<\/strong> 230 V ~ 50 Hz<\/li>\n<li><strong>Priklju\u010dna snaga:<\/strong> 1200 W<\/li>\n<li><strong>Du\u017eina kabla:<\/strong> 8 m<\/li>\n<li><strong>Maksimalni vakum:<\/strong> 190 mbar<\/li>\n<li><strong>Zapremina posude:<\/strong> 40 l<\/li>\n<li><strong>Masa:<\/strong> 9.2 kg<\/li>\n<\/ul>\n<h5><strong>Dodatci:<\/strong><\/h5>\n<ul>\n<li>Plasti\u010dno crijevo 2 m<\/li>\n<li>Metalna teleskopska cijev<\/li>\n<li>\u010cetka za pod<\/li>\n<li>\u010cetka za suho i mokro usisavanje<\/li>\n<li>\u010cetka za tapacir<\/li>\n<li>Okrugla \u010detka<\/li>\n<li>Ravna mlaznica<\/li>\n<li>HEPA filter s mre\u017eom<\/li>\n<li>Vre\u0107a za pra\u0161inu<\/li>\n<li>Uti\u010dnica za alat<\/li>\n<\/ul>\n<h5><strong>Dodatne informacije:<\/strong><\/h5>\n<p><em>EAN: 8605032616490<\/em><\/p>\n<p><em>SKU: 730997<\/em><\/p>\n<p><span style=\"text-decoration: underline\"><em><a href=\"https:\/\/olx.ba\/artikal\/66046947\">Ovaj artikal mo\u017eete pogledati i na na\u0161em OLX profilu, klikom na ovaj tekst.<\/a><\/em><\/span><\/p>\n","protected":false},"excerpt":{"rendered":"<p>Villager usisiva\u010di su odli\u010dni za suho i vla\u017eno usisavanje. Jaki motori, visok protok vazduha i jaka usisna snaga, zajedno s<\/p>\n","protected":false},"featured_media":25182,"comment_status":"open","ping_status":"closed","template":"","meta":[],"product_brand":[],"product_cat":[1145],"product_tag":[],"class_list":{"0":"post-25184","1":"product","2":"type-product","3":"status-publish","4":"has-post-thumbnail","6":"product_cat-usisivaci-2","8":"first","9":"outofstock","10":"shipping-taxable","11":"purchasable","12":"product-type-simple"},"wooqr_code":"","_links":{"self":[{"href":"https:\/\/www.gkboje.ba\/en\/wp-json\/wp\/v2\/product\/25184","targetHints":{"allow":["GET"]}}],"collection":[{"href":"https:\/\/www.gkboje.ba\/en\/wp-json\/wp\/v2\/product"}],"about":[{"href":"https:\/\/www.gkboje.ba\/en\/wp-json\/wp\/v2\/types\/product"}],"replies":[{"embeddable":true,"href":"https:\/\/www.gkboje.ba\/en\/wp-json\/wp\/v2\/comments?post=25184"}],"version-history":[{"count":3,"href":"https:\/\/www.gkboje.ba\/en\/wp-json\/wp\/v2\/product\/25184\/revisions"}],"predecessor-version":[{"id":25970,"href":"https:\/\/www.gkboje.ba\/en\/wp-json\/wp\/v2\/product\/25184\/revisions\/25970"}],"wp:featuredmedia":[{"embeddable":true,"href":"https:\/\/www.gkboje.ba\/en\/wp-json\/wp\/v2\/media\/25182"}],"wp:attachment":[{"href":"https:\/\/www.gkboje.ba\/en\/wp-json\/wp\/v2\/media?parent=25184"}],"wp:term":[{"taxonomy":"product_brand","embeddable":true,"href":"https:\/\/www.gkboje.ba\/en\/wp-json\/wp\/v2\/product_brand?post=25184"},{"taxonomy":"product_cat","embeddable":true,"href":"https:\/\/www.gkboje.ba\/en\/wp-json\/wp\/v2\/product_cat?post=25184"},{"taxonomy":"product_tag","embeddable":true,"href":"https:\/\/www.gkboje.ba\/en\/wp-json\/wp\/v2\/product_tag?post=25184"}],"curies":[{"name":"wp","href":"https:\/\/api.w.org\/{rel}","templated":true}]}}