{"id":24992,"date":"2024-12-18T15:20:32","date_gmt":"2024-12-18T14:20:32","guid":{"rendered":"https:\/\/www.gkboje.ba\/?post_type=product&#038;p=24992"},"modified":"2025-08-20T09:53:41","modified_gmt":"2025-08-20T07:53:41","slug":"sagola-pistolj-za-lakiranje-4600-dvr-titania-pro-xtreme-1-3-mm","status":"publish","type":"product","link":"https:\/\/www.gkboje.ba\/en\/proizvod\/sagola-pistolj-za-lakiranje-4600-dvr-titania-pro-xtreme-1-3-mm\/","title":{"rendered":"SAGOLA Pi\u0161tolj za lakiranje 4600 DVR Titania Pro Xtreme 1.3 mm"},"content":{"rendered":"<p>Transformi\u0161ite svoje farbanje sa Sagolom 4600 DVR Titania\u2014vrhunskim pi\u0161toljom za farbanje, dizajniranim za profesionalce koji zahtijevaju neusporedivu preciznost i performanse. Bilo da radite na obnavljanju automobila, industrijskom premazivanju ili slo\u017eenom detaljiranju, ovaj pi\u0161tolj za farbanje nudi superiorno rje\u0161enje za postizanje besprijekornih rezultata.<\/p>\n<ul>\n<li><strong>Proizvo\u0111a\u010d:<\/strong>\u00a0Sagola<\/li>\n<li><strong>Model:\u00a0<\/strong>4600 DVR Titania<\/li>\n<li><strong>Dizna:<\/strong>\u00a01.3 mm<\/li>\n<li><strong>Pritisak:<\/strong>\u00a02.0 bara<\/li>\n<li><strong>Zapremina posude:<\/strong>\u00a0650 ml<\/li>\n<li><strong>Te\u017eina bez posude:<\/strong>\u00a0482 g<\/li>\n<li><strong>Te\u017eina sa posudo<\/strong>m:\u00a0668 g<\/li>\n<li><strong>Potro\u0161nja zraka:<\/strong>\u00a0310 L\/min<\/li>\n<li><strong>Protok boje:<\/strong>\u00a0221 g\/min<\/li>\n<li><strong>\u0160irina lepeze (mlaza):<\/strong>\u00a0305 mm<\/li>\n<\/ul>\n<h5><strong>Klju\u010dne Karakteristike:<\/strong><\/h5>\n<ul>\n<li><strong>Precizno Napravljen za Optimalne Performanse<\/strong>: Sagola 4600 DVR Titania je izgra\u0111ena s fokusom na preciznost i izdr\u017eljivost. Njegov ergonomski dizajn osigurava udobnost tokom produ\u017eene upotrebe, dok robusna konstrukcija izdr\u017eava rigorozne uslove rada, pru\u017eaju\u0107i dugotrajnu pouzdanost.<\/li>\n<li><strong>Prilagodljivost Upotrebe<\/strong>: Prilagodljivost je klju\u010d u profesionalnom farbanju, a 4600 DVR Titania ispunjava ovaj zahtjev sa DVR PRO kapom. Mo\u017ee se koristiti za nano\u0161enje akrilnih boja, bezbojnih lakova i baznih boja. Napredni sistem igli i mlaznica osigurava preciznu atomizaciju, rezultiraju\u0107i glatkom, ravnomjernom primjenom s minimalnom teksturom.<\/li>\n<li><strong>Napredna Tehnologija Zra\u010dne Kape<\/strong>: Postignite izuzetnu kontrolu nad mlazom (lepezom) uz pomo\u0107 najnovije tehnologije zra\u010dne kape. Ovaj dizajn minimizira preko-prskanje i osigurava dosljednu, ravnomjernu distribuciju boje. Podesiva zra\u010dna kapa omogu\u0107ava vam da prilagodite mlaz prema specifi\u010dnim potrebama va\u0161eg projekta, bilo da radite na velikim povr\u0161inama ili slo\u017eenim detaljima.<\/li>\n<li><strong>Prilagodljive Postavke za Preciznu Primjenu<\/strong>: 4600 DVR Titania nudi \u0161iroke mogu\u0107nosti prilagodbe. Kontrolirajte oblik mlaza, protok teku\u0107ine i pritisak zraka s lako\u0107om, omogu\u0107avaju\u0107i vam da postignete \u017eeljeni zavr\u0161ni sloj svaki put. Ova razina prilagodljivosti je klju\u010dna za postizanje profesionalnih rezultata, bilo da primjenjujete osnovni premaz, zavr\u0161ni sloj ili specijalni premaz.<\/li>\n<li><strong>Prikladno Odr\u017eavanje<\/strong>: Dizajniran s naglaskom na jednostavno odr\u017eavanje, Sagola 4600 DVR Titania ima komponente koje se lako rastavljaju i \u010diste. Ovaj korisni\u010dki prijateljski dizajn osigurava da mo\u017eete odr\u017eavati performanse pi\u0161tolja za sprej s minimalnim vremenom zastoja, dr\u017ee\u0107i ga u vrhunskom stanju za svaki posao.<\/li>\n<li><strong>Pobolj\u0161ana Udobnost i Ergonomija<\/strong>: Ergonomska ru\u010dka i uravnote\u017eeni dizajn pi\u0161tolja za sprej smanjuju umor operatera i pobolj\u0161avaju upravljivost. Ova pa\u017eljivo dizajnirana karakteristika omogu\u0107ava produ\u017eenu upotrebu bez nelagode, olak\u0161avaju\u0107i rukovanje slo\u017eenim zadacima i postizanje precizne kontrole.<\/li>\n<\/ul>\n<h5><strong>Dodatne informacije:<\/strong><\/h5>\n<p><strong>Garancija:<\/strong> 1 godina<\/p>\n<p><span style=\"text-decoration: underline\"><em><a href=\"https:\/\/olx.ba\/artikal\/63442459\">Ovaj artikal mo\u017eete pogledati i na na\u0161em OLX profilu, klikom na ovaj tekst.<\/a><\/em><\/span><\/p>\n","protected":false},"excerpt":{"rendered":"<p>Transformi\u0161ite svoje farbanje sa Sagolom 4600 DVR Titania\u2014vrhunskim pi\u0161toljom za farbanje, dizajniranim za profesionalce koji zahtijevaju neusporedivu preciznost i performanse.<\/p>\n","protected":false},"featured_media":24995,"comment_status":"open","ping_status":"closed","template":"","meta":[],"product_brand":[],"product_cat":[881],"product_tag":[],"class_list":{"0":"post-24992","1":"product","2":"type-product","3":"status-publish","4":"has-post-thumbnail","6":"product_cat-sprice-za-farbanje-lakiranje","8":"first","9":"outofstock","10":"shipping-taxable","11":"purchasable","12":"product-type-simple"},"wooqr_code":"","_links":{"self":[{"href":"https:\/\/www.gkboje.ba\/en\/wp-json\/wp\/v2\/product\/24992","targetHints":{"allow":["GET"]}}],"collection":[{"href":"https:\/\/www.gkboje.ba\/en\/wp-json\/wp\/v2\/product"}],"about":[{"href":"https:\/\/www.gkboje.ba\/en\/wp-json\/wp\/v2\/types\/product"}],"replies":[{"embeddable":true,"href":"https:\/\/www.gkboje.ba\/en\/wp-json\/wp\/v2\/comments?post=24992"}],"version-history":[{"count":2,"href":"https:\/\/www.gkboje.ba\/en\/wp-json\/wp\/v2\/product\/24992\/revisions"}],"predecessor-version":[{"id":25008,"href":"https:\/\/www.gkboje.ba\/en\/wp-json\/wp\/v2\/product\/24992\/revisions\/25008"}],"wp:featuredmedia":[{"embeddable":true,"href":"https:\/\/www.gkboje.ba\/en\/wp-json\/wp\/v2\/media\/24995"}],"wp:attachment":[{"href":"https:\/\/www.gkboje.ba\/en\/wp-json\/wp\/v2\/media?parent=24992"}],"wp:term":[{"taxonomy":"product_brand","embeddable":true,"href":"https:\/\/www.gkboje.ba\/en\/wp-json\/wp\/v2\/product_brand?post=24992"},{"taxonomy":"product_cat","embeddable":true,"href":"https:\/\/www.gkboje.ba\/en\/wp-json\/wp\/v2\/product_cat?post=24992"},{"taxonomy":"product_tag","embeddable":true,"href":"https:\/\/www.gkboje.ba\/en\/wp-json\/wp\/v2\/product_tag?post=24992"}],"curies":[{"name":"wp","href":"https:\/\/api.w.org\/{rel}","templated":true}]}}