{"id":24970,"date":"2024-12-18T10:53:15","date_gmt":"2024-12-18T09:53:15","guid":{"rendered":"https:\/\/www.gkboje.ba\/?post_type=product&#038;p=24970"},"modified":"2025-08-20T09:42:40","modified_gmt":"2025-08-20T07:42:40","slug":"devilbiss-pistolj-za-lakiranje-slg-1-3-2-5-mm","status":"publish","type":"product","link":"https:\/\/www.gkboje.ba\/en\/proizvod\/devilbiss-pistolj-za-lakiranje-slg-1-3-2-5-mm\/","title":{"rendered":"DEVILBISS Pi\u0161tolj za lakiranje SLG 1.3 &#8211; 2.5 mm"},"content":{"rendered":"<h5>DeVilbiss Starting Line SLG-620<\/h5>\n<ul>\n<li>SLG je pi\u0161tolj za farbanje op\u0107e namjene razvijen za raspr\u0161ivanje \u0161irokog spektra boja za lakiranje automobila (Lak, Baza, Akril, Filleri, itd.)<\/li>\n<li>Lagano i sna\u017eno tijelo pi\u0161tolja ima ergonomski oblikovanu ru\u010dku i udobnost s glatkim okida\u010dem i preciznim kontrolama za protok teku\u0107ine i oblik mlaza.<\/li>\n<li>Precizno konstruirana kapa pru\u017ea odli\u010dnu atomizaciju najpopularnijih, konvencionalnih materijala za obradu automobila.<\/li>\n<li>Dostupna sa diznom 1.3 mm, 1.8 mm ili 2.5 mm.<\/li>\n<\/ul>\n<h5>HVLP Pi\u0161tolj za farbanje<\/h5>\n<ul>\n<li>HVLP Pi\u0161tolji su efikasan na\u010din nano\u0161enja boje na povr\u0161ine, ali kori\u0161tenje odgovaraju\u0107e vrste za va\u0161u primjenu je klju\u010dno za postizanje \u017eeljenih rezultata. Tradicionalni pi\u0161tolji za prskanje su malo previ\u0161e agresivni za odre\u0111ene povr\u0161ine, kao \u0161to su automobili. Na kraju \u0107ete potro\u0161iti mnogo boje na prekomjerni mlaz i ne\u0107ete posti\u0107i fini zavr\u0161ni izgled.<\/li>\n<li>HVLP pi\u0161tolji su savr\u0161eno rje\u0161enje. Nude preciznu kontrolu i efikasnost, obezbe\u0111uju\u0107i fino i ravnomerno prskanje sa manje raspr\u0161ivanja.<\/li>\n<\/ul>\n<h5>\u0160ta su HVLP pi\u0161tolji za farbanje?<\/h5>\n<ul>\n<li>HVLP je skra\u0107enica od High Volume, Low Pressure.<\/li>\n<li>HVLP pi\u0161tolji za raspr\u0161ivanje koriste veliku koli\u010dinu zraka pod niskim pritiskom za raspr\u0161ivanje boje ili drugih premaza i isporu\u010duju glatku i kontroliranu zavr\u0161nu obradu s manje raspr\u0161ivanja. HVLP pi\u0161tolji su popularni u automobilskoj industriji i na\u0161iroko se koriste u obradi drveta, namje\u0161taja itd.<\/li>\n<li>HVLP pi\u0161tolj za farbanje radi tako \u0161to uvla\u010di zrak iz kompresora, zatim propu\u0161ta kroz mlaznicu, koja stvara vakuum koji uvla\u010di boju iz rezervoara u struju vazduha. Vazduh i boja se zatim me\u0161aju i raspr\u0161uju, stvaraju\u0107i finu maglu koja se raspr\u0161uje na povr\u0161inu.<\/li>\n<\/ul>\n<h5>Prednosti HVLP<\/h5>\n<ul>\n<li>Preciznije raspr\u0161ivanje. HVLP pi\u0161tolji proizvode finu maglu boje, \u0161to rezultira minimalnim raspr\u0161ivanjem i manjim gubitkom boje.<\/li>\n<li>Bolji zavr\u0161ni izgled. Budu\u0107i da je boja ravnomjernije raspr\u0161ena, HVLP pi\u0161tolji pru\u017eaju finu, glatku i ujedna\u010denu zavr\u0161nu obradu koja je idealna za postizanje rezultata profesionalnog nivoa.<\/li>\n<li>Pobolj\u0161ana efikasnost prenosa boje. HVLP pi\u0161tolji za farbanje imaju 80% \u2013 90% efikasnost prijenosa, nude\u0107i bolju pokrivenost boje uz minimalni otpad.<\/li>\n<\/ul>\n<ul>\n<li>HVLP pi\u0161tolji za farbanje su svestrani alati pogodni za \u0161irok spektar primjena, uklju\u010duju\u0107i: Farbanje i lakiranje automobila, \u010damaca i drugih vozila, uklju\u010duju\u0107i osnovne premaze, prozirne lakove i popravke.<\/li>\n<li>Farbanje namje\u0161taja i ostalog ku\u0107nog dekora<\/li>\n<li>Nano\u0161enje boja i zavr\u0161nih premaza na drvo<\/li>\n<li>Nano\u0161enje prajmera i zaptiva\u010da<\/li>\n<\/ul>\n<h5><strong>Dodatne informacije:<\/strong><\/h5>\n<p><strong>Garancija:<\/strong> 1 godinu<\/p>\n<p><span style=\"text-decoration: underline\"><em><a href=\"https:\/\/olx.ba\/artikal\/62703759\">Ovaj artikal mo\u017eete pogledati i na na\u0161em OLX profilu, klikom na ovaj tekst.<\/a><\/em><\/span><\/p>\n","protected":false},"excerpt":{"rendered":"<p>DeVilbiss Starting Line SLG-620 SLG je pi\u0161tolj za farbanje op\u0107e namjene razvijen za raspr\u0161ivanje \u0161irokog spektra boja za lakiranje automobila<\/p>\n","protected":false},"featured_media":24975,"comment_status":"open","ping_status":"closed","template":"","meta":[],"product_brand":[],"product_cat":[881],"product_tag":[],"class_list":{"0":"post-24970","1":"product","2":"type-product","3":"status-publish","4":"has-post-thumbnail","6":"product_cat-sprice-za-farbanje-lakiranje","8":"first","9":"outofstock","10":"sale","11":"shipping-taxable","12":"purchasable","13":"product-type-variable","14":"has-default-attributes"},"wooqr_code":"","_links":{"self":[{"href":"https:\/\/www.gkboje.ba\/en\/wp-json\/wp\/v2\/product\/24970","targetHints":{"allow":["GET"]}}],"collection":[{"href":"https:\/\/www.gkboje.ba\/en\/wp-json\/wp\/v2\/product"}],"about":[{"href":"https:\/\/www.gkboje.ba\/en\/wp-json\/wp\/v2\/types\/product"}],"replies":[{"embeddable":true,"href":"https:\/\/www.gkboje.ba\/en\/wp-json\/wp\/v2\/comments?post=24970"}],"version-history":[{"count":2,"href":"https:\/\/www.gkboje.ba\/en\/wp-json\/wp\/v2\/product\/24970\/revisions"}],"predecessor-version":[{"id":35187,"href":"https:\/\/www.gkboje.ba\/en\/wp-json\/wp\/v2\/product\/24970\/revisions\/35187"}],"wp:featuredmedia":[{"embeddable":true,"href":"https:\/\/www.gkboje.ba\/en\/wp-json\/wp\/v2\/media\/24975"}],"wp:attachment":[{"href":"https:\/\/www.gkboje.ba\/en\/wp-json\/wp\/v2\/media?parent=24970"}],"wp:term":[{"taxonomy":"product_brand","embeddable":true,"href":"https:\/\/www.gkboje.ba\/en\/wp-json\/wp\/v2\/product_brand?post=24970"},{"taxonomy":"product_cat","embeddable":true,"href":"https:\/\/www.gkboje.ba\/en\/wp-json\/wp\/v2\/product_cat?post=24970"},{"taxonomy":"product_tag","embeddable":true,"href":"https:\/\/www.gkboje.ba\/en\/wp-json\/wp\/v2\/product_tag?post=24970"}],"curies":[{"name":"wp","href":"https:\/\/api.w.org\/{rel}","templated":true}]}}