{"id":24959,"date":"2024-12-18T10:32:54","date_gmt":"2024-12-18T09:32:54","guid":{"rendered":"https:\/\/www.gkboje.ba\/?post_type=product&#038;p=24959"},"modified":"2025-08-20T09:42:17","modified_gmt":"2025-08-20T07:42:17","slug":"italco-sprica-za-lakiranje-gloss-x2-1-3-mm","status":"publish","type":"product","link":"https:\/\/www.gkboje.ba\/en\/proizvod\/italco-sprica-za-lakiranje-gloss-x2-1-3-mm\/","title":{"rendered":"ITALCO Pi\u0161tolj za lakiranje GLOSS-X2 1.3 mm"},"content":{"rendered":"<ul>\n<li>GLOSS-X2 profesionalni pi\u0161tolj za lakiranje<\/li>\n<li>Upotreba ovog pi\u0161tolja za farbanje omogu\u0107ava postizanje odli\u010dnih rezultata pri nano\u0161enju boja i lakova<\/li>\n<li>Tehnologija prskanja: L.V.M.P.<\/li>\n<li>Koristi se za: auto emajl\/lakove<\/li>\n<li>Optimalni radni pritisak: 2.0 bara<\/li>\n<li>\u0160irina raspr\u0161ivanja: oko 33 cm<\/li>\n<li>Optimalna udaljenost od povr\u0161ine koju treba farbati: 17 cm<\/li>\n<li>Potro\u0161nja vazduha: 400-450 l\/min<\/li>\n<li>Kapacitet posude: 600 ml<\/li>\n<\/ul>\n<h5><strong>Dodatne informacije:<\/strong><\/h5>\n<p><strong>Garancija:<\/strong> 1 godinu<\/p>\n<p><span style=\"text-decoration: underline\"><em><a href=\"https:\/\/olx.ba\/artikal\/57613052\">Ovaj artikal mo\u017eete pogledati i na na\u0161em OLX profilu, klikom na ovaj tekst.<\/a><\/em><\/span><\/p>\n","protected":false},"excerpt":{"rendered":"<p>GLOSS-X2 profesionalni pi\u0161tolj za lakiranje Upotreba ovog pi\u0161tolja za farbanje omogu\u0107ava postizanje odli\u010dnih rezultata pri nano\u0161enju boja i lakova Tehnologija<\/p>\n","protected":false},"featured_media":24960,"comment_status":"open","ping_status":"closed","template":"","meta":[],"product_brand":[],"product_cat":[881],"product_tag":[],"class_list":{"0":"post-24959","1":"product","2":"type-product","3":"status-publish","4":"has-post-thumbnail","6":"product_cat-sprice-za-farbanje-lakiranje","8":"first","9":"instock","10":"sale","11":"shipping-taxable","12":"purchasable","13":"product-type-simple"},"wooqr_code":"","_links":{"self":[{"href":"https:\/\/www.gkboje.ba\/en\/wp-json\/wp\/v2\/product\/24959","targetHints":{"allow":["GET"]}}],"collection":[{"href":"https:\/\/www.gkboje.ba\/en\/wp-json\/wp\/v2\/product"}],"about":[{"href":"https:\/\/www.gkboje.ba\/en\/wp-json\/wp\/v2\/types\/product"}],"replies":[{"embeddable":true,"href":"https:\/\/www.gkboje.ba\/en\/wp-json\/wp\/v2\/comments?post=24959"}],"version-history":[{"count":4,"href":"https:\/\/www.gkboje.ba\/en\/wp-json\/wp\/v2\/product\/24959\/revisions"}],"predecessor-version":[{"id":35802,"href":"https:\/\/www.gkboje.ba\/en\/wp-json\/wp\/v2\/product\/24959\/revisions\/35802"}],"wp:featuredmedia":[{"embeddable":true,"href":"https:\/\/www.gkboje.ba\/en\/wp-json\/wp\/v2\/media\/24960"}],"wp:attachment":[{"href":"https:\/\/www.gkboje.ba\/en\/wp-json\/wp\/v2\/media?parent=24959"}],"wp:term":[{"taxonomy":"product_brand","embeddable":true,"href":"https:\/\/www.gkboje.ba\/en\/wp-json\/wp\/v2\/product_brand?post=24959"},{"taxonomy":"product_cat","embeddable":true,"href":"https:\/\/www.gkboje.ba\/en\/wp-json\/wp\/v2\/product_cat?post=24959"},{"taxonomy":"product_tag","embeddable":true,"href":"https:\/\/www.gkboje.ba\/en\/wp-json\/wp\/v2\/product_tag?post=24959"}],"curies":[{"name":"wp","href":"https:\/\/api.w.org\/{rel}","templated":true}]}}