{"id":24860,"date":"2024-12-14T14:37:14","date_gmt":"2024-12-14T13:37:14","guid":{"rendered":"https:\/\/www.gkboje.ba\/?post_type=product&#038;p=24860"},"modified":"2026-04-04T10:12:56","modified_gmt":"2026-04-04T08:12:56","slug":"mipa-1k-ljepilo-za-sofersajbu-310-ml","status":"publish","type":"product","link":"https:\/\/www.gkboje.ba\/en\/proizvod\/mipa-1k-ljepilo-za-sofersajbu-310-ml\/","title":{"rendered":"MIPA 1K Ljepilo za \u0161ofer\u0161ajbu 310 ml"},"content":{"rendered":"<h5>MIPA 1K Ljepilo za \u0160ajbu\/\u0160ofer\u0161ajbu 310 ml<\/h5>\n<ul>\n<li>1K poliuretansko ljepilo za \u0161ajbu<\/li>\n<li>Izuzetno brzo vrijeme su\u0161enja<\/li>\n<li>Posebno razvijen da osigura sigurno lijepljenje prozora u vozilima<\/li>\n<li>Stvrdnjavanje bez mirisa<\/li>\n<li>Vrijeme su\u0161enja: 1 sat<\/li>\n<li>Boja: Crna<\/li>\n<\/ul>\n","protected":false},"excerpt":{"rendered":"<p>MIPA 1K Ljepilo za \u0160ajbu\/\u0160ofer\u0161ajbu 310 ml 1K poliuretansko ljepilo za \u0161ajbu Izuzetno brzo vrijeme su\u0161enja Posebno razvijen da osigura<\/p>\n","protected":false},"featured_media":24861,"comment_status":"open","ping_status":"closed","template":"","meta":[],"product_brand":[],"product_cat":[617],"product_tag":[],"class_list":{"0":"post-24860","1":"product","2":"type-product","3":"status-publish","4":"has-post-thumbnail","6":"product_cat-silikoni","8":"first","9":"outofstock","10":"shipping-taxable","11":"purchasable","12":"product-type-simple"},"wooqr_code":"","_links":{"self":[{"href":"https:\/\/www.gkboje.ba\/en\/wp-json\/wp\/v2\/product\/24860","targetHints":{"allow":["GET"]}}],"collection":[{"href":"https:\/\/www.gkboje.ba\/en\/wp-json\/wp\/v2\/product"}],"about":[{"href":"https:\/\/www.gkboje.ba\/en\/wp-json\/wp\/v2\/types\/product"}],"replies":[{"embeddable":true,"href":"https:\/\/www.gkboje.ba\/en\/wp-json\/wp\/v2\/comments?post=24860"}],"version-history":[{"count":2,"href":"https:\/\/www.gkboje.ba\/en\/wp-json\/wp\/v2\/product\/24860\/revisions"}],"predecessor-version":[{"id":24864,"href":"https:\/\/www.gkboje.ba\/en\/wp-json\/wp\/v2\/product\/24860\/revisions\/24864"}],"wp:featuredmedia":[{"embeddable":true,"href":"https:\/\/www.gkboje.ba\/en\/wp-json\/wp\/v2\/media\/24861"}],"wp:attachment":[{"href":"https:\/\/www.gkboje.ba\/en\/wp-json\/wp\/v2\/media?parent=24860"}],"wp:term":[{"taxonomy":"product_brand","embeddable":true,"href":"https:\/\/www.gkboje.ba\/en\/wp-json\/wp\/v2\/product_brand?post=24860"},{"taxonomy":"product_cat","embeddable":true,"href":"https:\/\/www.gkboje.ba\/en\/wp-json\/wp\/v2\/product_cat?post=24860"},{"taxonomy":"product_tag","embeddable":true,"href":"https:\/\/www.gkboje.ba\/en\/wp-json\/wp\/v2\/product_tag?post=24860"}],"curies":[{"name":"wp","href":"https:\/\/api.w.org\/{rel}","templated":true}]}}