{"id":24703,"date":"2024-12-11T10:47:47","date_gmt":"2024-12-11T09:47:47","guid":{"rendered":"https:\/\/www.gkboje.ba\/?post_type=product&#038;p=24703"},"modified":"2026-01-06T07:38:51","modified_gmt":"2026-01-06T06:38:51","slug":"bosch-univerzalni-usisivac-mokro-suho-gas-15-professional","status":"publish","type":"product","link":"https:\/\/www.gkboje.ba\/en\/proizvod\/bosch-univerzalni-usisivac-mokro-suho-gas-15-professional\/","title":{"rendered":"BOSCH Univerzalni usisiva\u010d mokro\/suho GAS 15 Professional"},"content":{"rendered":"<p><strong>Bosch GAS 15 Professional<\/strong> dolazi s inovativnim sustavom kompatibilnim s univerzalnim vre\u0107icama za pra\u0161inu i poluautomatskim \u010di\u0161\u0107enjem filtra. Ovaj usisava\u010d omogu\u0107uje u\u010dinkovito mokro i suho usisavanje, dok dodatna funkcija puhanja nudi jo\u0161 ve\u0107u fleksibilnost.<\/p>\n<h5>Tehni\u010dke specifikacije:<\/h5>\n<ul>\n<li><strong>Te\u017eina:<\/strong> 6 kg<\/li>\n<li><strong>Zapremina spremnika:<\/strong>\n<ul>\n<li>Neto: 10 l<\/li>\n<li>Bruto: 15 l<\/li>\n<li>Voda: 8 l<\/li>\n<\/ul>\n<\/li>\n<li><strong>Povr\u0161ina filtra:<\/strong> 2.300 cm\u00b2<\/li>\n<li><strong>Snaga:<\/strong> 1.100 W<\/li>\n<li><strong>Brzina protoka zraka:<\/strong> 53 l\/s<\/li>\n<li><strong>Podtlak:<\/strong> 270 mbar<\/li>\n<li><strong>Kota\u010di:<\/strong> 4<\/li>\n<\/ul>\n<h5>Uklju\u010deni dodaci:<\/h5>\n<ul>\n<li>Set sapnica za pod<\/li>\n<li>Crijevo od 3 m<\/li>\n<li>2 cijevi<\/li>\n<li>Sapnica za procijepe<\/li>\n<li>Koljenasti nastavak<\/li>\n<\/ul>\n<h5>Za\u0161to odabrati Bosch GAS 15 Professional?<\/h5>\n<ul>\n<li><strong>Inovativni sustav za pra\u0161inu:<\/strong> Kompatibilan s univerzalnim vre\u0107icama.<\/li>\n<li><strong>Poluautomatsko \u010di\u0161\u0107enje filtra:<\/strong> Osigurava dug vijek trajanja i u\u010dinkovit rad.<\/li>\n<li><strong>Funkcija puhanja:<\/strong> Dodatna fleksibilnost za razne zadatke.<\/li>\n<li><strong>Svestranost:<\/strong> Idealno za mokro i suho usisavanje u profesionalnim uvjetima.<\/li>\n<\/ul>\n<h5><strong>Dodatne informacije:<\/strong><\/h5>\n<p><span style=\"text-decoration: underline\"><a href=\"https:\/\/www.bosch-professional.com\/hr\/hr\/products\/gas-15-06019E5000\">Sve dodatne informacije su dostupne na Bosch web stranici, klikom na ovaj tekst.<\/a><\/span><\/p>\n<p><em>Bosch \u0161ifra artikla: 0 601 9E5 000<\/em><\/p>\n<p><em>EAN: 3165140828994<\/em><\/p>\n<p><em>SKU: 731056<\/em><\/p>\n<p><span style=\"text-decoration: underline\"><em><a href=\"https:\/\/olx.ba\/artikal\/65404985\">Ovaj artikal mo\u017eete pogledati i na na\u0161em OLX profilu, klikom na ovaj tekst.<\/a><\/em><\/span><\/p>\n","protected":false},"excerpt":{"rendered":"<p>Bosch GAS 15 Professional je izdr\u017eljiv usisava\u010d za mokro i suho usisavanje s inovativnim sustavom za pra\u0161inu i poluautomatskim \u010di\u0161\u0107enjem filtra za efikasan rad i dug vijek trajanja.<\/p>\n","protected":false},"featured_media":24704,"comment_status":"open","ping_status":"closed","template":"","meta":[],"product_brand":[],"product_cat":[1145],"product_tag":[],"class_list":{"0":"post-24703","1":"product","2":"type-product","3":"status-publish","4":"has-post-thumbnail","6":"product_cat-usisivaci-2","8":"first","9":"instock","10":"sale","11":"shipping-taxable","12":"purchasable","13":"product-type-simple"},"wooqr_code":"","_links":{"self":[{"href":"https:\/\/www.gkboje.ba\/en\/wp-json\/wp\/v2\/product\/24703","targetHints":{"allow":["GET"]}}],"collection":[{"href":"https:\/\/www.gkboje.ba\/en\/wp-json\/wp\/v2\/product"}],"about":[{"href":"https:\/\/www.gkboje.ba\/en\/wp-json\/wp\/v2\/types\/product"}],"replies":[{"embeddable":true,"href":"https:\/\/www.gkboje.ba\/en\/wp-json\/wp\/v2\/comments?post=24703"}],"version-history":[{"count":3,"href":"https:\/\/www.gkboje.ba\/en\/wp-json\/wp\/v2\/product\/24703\/revisions"}],"predecessor-version":[{"id":24859,"href":"https:\/\/www.gkboje.ba\/en\/wp-json\/wp\/v2\/product\/24703\/revisions\/24859"}],"wp:featuredmedia":[{"embeddable":true,"href":"https:\/\/www.gkboje.ba\/en\/wp-json\/wp\/v2\/media\/24704"}],"wp:attachment":[{"href":"https:\/\/www.gkboje.ba\/en\/wp-json\/wp\/v2\/media?parent=24703"}],"wp:term":[{"taxonomy":"product_brand","embeddable":true,"href":"https:\/\/www.gkboje.ba\/en\/wp-json\/wp\/v2\/product_brand?post=24703"},{"taxonomy":"product_cat","embeddable":true,"href":"https:\/\/www.gkboje.ba\/en\/wp-json\/wp\/v2\/product_cat?post=24703"},{"taxonomy":"product_tag","embeddable":true,"href":"https:\/\/www.gkboje.ba\/en\/wp-json\/wp\/v2\/product_tag?post=24703"}],"curies":[{"name":"wp","href":"https:\/\/api.w.org\/{rel}","templated":true}]}}