{"id":24634,"date":"2024-12-11T09:29:12","date_gmt":"2024-12-11T08:29:12","guid":{"rendered":"https:\/\/www.gkboje.ba\/?post_type=product&#038;p=24634"},"modified":"2026-04-04T10:10:19","modified_gmt":"2026-04-04T08:10:19","slug":"bosch-nosac-drzac-laserskog-nivelira-rm-1-professional","status":"publish","type":"product","link":"https:\/\/www.gkboje.ba\/en\/proizvod\/bosch-nosac-drzac-laserskog-nivelira-rm-1-professional\/","title":{"rendered":"BOSCH Nosa\u010d &#8211; dr\u017ea\u010d laserskog nivelira RM 1 Professional"},"content":{"rendered":"<p><strong>Bosch RM 1 Professional<\/strong> je vi\u0161enamjenski dr\u017ea\u010d za precizno usmjeravanje laserskih linija s prilagodljivim opcijama monta\u017ee. Kompatibilan je s modelima GCL 2-15, GCL 2-15 G i GCL 2-50, te izra\u0111en od izdr\u017eljivih materijala za dugotrajnu upotrebu.<\/p>\n<h5>Tehni\u010dke specifikacije:<\/h5>\n<ul>\n<li><strong>Dimenzije proizvoda:<\/strong> 0.8 x 14 x 14 cm<\/li>\n<li><strong>Te\u017eina proizvoda:<\/strong> 560 g<\/li>\n<li><strong>Kompatibilnost:<\/strong> GCL 2-15, GCL 2-15 G, GCL 2-50<\/li>\n<\/ul>\n<h5><strong>Dodatne informacije:<\/strong><\/h5>\n<p><span style=\"text-decoration: underline\"><a href=\"https:\/\/www.bosch-professional.com\/hr\/hr\/products\/rm-1-0601092600\">Sve dodatne informacije su dostupne na Bosch web stranici, klikom na ovaj tekst.<\/a><\/span><\/p>\n<p><em>Bosch \u0161ifra artikla: 0 601 092 600<\/em><\/p>\n<p><em>EAN: 3165140837255<\/em><\/p>\n<p><em>SKU: 731045<\/em><\/p>\n<p><span style=\"text-decoration: underline\"><em><a href=\"https:\/\/olx.ba\/artikal\/65404550\">Ovaj artikal mo\u017eete pogledati i na na\u0161em OLX profilu, klikom na ovaj tekst.<\/a><\/em><\/span><\/p>\n","protected":false},"excerpt":{"rendered":"<p>Bosch RM 1 Professional je vi\u0161enamjenski dr\u017ea\u010d za precizno usmjeravanje laserskih linija s prilagodljivim opcijama monta\u017ee. Kompatibilan je s modelima GCL 2-15, GCL 2-15 G i GCL 2-50, te izra\u0111en od izdr\u017eljivih materijala za dugotrajnu upotrebu.<\/p>\n","protected":false},"featured_media":24635,"comment_status":"open","ping_status":"closed","template":"","meta":[],"product_brand":[],"product_cat":[865],"product_tag":[],"class_list":{"0":"post-24634","1":"product","2":"type-product","3":"status-publish","4":"has-post-thumbnail","6":"product_cat-laserski-niveliri","8":"first","9":"instock","10":"shipping-taxable","11":"purchasable","12":"product-type-simple"},"wooqr_code":"","_links":{"self":[{"href":"https:\/\/www.gkboje.ba\/en\/wp-json\/wp\/v2\/product\/24634","targetHints":{"allow":["GET"]}}],"collection":[{"href":"https:\/\/www.gkboje.ba\/en\/wp-json\/wp\/v2\/product"}],"about":[{"href":"https:\/\/www.gkboje.ba\/en\/wp-json\/wp\/v2\/types\/product"}],"replies":[{"embeddable":true,"href":"https:\/\/www.gkboje.ba\/en\/wp-json\/wp\/v2\/comments?post=24634"}],"version-history":[{"count":3,"href":"https:\/\/www.gkboje.ba\/en\/wp-json\/wp\/v2\/product\/24634\/revisions"}],"predecessor-version":[{"id":24851,"href":"https:\/\/www.gkboje.ba\/en\/wp-json\/wp\/v2\/product\/24634\/revisions\/24851"}],"wp:featuredmedia":[{"embeddable":true,"href":"https:\/\/www.gkboje.ba\/en\/wp-json\/wp\/v2\/media\/24635"}],"wp:attachment":[{"href":"https:\/\/www.gkboje.ba\/en\/wp-json\/wp\/v2\/media?parent=24634"}],"wp:term":[{"taxonomy":"product_brand","embeddable":true,"href":"https:\/\/www.gkboje.ba\/en\/wp-json\/wp\/v2\/product_brand?post=24634"},{"taxonomy":"product_cat","embeddable":true,"href":"https:\/\/www.gkboje.ba\/en\/wp-json\/wp\/v2\/product_cat?post=24634"},{"taxonomy":"product_tag","embeddable":true,"href":"https:\/\/www.gkboje.ba\/en\/wp-json\/wp\/v2\/product_tag?post=24634"}],"curies":[{"name":"wp","href":"https:\/\/api.w.org\/{rel}","templated":true}]}}