{"id":24446,"date":"2024-12-09T13:27:29","date_gmt":"2024-12-09T12:27:29","guid":{"rendered":"https:\/\/www.gkboje.ba\/?post_type=product&#038;p=24446"},"modified":"2026-01-06T07:38:47","modified_gmt":"2026-01-06T06:38:47","slug":"bosch-mjerna-letva-gr-500-professional","status":"publish","type":"product","link":"https:\/\/www.gkboje.ba\/en\/proizvod\/bosch-mjerna-letva-gr-500-professional\/","title":{"rendered":"BOSCH Mjerna letva GR 500 Professional"},"content":{"rendered":"<p><strong>Bosch GR 500 Professional<\/strong> je visokokvalitetna mjerna letva izra\u0111ena od \u010dvrstog aluminijskog profila. Dizajnirana je za primjenu u ekstremnim uvjetima, \u0161to je \u010dini idealnim alatom za gradili\u0161ta i zahtjevne projekte. Sa svojih 5 sekcija, omogu\u0107ava jednostavno mjerenje do visine od 5 metara.<\/p>\n<p>Ova letva je kompatibilna s Bosch rotacionim i linijskim laserima kao \u0161to su GRL 400 H, GRL 300 HV, GRL 300 HVG, GRL 500 H\/HV, GOL 20 G\/D i GOL 26 G\/D Professional.<\/p>\n<h5>Tehni\u010dke specifikacije:<\/h5>\n<ul>\n<li><strong>Proizvo\u0111a\u010d:<\/strong> Bosch<\/li>\n<li><strong>Model:<\/strong> GR 500 Professional<\/li>\n<li><strong>Du\u017eina:<\/strong> 5 m<\/li>\n<li><strong>Broj podioka:<\/strong> 5<\/li>\n<li><strong>Kompatibilna sa:<\/strong> GRL 400 H, GRL 300 HV, GRL 300 HVG, GRL 500 H\/HV, GOL 20 G\/D, GOL 26 G\/D Professional<\/li>\n<\/ul>\n<h5><strong>Dodatne informacije:<\/strong><\/h5>\n<p><span style=\"text-decoration: underline\"><a href=\"https:\/\/www.bosch-professional.com\/dz\/en\/products\/gr-500-0601094300\">Sve dodatne informacije su dostupne na Bosch web stranici, klikom na ovaj tekst.<\/a><\/span><\/p>\n<p><em>Bosch \u0161ifra artikla: 0 601 096 B00<\/em><\/p>\n<p><em>EAN: 3165140558495<\/em><\/p>\n<p><em>SKU: 731035<\/em><\/p>\n<p><span style=\"text-decoration: underline\"><em><a href=\"https:\/\/olx.ba\/artikal\/65403037\">Ovaj artikal mo\u017eete pogledati i na na\u0161em OLX profilu, klikom na ovaj tekst.<\/a><\/em><\/span><\/p>\n","protected":false},"excerpt":{"rendered":"<p>Bosch GR 500 Professional je visokokvalitetna aluminijska mjerna letva, idealna za precizno mjerenje visina poda i visinskih razlika. Izvla\u010di se do 5 metara i kompatibilna je s Bosch GRL i GOL Professional ure\u0111ajima.<\/p>\n","protected":false},"featured_media":24449,"comment_status":"open","ping_status":"closed","template":"","meta":[],"product_brand":[],"product_cat":[865],"product_tag":[],"class_list":{"0":"post-24446","1":"product","2":"type-product","3":"status-publish","4":"has-post-thumbnail","6":"product_cat-laserski-niveliri","8":"first","9":"instock","10":"shipping-taxable","11":"purchasable","12":"product-type-simple"},"wooqr_code":"","_links":{"self":[{"href":"https:\/\/www.gkboje.ba\/en\/wp-json\/wp\/v2\/product\/24446","targetHints":{"allow":["GET"]}}],"collection":[{"href":"https:\/\/www.gkboje.ba\/en\/wp-json\/wp\/v2\/product"}],"about":[{"href":"https:\/\/www.gkboje.ba\/en\/wp-json\/wp\/v2\/types\/product"}],"replies":[{"embeddable":true,"href":"https:\/\/www.gkboje.ba\/en\/wp-json\/wp\/v2\/comments?post=24446"}],"version-history":[{"count":4,"href":"https:\/\/www.gkboje.ba\/en\/wp-json\/wp\/v2\/product\/24446\/revisions"}],"predecessor-version":[{"id":24836,"href":"https:\/\/www.gkboje.ba\/en\/wp-json\/wp\/v2\/product\/24446\/revisions\/24836"}],"wp:featuredmedia":[{"embeddable":true,"href":"https:\/\/www.gkboje.ba\/en\/wp-json\/wp\/v2\/media\/24449"}],"wp:attachment":[{"href":"https:\/\/www.gkboje.ba\/en\/wp-json\/wp\/v2\/media?parent=24446"}],"wp:term":[{"taxonomy":"product_brand","embeddable":true,"href":"https:\/\/www.gkboje.ba\/en\/wp-json\/wp\/v2\/product_brand?post=24446"},{"taxonomy":"product_cat","embeddable":true,"href":"https:\/\/www.gkboje.ba\/en\/wp-json\/wp\/v2\/product_cat?post=24446"},{"taxonomy":"product_tag","embeddable":true,"href":"https:\/\/www.gkboje.ba\/en\/wp-json\/wp\/v2\/product_tag?post=24446"}],"curies":[{"name":"wp","href":"https:\/\/api.w.org\/{rel}","templated":true}]}}