{"id":24287,"date":"2024-12-07T13:23:55","date_gmt":"2024-12-07T12:23:55","guid":{"rendered":"https:\/\/www.gkboje.ba\/?post_type=product&#038;p=24287"},"modified":"2026-01-20T07:33:16","modified_gmt":"2026-01-20T06:33:16","slug":"bosch-papirne-vrecice-za-prasinu-5-kom-advancedvac-20","status":"publish","type":"product","link":"https:\/\/www.gkboje.ba\/en\/proizvod\/bosch-papirne-vrecice-za-prasinu-5-kom-advancedvac-20\/","title":{"rendered":"BOSCH Papirne vre\u0107ice za pra\u0161inu 5 kom (AdvancedVac 20)  | Home &amp; Garden"},"content":{"rendered":"<p>5 x papirne vre\u0107ice za usisava\u010d \u2013 kompatibilne s Bosch usisava\u010dem AdvancedVac 20.<\/p>\n<ul>\n<li>Pogodne za razli\u010dite suhe primjene.<\/li>\n<li>Osiguravaju odlaganje otpada bez pra\u0161ine.<\/li>\n<li>Jednostavna i brza izmjena vre\u0107ica.<\/li>\n<li>Sadr\u017eaj paketa: 5 x papirne filter vre\u0107ice, kartonska kutija.<\/li>\n<\/ul>\n<h5><strong>Dodatne informacije:<\/strong><\/h5>\n<p><em>Bosch \u0161ifra artikla: 2 609 256 F33<\/em><\/p>\n<p><em>EAN: 3165140912341<\/em><\/p>\n<p><em>SKU: 730320<\/em><\/p>\n<p><span style=\"text-decoration: underline\"><em><a href=\"https:\/\/olx.ba\/artikal\/65370191\">Ovaj artikal mo\u017eete pogledati i na na\u0161em OLX profilu, klikom na ovaj tekst.<\/a><\/em><\/span><\/p>\n","protected":false},"excerpt":{"rendered":"<p>5 x papirne vre\u0107ice za usisava\u010d \u2013 kompatibilne s Bosch usisava\u010dem AdvancedVac 20.<\/p>\n","protected":false},"featured_media":24288,"comment_status":"open","ping_status":"closed","template":"","meta":[],"product_brand":[],"product_cat":[1146],"product_tag":[],"class_list":{"0":"post-24287","1":"product","2":"type-product","3":"status-publish","4":"has-post-thumbnail","6":"product_cat-oprema-za-usisivace","8":"first","9":"instock","10":"shipping-taxable","11":"purchasable","12":"product-type-simple"},"wooqr_code":"","_links":{"self":[{"href":"https:\/\/www.gkboje.ba\/en\/wp-json\/wp\/v2\/product\/24287","targetHints":{"allow":["GET"]}}],"collection":[{"href":"https:\/\/www.gkboje.ba\/en\/wp-json\/wp\/v2\/product"}],"about":[{"href":"https:\/\/www.gkboje.ba\/en\/wp-json\/wp\/v2\/types\/product"}],"replies":[{"embeddable":true,"href":"https:\/\/www.gkboje.ba\/en\/wp-json\/wp\/v2\/comments?post=24287"}],"version-history":[{"count":4,"href":"https:\/\/www.gkboje.ba\/en\/wp-json\/wp\/v2\/product\/24287\/revisions"}],"predecessor-version":[{"id":24413,"href":"https:\/\/www.gkboje.ba\/en\/wp-json\/wp\/v2\/product\/24287\/revisions\/24413"}],"wp:featuredmedia":[{"embeddable":true,"href":"https:\/\/www.gkboje.ba\/en\/wp-json\/wp\/v2\/media\/24288"}],"wp:attachment":[{"href":"https:\/\/www.gkboje.ba\/en\/wp-json\/wp\/v2\/media?parent=24287"}],"wp:term":[{"taxonomy":"product_brand","embeddable":true,"href":"https:\/\/www.gkboje.ba\/en\/wp-json\/wp\/v2\/product_brand?post=24287"},{"taxonomy":"product_cat","embeddable":true,"href":"https:\/\/www.gkboje.ba\/en\/wp-json\/wp\/v2\/product_cat?post=24287"},{"taxonomy":"product_tag","embeddable":true,"href":"https:\/\/www.gkboje.ba\/en\/wp-json\/wp\/v2\/product_tag?post=24287"}],"curies":[{"name":"wp","href":"https:\/\/api.w.org\/{rel}","templated":true}]}}