{"id":24050,"date":"2024-12-05T12:05:53","date_gmt":"2024-12-05T11:05:53","guid":{"rendered":"https:\/\/www.gkboje.ba\/?post_type=product&#038;p=24050"},"modified":"2026-04-04T09:54:22","modified_gmt":"2026-04-04T07:54:22","slug":"mipa-ljepilo-i-diht-masa-pu-400","status":"publish","type":"product","link":"https:\/\/www.gkboje.ba\/en\/proizvod\/mipa-ljepilo-i-diht-masa-pu-400\/","title":{"rendered":"MIPA Ljepilo i diht masa PU 400 310 ml"},"content":{"rendered":"<h4>MIPA\u00a0<strong>PU400<\/strong> 310 ml<\/h4>\n<ul>\n<li>Dostupno u sljede\u0107im bojama: Crna, Siva i Bijela<\/li>\n<li>Jednokomponentno poliuretansko ljepilo i brtvilo za brtvljenje i spajanje materijala kao \u0161to su metal, drvo, plastika i drugi materijali (beton, kamen itd.).<\/li>\n<li>Prikladno za pri\u010dvr\u0161\u0107ivanje dijelova karoserije automobila (spojleri, obloge, dijelovi od lima itd.) i kao brtvilo za \u0161avove.<\/li>\n<\/ul>\n<h5>Svojstva:<\/h5>\n<ul>\n<li>Izvrsno prianjanje<\/li>\n<li>Stvrdnjavanje bez mirisa<\/li>\n<li>Visoka viskoznost, vrlo dobra vertikalna stabilnost<\/li>\n<li>Mogu\u0107nost nano\u0161enja drugog premaza \u2013\u00a0PU400 se mo\u017ee premazivati \u200b\u200bve\u0107inom konvencionalnih vrsta boja.<\/li>\n<li>Boja se mora testirati na kompatibilnost provo\u0111enjem preliminarnih proba, a najbolji rezultati se posti\u017eu ako se brtvilo pusti da se potpuno stvrdne.<\/li>\n<\/ul>\n","protected":false},"excerpt":{"rendered":"<p>Jednokomponentno poliuretansko ljepilo i brtvilo za brtvljenje i spajanje materijala kao \u0161to su metal, drvo, plastika i drugi materijali (beton, kamen itd.).<\/p>\n","protected":false},"featured_media":24051,"comment_status":"open","ping_status":"closed","template":"","meta":[],"product_brand":[],"product_cat":[617],"product_tag":[],"class_list":{"0":"post-24050","1":"product","2":"type-product","3":"status-publish","4":"has-post-thumbnail","6":"product_cat-silikoni","8":"first","9":"outofstock","10":"shipping-taxable","11":"purchasable","12":"product-type-variable"},"wooqr_code":"","_links":{"self":[{"href":"https:\/\/www.gkboje.ba\/en\/wp-json\/wp\/v2\/product\/24050","targetHints":{"allow":["GET"]}}],"collection":[{"href":"https:\/\/www.gkboje.ba\/en\/wp-json\/wp\/v2\/product"}],"about":[{"href":"https:\/\/www.gkboje.ba\/en\/wp-json\/wp\/v2\/types\/product"}],"replies":[{"embeddable":true,"href":"https:\/\/www.gkboje.ba\/en\/wp-json\/wp\/v2\/comments?post=24050"}],"version-history":[{"count":2,"href":"https:\/\/www.gkboje.ba\/en\/wp-json\/wp\/v2\/product\/24050\/revisions"}],"predecessor-version":[{"id":24057,"href":"https:\/\/www.gkboje.ba\/en\/wp-json\/wp\/v2\/product\/24050\/revisions\/24057"}],"wp:featuredmedia":[{"embeddable":true,"href":"https:\/\/www.gkboje.ba\/en\/wp-json\/wp\/v2\/media\/24051"}],"wp:attachment":[{"href":"https:\/\/www.gkboje.ba\/en\/wp-json\/wp\/v2\/media?parent=24050"}],"wp:term":[{"taxonomy":"product_brand","embeddable":true,"href":"https:\/\/www.gkboje.ba\/en\/wp-json\/wp\/v2\/product_brand?post=24050"},{"taxonomy":"product_cat","embeddable":true,"href":"https:\/\/www.gkboje.ba\/en\/wp-json\/wp\/v2\/product_cat?post=24050"},{"taxonomy":"product_tag","embeddable":true,"href":"https:\/\/www.gkboje.ba\/en\/wp-json\/wp\/v2\/product_tag?post=24050"}],"curies":[{"name":"wp","href":"https:\/\/api.w.org\/{rel}","templated":true}]}}