{"id":23575,"date":"2024-11-20T00:45:41","date_gmt":"2024-11-19T23:45:41","guid":{"rendered":"https:\/\/www.gkboje.ba\/?post_type=product&#038;p=23575"},"modified":"2025-01-10T15:43:50","modified_gmt":"2025-01-10T14:43:50","slug":"rupes-pasta-za-poliranje-uno-pure-ultrafinishing-super-fina-1000-ml","status":"publish","type":"product","link":"https:\/\/www.gkboje.ba\/en\/proizvod\/rupes-pasta-za-poliranje-uno-pure-ultrafinishing-super-fina-1000-ml\/","title":{"rendered":"Rupes pasta za poliranje \u2013 Uno Pure Ultrafinishing (super fina) 1000 ml"},"content":{"rendered":"<h4><strong>BigFoot Uno Pure Ultra &#8211; Fine Finishing Polish<\/strong><\/h4>\n<h5><strong>Univerzalna zavr\u0161na polir pasta<\/strong><\/h5>\n<p>Univerzalna super fina pasta, dizajnirana za kori\u0161tenje sa svim tipovima alata, uklju\u010duju\u0107i rotacione i orbitalne polirke. Zahvaljuju\u0107i najnovijoj tehnologiji abraziva i jedinstvenoj formuli razvijenoj unutar RUPES-a, omogu\u0107ava postizanje vrhunske opti\u010dke jasno\u0107e i refleksivnosti.<\/p>\n<p>Uno pure idealan je za rad na vrlo mekanim ili osjetljivim bojama sklonim zamagljenju, kao i za postizanje zavr\u0161nog sjaja na vozilima, posebno tamnih boja. Bez punila u sastavu, jednostavna upotreba i lako brisanje \u010dine ga savr\u0161enim rje\u0161enjem za profesionalce i entuzijaste.<\/p>\n<h5><strong>Klju\u010dne karakteristike i prednosti<\/strong><\/h5>\n<ul>\n<li><strong>Univerzalna kompatibilnost:<\/strong> Pogodan za sve BigFoot pokrete poliranja (rotacione, orbitalne, prijenosne).<\/li>\n<li><strong>Savr\u0161ena zavr\u0161nica:<\/strong> Omogu\u0107ava vrhunski kvalitet poliranja, \u010dak i na najmek\u0161im sistemima boja.<\/li>\n<li><strong>Bez punila:<\/strong> Formula ne sadr\u017ei punila ili za\u0161titna svojstva, ostavljaju\u0107i povr\u0161inu spremnu za nano\u0161enje za\u0161titnog proizvoda.<\/li>\n<li><strong>Lako\u0107a kori\u0161tenja:<\/strong> Jednostavno nano\u0161enje i lako brisanje osiguravaju glatko korisni\u010dko iskustvo.<\/li>\n<li><strong>Sigurnost za sve vrste boja:<\/strong> Validiran za upotrebu na svim tipovima premaza, uklju\u010duju\u0107i jednokomponentne, bezbojne, tvrde, mekane i &#8220;ljepljive&#8221; premaze.<\/li>\n<li><strong>Prilagodljiva primjena:<\/strong> Promjenom podloge mijenjaju se performanse poliranja, pru\u017eaju\u0107i svestranost za razli\u010dite zadatke.<\/li>\n<\/ul>\n<h5><strong>Za\u0161to odabrati rupes uno pure pastu za poliranje?<\/strong><\/h5>\n<p>Savr\u0161en je izbor za postizanje besprijekornih zavr\u0161nica uz minimalan napor. Njena univerzalna formula prilago\u0111ava se svim vrstama premaza, dok osigurava &#8220;\u010distu&#8221; povr\u0161inu bez ostataka punila, spremnu za nano\u0161enje za\u0161titnih slojeva. Idealna za profesionalne aplikacije, detaljere i ljubitelje savr\u0161enog sjaja.<\/p>\n","protected":false},"excerpt":{"rendered":"<p>UNO PURE Ultra-Fine Finishing Polish je univerzalna polir pasta, idealna za mekane boje i zavr\u0161ne aplikacije. Bez punila, pru\u017ea \u010distu i reflektivnu zavr\u0161nicu.<\/p>\n","protected":false},"featured_media":23576,"comment_status":"open","ping_status":"closed","template":"","meta":[],"product_brand":[],"product_cat":[943],"product_tag":[],"class_list":{"0":"post-23575","1":"product","2":"type-product","3":"status-publish","4":"has-post-thumbnail","6":"product_cat-paste-za-poliranje","8":"first","9":"instock","10":"shipping-taxable","11":"purchasable","12":"product-type-simple"},"wooqr_code":"","_links":{"self":[{"href":"https:\/\/www.gkboje.ba\/en\/wp-json\/wp\/v2\/product\/23575","targetHints":{"allow":["GET"]}}],"collection":[{"href":"https:\/\/www.gkboje.ba\/en\/wp-json\/wp\/v2\/product"}],"about":[{"href":"https:\/\/www.gkboje.ba\/en\/wp-json\/wp\/v2\/types\/product"}],"replies":[{"embeddable":true,"href":"https:\/\/www.gkboje.ba\/en\/wp-json\/wp\/v2\/comments?post=23575"}],"version-history":[{"count":1,"href":"https:\/\/www.gkboje.ba\/en\/wp-json\/wp\/v2\/product\/23575\/revisions"}],"predecessor-version":[{"id":23579,"href":"https:\/\/www.gkboje.ba\/en\/wp-json\/wp\/v2\/product\/23575\/revisions\/23579"}],"wp:featuredmedia":[{"embeddable":true,"href":"https:\/\/www.gkboje.ba\/en\/wp-json\/wp\/v2\/media\/23576"}],"wp:attachment":[{"href":"https:\/\/www.gkboje.ba\/en\/wp-json\/wp\/v2\/media?parent=23575"}],"wp:term":[{"taxonomy":"product_brand","embeddable":true,"href":"https:\/\/www.gkboje.ba\/en\/wp-json\/wp\/v2\/product_brand?post=23575"},{"taxonomy":"product_cat","embeddable":true,"href":"https:\/\/www.gkboje.ba\/en\/wp-json\/wp\/v2\/product_cat?post=23575"},{"taxonomy":"product_tag","embeddable":true,"href":"https:\/\/www.gkboje.ba\/en\/wp-json\/wp\/v2\/product_tag?post=23575"}],"curies":[{"name":"wp","href":"https:\/\/api.w.org\/{rel}","templated":true}]}}