{"id":23567,"date":"2024-11-19T22:27:08","date_gmt":"2024-11-19T21:27:08","guid":{"rendered":"https:\/\/www.gkboje.ba\/?post_type=product&#038;p=23567"},"modified":"2025-01-10T15:43:49","modified_gmt":"2025-01-10T14:43:49","slug":"rupes-pasta-za-poliranje-rotary-fine-fina-1000-ml","status":"publish","type":"product","link":"https:\/\/www.gkboje.ba\/en\/proizvod\/rupes-pasta-za-poliranje-rotary-fine-fina-1000-ml\/","title":{"rendered":"Rupes pasta za poliranje &#8211; Rotary Fine (fina) 1000 ml"},"content":{"rendered":"<h4><strong>BigFoot Fine Rotary Pasta za Poliranje<\/strong><\/h4>\n<h5><strong>Savr\u0161eni zavr\u0161ni sloj za tvrde bezbojne lakove<\/strong><\/h5>\n<p>Posebno je formulirana za postizanje besprijekornih zavr\u0161nica na tvrdim bezbojnim lakovima. Ova fina pasta na bazi vode savr\u0161eno uklanja nedostatke na laku i osigurava zavr\u0161ni sloj bez holograma, posebno nakon uklanjanja mikro abrazivnih tragova bru\u0161enja.<\/p>\n<h5><strong>Klju\u010dne karakteristike<\/strong><\/h5>\n<ul>\n<li><strong>Besprijekorni rezultati:<\/strong> Uklanja P3000 ogrebotine bru\u0161enja u samo jednom koraku, pru\u017eaju\u0107i savr\u0161eno pripremljenu povr\u0161inu za vosak.<\/li>\n<li><strong>Formula bez silikona:<\/strong> Osigurava sigurnu upotrebu na svim vrstama zavr\u0161nih premaza i lakova, uklju\u010duju\u0107i tvrde bezbojne lakove.<\/li>\n<li><strong>Vrhunski abrazivi:<\/strong> Specijalizirana mikro abrazivna mje\u0161avina omogu\u0107ava glatku i preciznu primjenu, osiguravaju\u0107i ravnomjerno raspore\u0111ivanje na podlozi za poliranje.<\/li>\n<li><strong>Profesionalna zavr\u0161nica:<\/strong> Idealna kao drugi korak nakon grubog poliranja, za fino usavr\u0161avanje povr\u0161ine i uklanjanje laganih nesavr\u0161enosti.<\/li>\n<\/ul>\n<h5><strong>Za\u0161to odabrati bigfoot fine rotary pastu za poliranje?<\/strong><\/h5>\n<p>BigFoot paste za poliranje rezultat su detaljnih istra\u017eivanja i nude savr\u0161en balans viskoznosti i agresivnosti. Zahvaljuju\u0107i inovativnoj formuli, osigurava glatko i precizno poliranje, omogu\u0107avaju\u0107i postizanje profesionalnih rezultata uz minimalan napor.<\/p>\n","protected":false},"excerpt":{"rendered":"<p>Rupes fina pasta za poliranje idealana je za fini\u0161iranje tvrdih bezbojnih lakova, pru\u017eaju\u0107i savr\u0161en zavr\u0161ni sloj bez holograma. Formula bez silikona omogu\u0107ava sigurno i precizno poliranje.<\/p>\n","protected":false},"featured_media":23582,"comment_status":"open","ping_status":"closed","template":"","meta":[],"product_brand":[],"product_cat":[943],"product_tag":[],"class_list":{"0":"post-23567","1":"product","2":"type-product","3":"status-publish","4":"has-post-thumbnail","6":"product_cat-paste-za-poliranje","8":"first","9":"instock","10":"shipping-taxable","11":"purchasable","12":"product-type-simple"},"wooqr_code":"","_links":{"self":[{"href":"https:\/\/www.gkboje.ba\/en\/wp-json\/wp\/v2\/product\/23567","targetHints":{"allow":["GET"]}}],"collection":[{"href":"https:\/\/www.gkboje.ba\/en\/wp-json\/wp\/v2\/product"}],"about":[{"href":"https:\/\/www.gkboje.ba\/en\/wp-json\/wp\/v2\/types\/product"}],"replies":[{"embeddable":true,"href":"https:\/\/www.gkboje.ba\/en\/wp-json\/wp\/v2\/comments?post=23567"}],"version-history":[{"count":1,"href":"https:\/\/www.gkboje.ba\/en\/wp-json\/wp\/v2\/product\/23567\/revisions"}],"predecessor-version":[{"id":23570,"href":"https:\/\/www.gkboje.ba\/en\/wp-json\/wp\/v2\/product\/23567\/revisions\/23570"}],"wp:featuredmedia":[{"embeddable":true,"href":"https:\/\/www.gkboje.ba\/en\/wp-json\/wp\/v2\/media\/23582"}],"wp:attachment":[{"href":"https:\/\/www.gkboje.ba\/en\/wp-json\/wp\/v2\/media?parent=23567"}],"wp:term":[{"taxonomy":"product_brand","embeddable":true,"href":"https:\/\/www.gkboje.ba\/en\/wp-json\/wp\/v2\/product_brand?post=23567"},{"taxonomy":"product_cat","embeddable":true,"href":"https:\/\/www.gkboje.ba\/en\/wp-json\/wp\/v2\/product_cat?post=23567"},{"taxonomy":"product_tag","embeddable":true,"href":"https:\/\/www.gkboje.ba\/en\/wp-json\/wp\/v2\/product_tag?post=23567"}],"curies":[{"name":"wp","href":"https:\/\/api.w.org\/{rel}","templated":true}]}}