{"id":23549,"date":"2024-11-19T21:47:57","date_gmt":"2024-11-19T20:47:57","guid":{"rendered":"https:\/\/www.gkboje.ba\/?post_type=product&#038;p=23549"},"modified":"2026-03-17T09:38:33","modified_gmt":"2026-03-17T08:38:33","slug":"rupes-pasta-za-poliranje-rotary-coarse-gruba-250-ml","status":"publish","type":"product","link":"https:\/\/www.gkboje.ba\/en\/proizvod\/rupes-pasta-za-poliranje-rotary-coarse-gruba-250-ml\/","title":{"rendered":"Rupes pasta za poliranje &#8211; Rotary Coarse (gruba) 250 ml"},"content":{"rendered":"<h4><strong>BigFoot Coarse Rotary Pasta za Poliranje<\/strong><\/h4>\n<h5><strong>Va\u0161 automobil u najboljem sjaju<\/strong><\/h5>\n<p>Dovedite izgled va\u0161eg automobila do savr\u0161enstva uz BigFoot Coarse Rotary pastu za poliranje. Ovaj visokou\u010dinkoviti abraziv dizajniran je za kori\u0161tenje s rotacionim polirnim alatima kako bi efikasno uklonio ogrebotine, tragove i druge nesavr\u0161enosti. Idealan za prvu fazu poliranja, ovaj proizvod obnavlja boju i stvara glatku, sjajnu zavr\u0161nicu za bilo koje vozilo.<\/p>\n<h5><strong>Klju\u010dne karakteristike<\/strong><\/h5>\n<ul>\n<li><strong>Sigurno za boju:<\/strong> Formula bez silikona osigurava poliranje bez ogrebotina, o\u0161te\u0107enja ili promjene boje, pogodna za sve vrste boja i zavr\u0161ne obrade vozila.<\/li>\n<li><strong>Visokou\u010dinkoviti abraziv:<\/strong> Najagresivniji spoj u BigFoot asortimanu, idealan za brzo uklanjanje tragova i ogrebotina.<\/li>\n<li><strong>Jednostavna primjena:<\/strong> Nanijeti spoj na povr\u0161inu za poliranje, ravnomjerno rasporediti i pustiti alat da osigura dosljedne rezultate.<\/li>\n<li><strong>Profesionalna zavr\u0161nica:<\/strong> Uklanja nesavr\u0161enosti i vra\u0107a sjaj, stvaraju\u0107i profesionalni rezultat.<\/li>\n<li><strong>Svestrana upotreba:<\/strong> Pogodno za sve vrste vozila, uklju\u010duju\u0107i limuzine, terenska vozila, kamione i \u010damce, idealno za radionice ili ku\u0107nu upotrebu.<\/li>\n<\/ul>\n<h5><strong>Za\u0161to odabrati bigfoot rotary pastu za poliranje?<\/strong><\/h5>\n<p>BigFoot paste za poliranje rezultat su detaljnih istra\u017eivanja i nude savr\u0161en balans viskoznosti i agresivnosti. Formula bez silikona omogu\u0107ava ravnomjernu distribuciju na podlozi za poliranje, osiguravaju\u0107i efikasne i pouzdane rezultate. Bez obzira jeste li profesionalni detailer ili entuzijast, ovaj spoj je savr\u0161eno rje\u0161enje za po\u010detnu fazu poliranja, kako biste obnovili i pobolj\u0161ali izgled va\u0161eg vozila.<\/p>\n","protected":false},"excerpt":{"rendered":"<p>Rupes gruba pasta za rotacione polirke idealna je za brzo uklanjanje ogrebotina i tragova, pru\u017eaju\u0107i savr\u0161enu kombinaciju agresivnog rezanja i visokog sjaja. Formula bez silikona osigurava sigurnu upotrebu na svim vrstama automobilskih boja.<\/p>\n","protected":false},"featured_media":23554,"comment_status":"open","ping_status":"closed","template":"","meta":[],"product_brand":[],"product_cat":[943],"product_tag":[],"class_list":{"0":"post-23549","1":"product","2":"type-product","3":"status-publish","4":"has-post-thumbnail","6":"product_cat-paste-za-poliranje","8":"first","9":"outofstock","10":"shipping-taxable","11":"purchasable","12":"product-type-simple"},"wooqr_code":"","_links":{"self":[{"href":"https:\/\/www.gkboje.ba\/en\/wp-json\/wp\/v2\/product\/23549","targetHints":{"allow":["GET"]}}],"collection":[{"href":"https:\/\/www.gkboje.ba\/en\/wp-json\/wp\/v2\/product"}],"about":[{"href":"https:\/\/www.gkboje.ba\/en\/wp-json\/wp\/v2\/types\/product"}],"replies":[{"embeddable":true,"href":"https:\/\/www.gkboje.ba\/en\/wp-json\/wp\/v2\/comments?post=23549"}],"version-history":[{"count":3,"href":"https:\/\/www.gkboje.ba\/en\/wp-json\/wp\/v2\/product\/23549\/revisions"}],"predecessor-version":[{"id":23563,"href":"https:\/\/www.gkboje.ba\/en\/wp-json\/wp\/v2\/product\/23549\/revisions\/23563"}],"wp:featuredmedia":[{"embeddable":true,"href":"https:\/\/www.gkboje.ba\/en\/wp-json\/wp\/v2\/media\/23554"}],"wp:attachment":[{"href":"https:\/\/www.gkboje.ba\/en\/wp-json\/wp\/v2\/media?parent=23549"}],"wp:term":[{"taxonomy":"product_brand","embeddable":true,"href":"https:\/\/www.gkboje.ba\/en\/wp-json\/wp\/v2\/product_brand?post=23549"},{"taxonomy":"product_cat","embeddable":true,"href":"https:\/\/www.gkboje.ba\/en\/wp-json\/wp\/v2\/product_cat?post=23549"},{"taxonomy":"product_tag","embeddable":true,"href":"https:\/\/www.gkboje.ba\/en\/wp-json\/wp\/v2\/product_tag?post=23549"}],"curies":[{"name":"wp","href":"https:\/\/api.w.org\/{rel}","templated":true}]}}