{"id":21384,"date":"2024-10-16T23:33:40","date_gmt":"2024-10-16T21:33:40","guid":{"rendered":"https:\/\/www.gkboje.ba\/?post_type=product&#038;p=21384"},"modified":"2025-01-10T15:43:44","modified_gmt":"2025-01-10T14:43:44","slug":"bihui-dijamantne-krune-za-keramiku-m14-6-115-mm","status":"publish","type":"product","link":"https:\/\/www.gkboje.ba\/en\/proizvod\/bihui-dijamantne-krune-za-keramiku-m14-6-115-mm\/","title":{"rendered":"Bihui dijamantne krune za keramiku M14 6-115 mm (DBDF6-115)"},"content":{"rendered":"<p>Bihui dijamantske krune dizajnirane su za precizno bu\u0161enje tvrdih materijala kao \u0161to su porculan, keramika i mermer. Koriste M14 navoj, \u0161to ih \u010dini pogodnim za ugaone brusilice. Ove krune pru\u017eaju efikasno i brzo bu\u0161enje sa smanjenim stvaranjem pra\u0161ine, idealne za suvu primjenu. Na po\u010detku bu\u0161enja, preporu\u010duje se postavljanje pod uglom od 45\u00b0, a zatim vra\u0107anje na 90\u00b0 nakon po\u010detnog prodora.<\/p>\n<ul>\n<li><strong>Model:<\/strong> DBDF<\/li>\n<li><strong>Pre\u010dnik:<\/strong> 6-115 mm<\/li>\n<li><strong>Navoj:<\/strong> M14<\/li>\n<li><strong>Pogodno za:<\/strong> Keramika, porculan, mermer<\/li>\n<li><strong>Maksimalna brzina:<\/strong> 11.000 RPM<\/li>\n<\/ul>\n<p>Ove krune dizajnirane su za dugotrajan rad i precizno bu\u0161enje u najtvr\u0111im materijalima.<\/p>\n","protected":false},"excerpt":{"rendered":"<p>Bihui dijamantske krune pre\u010dnika 6 &#8211; 115 mm sa M14 navojem idealne za suvo bu\u0161enje kerami\u010dkih, porculanskih i kamenih materijala.<\/p>\n","protected":false},"featured_media":21386,"comment_status":"closed","ping_status":"closed","template":"","meta":[],"product_brand":[],"product_cat":[1144],"product_tag":[],"class_list":{"0":"post-21384","1":"product","2":"type-product","3":"status-publish","4":"has-post-thumbnail","6":"product_cat-dijamantni-kroneri-za-plocice-brusilica","8":"first","9":"instock","10":"sale","11":"shipping-taxable","12":"product-type-grouped"},"wooqr_code":"","_links":{"self":[{"href":"https:\/\/www.gkboje.ba\/en\/wp-json\/wp\/v2\/product\/21384","targetHints":{"allow":["GET"]}}],"collection":[{"href":"https:\/\/www.gkboje.ba\/en\/wp-json\/wp\/v2\/product"}],"about":[{"href":"https:\/\/www.gkboje.ba\/en\/wp-json\/wp\/v2\/types\/product"}],"replies":[{"embeddable":true,"href":"https:\/\/www.gkboje.ba\/en\/wp-json\/wp\/v2\/comments?post=21384"}],"version-history":[{"count":4,"href":"https:\/\/www.gkboje.ba\/en\/wp-json\/wp\/v2\/product\/21384\/revisions"}],"predecessor-version":[{"id":21398,"href":"https:\/\/www.gkboje.ba\/en\/wp-json\/wp\/v2\/product\/21384\/revisions\/21398"}],"wp:featuredmedia":[{"embeddable":true,"href":"https:\/\/www.gkboje.ba\/en\/wp-json\/wp\/v2\/media\/21386"}],"wp:attachment":[{"href":"https:\/\/www.gkboje.ba\/en\/wp-json\/wp\/v2\/media?parent=21384"}],"wp:term":[{"taxonomy":"product_brand","embeddable":true,"href":"https:\/\/www.gkboje.ba\/en\/wp-json\/wp\/v2\/product_brand?post=21384"},{"taxonomy":"product_cat","embeddable":true,"href":"https:\/\/www.gkboje.ba\/en\/wp-json\/wp\/v2\/product_cat?post=21384"},{"taxonomy":"product_tag","embeddable":true,"href":"https:\/\/www.gkboje.ba\/en\/wp-json\/wp\/v2\/product_tag?post=21384"}],"curies":[{"name":"wp","href":"https:\/\/api.w.org\/{rel}","templated":true}]}}