{"id":21331,"date":"2024-10-16T22:45:57","date_gmt":"2024-10-16T20:45:57","guid":{"rendered":"https:\/\/www.gkboje.ba\/proizvod\/bihui-spiralni-mjesac-za-ljepilo-i-malter-140x600-mm-m14-mpsc600\/"},"modified":"2025-12-01T00:54:20","modified_gmt":"2025-11-30T23:54:20","slug":"bihui-spiralni-mjesac-za-ljepilo-i-malter-140x600-mm-m14-mpsc600","status":"publish","type":"product","link":"https:\/\/www.gkboje.ba\/en\/proizvod\/bihui-spiralni-mjesac-za-ljepilo-i-malter-140x600-mm-m14-mpsc600\/","title":{"rendered":"Bihui spiralni mje\u0161a\u010d za ljepilo i malter 140&#215;600 mm M14 (MPSC600)"},"content":{"rendered":"<p>Bihui MPSC600 spiralni mje\u0161a\u010d za mije\u0161anje napravljena je za efikasno mije\u0161anje gra\u0111evinskih materijala poput maltera, ljepila za plo\u010dice, gipsa i izravnavaju\u0107ih masa. Opremljena M14 \u010deli\u010dnom dr\u0161kom i premazom protiv korozije, omogu\u0107ava dugotrajnu upotrebu. Du\u017eina od 600 mm i pre\u010dnik od 140 mm osiguravaju brzo mije\u0161anje i ravnomjerno raspore\u0111ivanje materijala.<\/p>\n<ul>\n<li><strong>Model:<\/strong> MPSC600<\/li>\n<li><strong>Dimenzije:<\/strong> 140&#215;600 mm<\/li>\n<li><strong>Materijal:<\/strong> \u010celik, premaz protiv korozije<\/li>\n<li><strong>Pogodno za:<\/strong> Malter, ljepilo, gips<\/li>\n<\/ul>\n<p>Ovaj alat je neophodan za gra\u0111evinske radove koji zahtijevaju precizno mije\u0161anje i pripremu materijala.<\/p>\n","protected":false},"excerpt":{"rendered":"<p>Bihui MPSC600 je spiralni mje\u0161a\u010d za mije\u0161anje maltera, ljepila za plo\u010dice i drugih gra\u0111evinskih materijala, idealna za profesionalnu upotrebu s visokom efikasno\u0161\u0107u.<\/p>\n","protected":false},"featured_media":21378,"comment_status":"open","ping_status":"closed","template":"","meta":[],"product_brand":[],"product_cat":[704],"product_tag":[],"class_list":{"0":"post-21331","1":"product","2":"type-product","3":"status-publish","4":"has-post-thumbnail","6":"product_cat-mjesaci-mikseri-za-boju-i-lijepak","8":"first","9":"instock","10":"sale","11":"shipping-taxable","12":"purchasable","13":"product-type-simple"},"wooqr_code":"","_links":{"self":[{"href":"https:\/\/www.gkboje.ba\/en\/wp-json\/wp\/v2\/product\/21331","targetHints":{"allow":["GET"]}}],"collection":[{"href":"https:\/\/www.gkboje.ba\/en\/wp-json\/wp\/v2\/product"}],"about":[{"href":"https:\/\/www.gkboje.ba\/en\/wp-json\/wp\/v2\/types\/product"}],"replies":[{"embeddable":true,"href":"https:\/\/www.gkboje.ba\/en\/wp-json\/wp\/v2\/comments?post=21331"}],"version-history":[{"count":1,"href":"https:\/\/www.gkboje.ba\/en\/wp-json\/wp\/v2\/product\/21331\/revisions"}],"predecessor-version":[{"id":21380,"href":"https:\/\/www.gkboje.ba\/en\/wp-json\/wp\/v2\/product\/21331\/revisions\/21380"}],"wp:featuredmedia":[{"embeddable":true,"href":"https:\/\/www.gkboje.ba\/en\/wp-json\/wp\/v2\/media\/21378"}],"wp:attachment":[{"href":"https:\/\/www.gkboje.ba\/en\/wp-json\/wp\/v2\/media?parent=21331"}],"wp:term":[{"taxonomy":"product_brand","embeddable":true,"href":"https:\/\/www.gkboje.ba\/en\/wp-json\/wp\/v2\/product_brand?post=21331"},{"taxonomy":"product_cat","embeddable":true,"href":"https:\/\/www.gkboje.ba\/en\/wp-json\/wp\/v2\/product_cat?post=21331"},{"taxonomy":"product_tag","embeddable":true,"href":"https:\/\/www.gkboje.ba\/en\/wp-json\/wp\/v2\/product_tag?post=21331"}],"curies":[{"name":"wp","href":"https:\/\/api.w.org\/{rel}","templated":true}]}}