{"id":21329,"date":"2024-10-16T22:45:57","date_gmt":"2024-10-16T20:45:57","guid":{"rendered":"https:\/\/www.gkboje.ba\/proizvod\/bihui-set-za-rad-sa-silikonom-spahtle-stark3\/"},"modified":"2025-12-01T00:54:18","modified_gmt":"2025-11-30T23:54:18","slug":"bihui-set-za-rad-sa-silikonom-spahtle-stark3","status":"publish","type":"product","link":"https:\/\/www.gkboje.ba\/en\/proizvod\/bihui-set-za-rad-sa-silikonom-spahtle-stark3\/","title":{"rendered":"Bihui set za rad sa silikonom &#8211; \u0161pahtle (STARK3)"},"content":{"rendered":"<p>Bihui STARK3 je komplet od tri dijela namijenjen za rad sa silikonom i zaptivnim materijalima. Set sadr\u017ei no\u017e za uklanjanje silikona i zaptiva\u010da, mlaznicu za precizno injektiranje ulo\u0161ka, te ugla\u010diva\u010d fugni i zaptiva\u010da. Zavr\u0161ni profili od 3R (1\/8R) i 6R (1\/4R) omogu\u0107avaju urednu i savr\u0161enu zavr\u0161nu obradu. Set je dizajniran za brzo i jednostavno kori\u0161tenje te lako \u010di\u0161\u0107enje nakon upotrebe.<\/p>\n<ul>\n<li><strong>Model:<\/strong> STARK3<\/li>\n<li><strong>Sadr\u017eaj:<\/strong> 1 x no\u017e za uklanjanje fuge i zaptiva\u010da, 1 x mlaznica za injektiranje, 1 x ugla\u010diva\u010d fugni<\/li>\n<li><strong>Pogodno za:<\/strong> Kade, tu\u0161eve, umivaonike, balkone<\/li>\n<\/ul>\n<p>Ovaj set je savr\u0161en za precizne radove sa silikonom, omogu\u0107uju\u0107i profesionalnu i urednu zavr\u0161nu obradu.<\/p>\n","protected":false},"excerpt":{"rendered":"<p>Bihui STARK3 je profesionalni set za popravku i oblikovanje silikonskih i zaptivnih spojeva, idealan za kade, tu\u0161eve, umivaonike i balkone.<\/p>\n","protected":false},"featured_media":21362,"comment_status":"open","ping_status":"closed","template":"","meta":[],"product_brand":[],"product_cat":[787],"product_tag":[],"class_list":{"0":"post-21329","1":"product","2":"type-product","3":"status-publish","4":"has-post-thumbnail","6":"product_cat-ostali-alat-i-pribor-za-keramicare","8":"first","9":"instock","10":"sale","11":"shipping-taxable","12":"purchasable","13":"product-type-simple"},"wooqr_code":"","_links":{"self":[{"href":"https:\/\/www.gkboje.ba\/en\/wp-json\/wp\/v2\/product\/21329","targetHints":{"allow":["GET"]}}],"collection":[{"href":"https:\/\/www.gkboje.ba\/en\/wp-json\/wp\/v2\/product"}],"about":[{"href":"https:\/\/www.gkboje.ba\/en\/wp-json\/wp\/v2\/types\/product"}],"replies":[{"embeddable":true,"href":"https:\/\/www.gkboje.ba\/en\/wp-json\/wp\/v2\/comments?post=21329"}],"version-history":[{"count":1,"href":"https:\/\/www.gkboje.ba\/en\/wp-json\/wp\/v2\/product\/21329\/revisions"}],"predecessor-version":[{"id":21372,"href":"https:\/\/www.gkboje.ba\/en\/wp-json\/wp\/v2\/product\/21329\/revisions\/21372"}],"wp:featuredmedia":[{"embeddable":true,"href":"https:\/\/www.gkboje.ba\/en\/wp-json\/wp\/v2\/media\/21362"}],"wp:attachment":[{"href":"https:\/\/www.gkboje.ba\/en\/wp-json\/wp\/v2\/media?parent=21329"}],"wp:term":[{"taxonomy":"product_brand","embeddable":true,"href":"https:\/\/www.gkboje.ba\/en\/wp-json\/wp\/v2\/product_brand?post=21329"},{"taxonomy":"product_cat","embeddable":true,"href":"https:\/\/www.gkboje.ba\/en\/wp-json\/wp\/v2\/product_cat?post=21329"},{"taxonomy":"product_tag","embeddable":true,"href":"https:\/\/www.gkboje.ba\/en\/wp-json\/wp\/v2\/product_tag?post=21329"}],"curies":[{"name":"wp","href":"https:\/\/api.w.org\/{rel}","templated":true}]}}