{"id":21328,"date":"2024-10-16T22:45:56","date_gmt":"2024-10-16T20:45:56","guid":{"rendered":"https:\/\/www.gkboje.ba\/proizvod\/bihui-posuda-za-fugiranje-fugovanje-tws19a\/"},"modified":"2025-12-01T00:54:18","modified_gmt":"2025-11-30T23:54:18","slug":"bihui-posuda-za-fugiranje-fugovanje-tws19a","status":"publish","type":"product","link":"https:\/\/www.gkboje.ba\/en\/proizvod\/bihui-posuda-za-fugiranje-fugovanje-tws19a\/","title":{"rendered":"Bihui posuda za fugiranje &#8211; fugovanje (TWS19A)"},"content":{"rendered":"<p>Bihui TWS19A posuda za fugovanje je visokokvalitetni alat namijenjen profesionalnim kerami\u010darima. Posuda kapaciteta 19 litara dolazi s integriranim to\u010dki\u0107ima i plasti\u010dnom re\u0161etkom, \u0161to omogu\u0107ava lako rukovanje i \u010di\u0161\u0107enje alata. Opremljena je trostrukim valjcima i ergonomskom TPR dr\u0161kom, osiguravaju\u0107i jednostavno kori\u0161tenje prilikom fugiranja plo\u010dica. Alat je dizajniran za dugotrajnu upotrebu u zahtjevnim uvjetima.<\/p>\n<ul>\n<li><strong>Model:<\/strong> TWS19A<\/li>\n<li><strong>Kapacitet:<\/strong> 19 litara<\/li>\n<li><strong>Komponente:<\/strong> 2 crna to\u010dki\u0107a, 2 postolja, 1 plasti\u010dna re\u0161etka, 3 valjka, 1 TPR dr\u0161ka<\/li>\n<li><strong>Pogodno za:<\/strong> Profesionalna upotreba pri fugiranju kerami\u010dkih plo\u010dica<\/li>\n<\/ul>\n<p>Ovaj set omogu\u0107ava jednostavno i brzo \u010di\u0161\u0107enje alata za fugovanje, osiguravaju\u0107i ve\u0107u efikasnost na radili\u0161tu.<\/p>\n","protected":false},"excerpt":{"rendered":"<p>Bihui TWS19A je posuda za fugovanje kapaciteta 19 litara, dizajnirana za profesionalne kerami\u010dare, opremljena to\u010dkovima i valjcima za brzo \u010di\u0161\u0107enje alata.<\/p>\n","protected":false},"featured_media":21338,"comment_status":"open","ping_status":"closed","template":"","meta":[],"product_brand":[],"product_cat":[787],"product_tag":[],"class_list":{"0":"post-21328","1":"product","2":"type-product","3":"status-publish","4":"has-post-thumbnail","6":"product_cat-ostali-alat-i-pribor-za-keramicare","8":"first","9":"instock","10":"sale","11":"shipping-taxable","12":"purchasable","13":"product-type-simple"},"wooqr_code":"","_links":{"self":[{"href":"https:\/\/www.gkboje.ba\/en\/wp-json\/wp\/v2\/product\/21328","targetHints":{"allow":["GET"]}}],"collection":[{"href":"https:\/\/www.gkboje.ba\/en\/wp-json\/wp\/v2\/product"}],"about":[{"href":"https:\/\/www.gkboje.ba\/en\/wp-json\/wp\/v2\/types\/product"}],"replies":[{"embeddable":true,"href":"https:\/\/www.gkboje.ba\/en\/wp-json\/wp\/v2\/comments?post=21328"}],"version-history":[{"count":1,"href":"https:\/\/www.gkboje.ba\/en\/wp-json\/wp\/v2\/product\/21328\/revisions"}],"predecessor-version":[{"id":21350,"href":"https:\/\/www.gkboje.ba\/en\/wp-json\/wp\/v2\/product\/21328\/revisions\/21350"}],"wp:featuredmedia":[{"embeddable":true,"href":"https:\/\/www.gkboje.ba\/en\/wp-json\/wp\/v2\/media\/21338"}],"wp:attachment":[{"href":"https:\/\/www.gkboje.ba\/en\/wp-json\/wp\/v2\/media?parent=21328"}],"wp:term":[{"taxonomy":"product_brand","embeddable":true,"href":"https:\/\/www.gkboje.ba\/en\/wp-json\/wp\/v2\/product_brand?post=21328"},{"taxonomy":"product_cat","embeddable":true,"href":"https:\/\/www.gkboje.ba\/en\/wp-json\/wp\/v2\/product_cat?post=21328"},{"taxonomy":"product_tag","embeddable":true,"href":"https:\/\/www.gkboje.ba\/en\/wp-json\/wp\/v2\/product_tag?post=21328"}],"curies":[{"name":"wp","href":"https:\/\/api.w.org\/{rel}","templated":true}]}}