{"id":21327,"date":"2024-10-16T22:45:56","date_gmt":"2024-10-16T20:45:56","guid":{"rendered":"https:\/\/www.gkboje.ba\/proizvod\/bihui-dijamantna-kruna-za-prosirenje-20-mm-m14-dmb20\/"},"modified":"2025-12-01T00:54:18","modified_gmt":"2025-11-30T23:54:18","slug":"bihui-dijamantna-kruna-za-prosirenje-20-mm-m14-dmb20","status":"publish","type":"product","link":"https:\/\/www.gkboje.ba\/en\/proizvod\/bihui-dijamantna-kruna-za-prosirenje-20-mm-m14-dmb20\/","title":{"rendered":"Bihui dijamantna kruna za pro\u0161irenje 20 mm M14 (DMB20)"},"content":{"rendered":"<p>Bihui DMB20 Dijamantska Kruna omogu\u0107ava precizno pro\u0161irenje, oblikovanje i ravnanje rupa. Idealna za kori\u0161tenje u obradi kerami\u010dkih materijala. Ovaj alat pru\u017ea visoku preciznost i dugotrajnost, \u010dine\u0107i ga savr\u0161enim za profesionalnu upotrebu.<\/p>\n<ul>\n<li><strong>Model:<\/strong> DMB20<\/li>\n<li><strong>Veli\u010dina:<\/strong> 20 mm<\/li>\n<li><strong>Pogodno za:<\/strong> Plo\u010dice, keramika<\/li>\n<\/ul>\n<p>DMB20 kruna je dizajnirana za profesionalce koji zahtijevaju maksimalnu preciznost i efikasnost pri radu sa kerami\u010dkim materijalima.<\/p>\n","protected":false},"excerpt":{"rendered":"<p>Bihui DMB20 je dijamantska kruna s opsegom od 20 mm, idealna za precizno pro\u0161irenje, ravnanje i oblikovanje rupa u materijalu poput plo\u010dica i keramike.<\/p>\n","protected":false},"featured_media":21333,"comment_status":"open","ping_status":"closed","template":"","meta":[],"product_brand":[],"product_cat":[1144],"product_tag":[],"class_list":{"0":"post-21327","1":"product","2":"type-product","3":"status-publish","4":"has-post-thumbnail","6":"product_cat-dijamantni-kroneri-za-plocice-brusilica","8":"first","9":"instock","10":"sale","11":"shipping-taxable","12":"purchasable","13":"product-type-simple"},"wooqr_code":"","_links":{"self":[{"href":"https:\/\/www.gkboje.ba\/en\/wp-json\/wp\/v2\/product\/21327","targetHints":{"allow":["GET"]}}],"collection":[{"href":"https:\/\/www.gkboje.ba\/en\/wp-json\/wp\/v2\/product"}],"about":[{"href":"https:\/\/www.gkboje.ba\/en\/wp-json\/wp\/v2\/types\/product"}],"replies":[{"embeddable":true,"href":"https:\/\/www.gkboje.ba\/en\/wp-json\/wp\/v2\/comments?post=21327"}],"version-history":[{"count":1,"href":"https:\/\/www.gkboje.ba\/en\/wp-json\/wp\/v2\/product\/21327\/revisions"}],"predecessor-version":[{"id":21337,"href":"https:\/\/www.gkboje.ba\/en\/wp-json\/wp\/v2\/product\/21327\/revisions\/21337"}],"wp:featuredmedia":[{"embeddable":true,"href":"https:\/\/www.gkboje.ba\/en\/wp-json\/wp\/v2\/media\/21333"}],"wp:attachment":[{"href":"https:\/\/www.gkboje.ba\/en\/wp-json\/wp\/v2\/media?parent=21327"}],"wp:term":[{"taxonomy":"product_brand","embeddable":true,"href":"https:\/\/www.gkboje.ba\/en\/wp-json\/wp\/v2\/product_brand?post=21327"},{"taxonomy":"product_cat","embeddable":true,"href":"https:\/\/www.gkboje.ba\/en\/wp-json\/wp\/v2\/product_cat?post=21327"},{"taxonomy":"product_tag","embeddable":true,"href":"https:\/\/www.gkboje.ba\/en\/wp-json\/wp\/v2\/product_tag?post=21327"}],"curies":[{"name":"wp","href":"https:\/\/api.w.org\/{rel}","templated":true}]}}