{"id":21252,"date":"2024-10-16T22:02:52","date_gmt":"2024-10-16T20:02:52","guid":{"rendered":"https:\/\/www.gkboje.ba\/proizvod\/bihui-izmjenjiva-podloga-za-epoksidne-fuge-250-mm-ptsepx\/"},"modified":"2025-12-01T00:54:18","modified_gmt":"2025-11-30T23:54:18","slug":"bihui-izmjenjiva-podloga-za-epoksidne-fuge-250-mm-ptsepx","status":"publish","type":"product","link":"https:\/\/www.gkboje.ba\/en\/proizvod\/bihui-izmjenjiva-podloga-za-epoksidne-fuge-250-mm-ptsepx\/","title":{"rendered":"Bihui izmjenjiva podloga za epoksidne fuge 250 mm (PTSEPX)"},"content":{"rendered":"<p>Bihui PTSEPX je visokokvalitetni zamjenjivi gleter specijalno dizajniran za precizno fugiranje plo\u010dica. Njegova radna povr\u0161ina od gume dimenzija 248&#215;116 mm omogu\u0107ava efikasno i dugotrajno kori\u0161tenje. Guma je otporna na habanje i zadr\u017eava o\u0161trinu, \u0161to garantuje visok kvalitet fugiranja. Ovaj gleter je kompatibilan sa sistemom Bihui Wash, \u0161to dodatno pobolj\u0161ava radnu efikasnost i omogu\u0107ava jednostavno rukovanje.<\/p>\n<ul>\n<li><strong>Model:<\/strong> PTSEPX<\/li>\n<li><strong>Dimenzije:<\/strong> 248&#215;116 mm<\/li>\n<li><strong>Materijal:<\/strong> Guma<\/li>\n<li><strong>Primjena:<\/strong> Fugiranje s epoksidnim i cementnim fugama<\/li>\n<\/ul>\n<p>Ovaj gleter pru\u017ea profesionalan zavr\u0161etak pri radu s plo\u010dicama, garantuju\u0107i izdr\u017eljivost i preciznost.<\/p>\n","protected":false},"excerpt":{"rendered":"<p>Bihui PTSEPX je zamjenjivi gleter za fugiranje, idealan za efikasno fugiranje plo\u010dica, pogodan za upotrebu s epoksidnim i cementnim fugama.<\/p>\n","protected":false},"featured_media":20999,"comment_status":"open","ping_status":"closed","template":"","meta":[],"product_brand":[],"product_cat":[890],"product_tag":[],"class_list":{"0":"post-21252","1":"product","2":"type-product","3":"status-publish","4":"has-post-thumbnail","6":"product_cat-gleteri-za-fugovanje","8":"first","9":"instock","10":"sale","11":"shipping-taxable","12":"purchasable","13":"product-type-simple"},"wooqr_code":"","_links":{"self":[{"href":"https:\/\/www.gkboje.ba\/en\/wp-json\/wp\/v2\/product\/21252","targetHints":{"allow":["GET"]}}],"collection":[{"href":"https:\/\/www.gkboje.ba\/en\/wp-json\/wp\/v2\/product"}],"about":[{"href":"https:\/\/www.gkboje.ba\/en\/wp-json\/wp\/v2\/types\/product"}],"replies":[{"embeddable":true,"href":"https:\/\/www.gkboje.ba\/en\/wp-json\/wp\/v2\/comments?post=21252"}],"version-history":[{"count":0,"href":"https:\/\/www.gkboje.ba\/en\/wp-json\/wp\/v2\/product\/21252\/revisions"}],"wp:featuredmedia":[{"embeddable":true,"href":"https:\/\/www.gkboje.ba\/en\/wp-json\/wp\/v2\/media\/20999"}],"wp:attachment":[{"href":"https:\/\/www.gkboje.ba\/en\/wp-json\/wp\/v2\/media?parent=21252"}],"wp:term":[{"taxonomy":"product_brand","embeddable":true,"href":"https:\/\/www.gkboje.ba\/en\/wp-json\/wp\/v2\/product_brand?post=21252"},{"taxonomy":"product_cat","embeddable":true,"href":"https:\/\/www.gkboje.ba\/en\/wp-json\/wp\/v2\/product_cat?post=21252"},{"taxonomy":"product_tag","embeddable":true,"href":"https:\/\/www.gkboje.ba\/en\/wp-json\/wp\/v2\/product_tag?post=21252"}],"curies":[{"name":"wp","href":"https:\/\/api.w.org\/{rel}","templated":true}]}}