{"id":21248,"date":"2024-10-16T22:02:44","date_gmt":"2024-10-16T20:02:44","guid":{"rendered":"https:\/\/www.gkboje.ba\/proizvod\/bihui-mistrija-zlica-zaobljena-180-mm-btchg6\/"},"modified":"2025-12-01T00:54:18","modified_gmt":"2025-11-30T23:54:18","slug":"bihui-mistrija-zlica-zaobljena-180-mm-btchg6","status":"publish","type":"product","link":"https:\/\/www.gkboje.ba\/en\/proizvod\/bihui-mistrija-zlica-zaobljena-180-mm-btchg6\/","title":{"rendered":"Bihui mistrija &#8211; \u017elica zaobljena 180 mm (BTCHG6)"},"content":{"rendered":"<p>Bihui BTCHG6 ovalna mistrija izra\u0111ena je od ugljeni\u010dnog \u010delika visoke \u010dvrsto\u0107e, \u0161to osigurava dugotrajnost i otpornost tokom intenzivnih gra\u0111evinskih radova. Opremljena je mekanom Soft Grip ru\u010dkom od termo-plasti\u010dne gume (TPR), koja pru\u017ea udobnost i stabilnost pri rukovanju. Sa du\u017einom od 180 mm, ova mistrija je savr\u0161ena za nano\u0161enje i distribuciju materijala, te je pogodna za profesionalce u kerami\u010darskim i gra\u0111evinskim radovima.<\/p>\n<ul>\n<li><strong>Model:<\/strong> BTCHG6<\/li>\n<li><strong>Materijal:<\/strong> Ugljeni\u010dni \u010delik<\/li>\n<li><strong>Ru\u010dka:<\/strong> Soft Grip (TPR)<\/li>\n<li><strong>Du\u017eina:<\/strong> 180 mm<\/li>\n<li><strong>Pogodno za:<\/strong> Kerami\u010darske radove i gra\u0111evinske materijale<\/li>\n<\/ul>\n<p>Ova mistrija je dizajnirana za preciznu i efikasnu upotrebu, garantuju\u0107i kvalitetne rezultate.<\/p>\n","protected":false},"excerpt":{"rendered":"<p>Bihui BTCHG6 je ovalna mistrija du\u017eine 180 mm, napravljena od visokokvalitetnog ugljeni\u010dnog \u010delika, idealna za profesionalne radove s keramikom i gra\u0111evinskim materijalima.<\/p>\n","protected":false},"featured_media":21059,"comment_status":"open","ping_status":"closed","template":"","meta":[],"product_brand":[],"product_cat":[774],"product_tag":[],"class_list":{"0":"post-21248","1":"product","2":"type-product","3":"status-publish","4":"has-post-thumbnail","6":"product_cat-mistrije","8":"first","9":"instock","10":"sale","11":"shipping-taxable","12":"purchasable","13":"product-type-simple"},"wooqr_code":"","_links":{"self":[{"href":"https:\/\/www.gkboje.ba\/en\/wp-json\/wp\/v2\/product\/21248","targetHints":{"allow":["GET"]}}],"collection":[{"href":"https:\/\/www.gkboje.ba\/en\/wp-json\/wp\/v2\/product"}],"about":[{"href":"https:\/\/www.gkboje.ba\/en\/wp-json\/wp\/v2\/types\/product"}],"replies":[{"embeddable":true,"href":"https:\/\/www.gkboje.ba\/en\/wp-json\/wp\/v2\/comments?post=21248"}],"version-history":[{"count":0,"href":"https:\/\/www.gkboje.ba\/en\/wp-json\/wp\/v2\/product\/21248\/revisions"}],"wp:featuredmedia":[{"embeddable":true,"href":"https:\/\/www.gkboje.ba\/en\/wp-json\/wp\/v2\/media\/21059"}],"wp:attachment":[{"href":"https:\/\/www.gkboje.ba\/en\/wp-json\/wp\/v2\/media?parent=21248"}],"wp:term":[{"taxonomy":"product_brand","embeddable":true,"href":"https:\/\/www.gkboje.ba\/en\/wp-json\/wp\/v2\/product_brand?post=21248"},{"taxonomy":"product_cat","embeddable":true,"href":"https:\/\/www.gkboje.ba\/en\/wp-json\/wp\/v2\/product_cat?post=21248"},{"taxonomy":"product_tag","embeddable":true,"href":"https:\/\/www.gkboje.ba\/en\/wp-json\/wp\/v2\/product_tag?post=21248"}],"curies":[{"name":"wp","href":"https:\/\/api.w.org\/{rel}","templated":true}]}}