{"id":21247,"date":"2024-10-16T22:02:43","date_gmt":"2024-10-16T20:02:43","guid":{"rendered":"https:\/\/www.gkboje.ba\/proizvod\/bihui-mistrija-zlica-za-fugiranje-8-mm-btcht08\/"},"modified":"2025-12-01T00:54:17","modified_gmt":"2025-11-30T23:54:17","slug":"bihui-mistrija-zlica-za-fugiranje-8-mm-btcht08","status":"publish","type":"product","link":"https:\/\/www.gkboje.ba\/en\/proizvod\/bihui-mistrija-zlica-za-fugiranje-8-mm-btcht08\/","title":{"rendered":"Bihui mistrija &#8211; \u017elica za fugiranje 8 mm (BTCHT08)"},"content":{"rendered":"<p>Bihui BTCHT08 Mistrija za Fugovanje idealna je za precizne zavr\u0161ne radove na fugovanju plo\u010dica. Izra\u0111ena od visokokvalitetnog ugljeni\u010dnog \u010delika, sje\u010divo \u0161irine 8 mm omogu\u0107ava dugotrajnost i otpornost na habanje. Mistrija je opremljena Soft Grip ru\u010dkom od TPR materijala, koja osigurava udobnost i kontrolu tokom rada, smanjuju\u0107i umor korisnika. Zahvaljuju\u0107i robusnom dizajnu, ovaj alat je savr\u0161en za profesionalnu upotrebu.<\/p>\n<ul>\n<li><strong>Model:<\/strong> BTCHT08<\/li>\n<li><strong>\u0160irina sje\u010diva:<\/strong> 8 mm<\/li>\n<li><strong>Materijal sje\u010diva:<\/strong> Ugljeni\u010dni \u010delik visoke \u010dvrsto\u0107e<\/li>\n<li><strong>Materijal ru\u010dke:<\/strong> Soft Grip (TPR)<\/li>\n<\/ul>\n<p>Ovaj alat je idealan za dugotrajne gra\u0111evinske i kerami\u010darske radove, pru\u017eaju\u0107i profesionalne rezultate u fugovanju.<\/p>\n","protected":false},"excerpt":{"rendered":"<p>Bihui BTCHT08 je mistrija za fugovanje \u0161irine 8 mm, izra\u0111ena od ugljeni\u010dnog \u010delika visoke \u010dvrsto\u0107e, s ergonomskom Soft Grip ru\u010dkom za udobnost tokom rada.<\/p>\n","protected":false},"featured_media":21115,"comment_status":"open","ping_status":"closed","template":"","meta":[],"product_brand":[],"product_cat":[774],"product_tag":[],"class_list":{"0":"post-21247","1":"product","2":"type-product","3":"status-publish","4":"has-post-thumbnail","6":"product_cat-mistrije","8":"first","9":"instock","10":"sale","11":"shipping-taxable","12":"purchasable","13":"product-type-simple"},"wooqr_code":"","_links":{"self":[{"href":"https:\/\/www.gkboje.ba\/en\/wp-json\/wp\/v2\/product\/21247","targetHints":{"allow":["GET"]}}],"collection":[{"href":"https:\/\/www.gkboje.ba\/en\/wp-json\/wp\/v2\/product"}],"about":[{"href":"https:\/\/www.gkboje.ba\/en\/wp-json\/wp\/v2\/types\/product"}],"replies":[{"embeddable":true,"href":"https:\/\/www.gkboje.ba\/en\/wp-json\/wp\/v2\/comments?post=21247"}],"version-history":[{"count":0,"href":"https:\/\/www.gkboje.ba\/en\/wp-json\/wp\/v2\/product\/21247\/revisions"}],"wp:featuredmedia":[{"embeddable":true,"href":"https:\/\/www.gkboje.ba\/en\/wp-json\/wp\/v2\/media\/21115"}],"wp:attachment":[{"href":"https:\/\/www.gkboje.ba\/en\/wp-json\/wp\/v2\/media?parent=21247"}],"wp:term":[{"taxonomy":"product_brand","embeddable":true,"href":"https:\/\/www.gkboje.ba\/en\/wp-json\/wp\/v2\/product_brand?post=21247"},{"taxonomy":"product_cat","embeddable":true,"href":"https:\/\/www.gkboje.ba\/en\/wp-json\/wp\/v2\/product_cat?post=21247"},{"taxonomy":"product_tag","embeddable":true,"href":"https:\/\/www.gkboje.ba\/en\/wp-json\/wp\/v2\/product_tag?post=21247"}],"curies":[{"name":"wp","href":"https:\/\/api.w.org\/{rel}","templated":true}]}}