{"id":21245,"date":"2024-10-16T22:02:42","date_gmt":"2024-10-16T20:02:42","guid":{"rendered":"https:\/\/www.gkboje.ba\/proizvod\/bihui-mistrija-zlica-kvadratna-180-mm-btchb8\/"},"modified":"2025-12-03T13:21:25","modified_gmt":"2025-12-03T12:21:25","slug":"bihui-mistrija-zlica-kvadratna-180-mm-btchb8","status":"publish","type":"product","link":"https:\/\/www.gkboje.ba\/en\/proizvod\/bihui-mistrija-zlica-kvadratna-180-mm-btchb8\/","title":{"rendered":"Bihui mistrija &#8211; \u017elica kvadratna 180 mm (BTCHB7)"},"content":{"rendered":"<p>Bihui BTCHB7 kvadratna mistrija dizajnirana je za profesionalne gra\u0111evinske radove, idealna za mije\u0161anje, nano\u0161enje i obradu materijala poput maltera i ljepila. Mistrija je izra\u0111ena od ugljeni\u010dnog \u010delika visoke \u010dvrsto\u0107e, \u0161to joj osigurava izdr\u017eljivost i dugovje\u010dnost. Soft Grip ru\u010dka napravljena od termo-plasti\u010dne sinteti\u010dke gume (TPR) pru\u017ea udobnost i sigurno dr\u017eanje, smanjuju\u0107i umor prilikom dugotrajne upotrebe. Alat je du\u017eine 180 mm, \u0161to ga \u010dini pogodnim za \u0161irok spektar gra\u0111evinskih zadataka.<\/p>\n<ul>\n<li><strong>Model:<\/strong> BTCHB7<\/li>\n<li><strong>Dimenzije:<\/strong> 180 mm<\/li>\n<li><strong>Materijal:<\/strong> Ugljeni\u010dni \u010delik<\/li>\n<li><strong>Ru\u010dka:<\/strong> Soft Grip TPR (termo-plasti\u010dna sinteti\u010dka guma)<\/li>\n<li><strong>Pogodno za:<\/strong> Mije\u0161anje, nano\u0161enje maltera i ljepila<\/li>\n<\/ul>\n<p>Ovaj alat je savr\u0161en za profesionalce koji tra\u017ee kombinaciju trajnosti i udobnosti.<\/p>\n","protected":false},"excerpt":{"rendered":"<p>Bihui BTCHB8 je kvadratna mistrija du\u017eine 180 mm, izra\u0111ena od ugljeni\u010dnog \u010delika visoke \u010dvrsto\u0107e, sa ergonomskom Soft Grip ru\u010dkom za udobnost tokom dugotrajnog rada.<\/p>\n","protected":false},"featured_media":21077,"comment_status":"open","ping_status":"closed","template":"","meta":[],"product_brand":[],"product_cat":[774],"product_tag":[],"class_list":{"0":"post-21245","1":"product","2":"type-product","3":"status-publish","4":"has-post-thumbnail","6":"product_cat-mistrije","8":"first","9":"instock","10":"sale","11":"shipping-taxable","12":"purchasable","13":"product-type-simple"},"wooqr_code":"","_links":{"self":[{"href":"https:\/\/www.gkboje.ba\/en\/wp-json\/wp\/v2\/product\/21245","targetHints":{"allow":["GET"]}}],"collection":[{"href":"https:\/\/www.gkboje.ba\/en\/wp-json\/wp\/v2\/product"}],"about":[{"href":"https:\/\/www.gkboje.ba\/en\/wp-json\/wp\/v2\/types\/product"}],"replies":[{"embeddable":true,"href":"https:\/\/www.gkboje.ba\/en\/wp-json\/wp\/v2\/comments?post=21245"}],"version-history":[{"count":2,"href":"https:\/\/www.gkboje.ba\/en\/wp-json\/wp\/v2\/product\/21245\/revisions"}],"predecessor-version":[{"id":38457,"href":"https:\/\/www.gkboje.ba\/en\/wp-json\/wp\/v2\/product\/21245\/revisions\/38457"}],"wp:featuredmedia":[{"embeddable":true,"href":"https:\/\/www.gkboje.ba\/en\/wp-json\/wp\/v2\/media\/21077"}],"wp:attachment":[{"href":"https:\/\/www.gkboje.ba\/en\/wp-json\/wp\/v2\/media?parent=21245"}],"wp:term":[{"taxonomy":"product_brand","embeddable":true,"href":"https:\/\/www.gkboje.ba\/en\/wp-json\/wp\/v2\/product_brand?post=21245"},{"taxonomy":"product_cat","embeddable":true,"href":"https:\/\/www.gkboje.ba\/en\/wp-json\/wp\/v2\/product_cat?post=21245"},{"taxonomy":"product_tag","embeddable":true,"href":"https:\/\/www.gkboje.ba\/en\/wp-json\/wp\/v2\/product_tag?post=21245"}],"curies":[{"name":"wp","href":"https:\/\/api.w.org\/{rel}","templated":true}]}}