{"id":21242,"date":"2024-10-16T22:02:41","date_gmt":"2024-10-16T20:02:41","guid":{"rendered":"https:\/\/www.gkboje.ba\/proizvod\/bihui-zamjenski-nozici-strugaca-za-fuge-tgrsb2\/"},"modified":"2025-12-01T00:54:17","modified_gmt":"2025-11-30T23:54:17","slug":"bihui-zamjenski-nozici-strugaca-za-fuge-tgrsb2","status":"publish","type":"product","link":"https:\/\/www.gkboje.ba\/en\/proizvod\/bihui-zamjenski-nozici-strugaca-za-fuge-tgrsb2\/","title":{"rendered":"Bihui zamjenski no\u017ei\u0107i struga\u010da za fuge (TGRSB2)"},"content":{"rendered":"<p>Bihui TGRSB2 zamjenjivi no\u017ei\u0107i napravljeni su od visokokvalitetnog volfram karbida, \u0161to osigurava dugotrajnu otpornost i preciznost tokom rada. Ovi no\u017ei\u0107i su dizajnirani za upotrebu sa struga\u010dem fugni BIHUI TGRS2, \u010dine\u0107i ih idealnim za jednostavno i brzo uklanjanje starih fuga. Svaki set sadr\u017ei dva no\u017ei\u0107a, \u0161to omogu\u0107ava du\u017ei radni vijek alata.<\/p>\n<ul>\n<li><strong>Model:<\/strong> TGRSB2<\/li>\n<li><strong>Materijal:<\/strong> Volfram karbid<\/li>\n<li><strong>Pogodno za:<\/strong> Struga\u010d fugni BIHUI TGRS2<\/li>\n<li><strong>Broj no\u017ei\u0107a u setu:<\/strong> 2 komada<\/li>\n<\/ul>\n<p>Ovaj set no\u017ei\u0107a je savr\u0161en za profesionalne kerami\u010dare i gra\u0111evinske radnike koji tra\u017ee preciznost i dugotrajne performanse pri uklanjanju fuga.<\/p>\n","protected":false},"excerpt":{"rendered":"<p>Bihui TGRSB2 no\u017ei\u0107i od volfram karbida su zamjenjivi no\u017ei\u0107i dizajnirani za struga\u010de fugni, omogu\u0107avaju\u0107i brzo i precizno uklanjanje starih fuga izme\u0111u plo\u010dica.<\/p>\n","protected":false},"featured_media":20955,"comment_status":"open","ping_status":"closed","template":"","meta":[],"product_brand":[],"product_cat":[787],"product_tag":[],"class_list":{"0":"post-21242","1":"product","2":"type-product","3":"status-publish","4":"has-post-thumbnail","6":"product_cat-ostali-alat-i-pribor-za-keramicare","8":"first","9":"instock","10":"sale","11":"shipping-taxable","12":"purchasable","13":"product-type-simple"},"wooqr_code":"","_links":{"self":[{"href":"https:\/\/www.gkboje.ba\/en\/wp-json\/wp\/v2\/product\/21242","targetHints":{"allow":["GET"]}}],"collection":[{"href":"https:\/\/www.gkboje.ba\/en\/wp-json\/wp\/v2\/product"}],"about":[{"href":"https:\/\/www.gkboje.ba\/en\/wp-json\/wp\/v2\/types\/product"}],"replies":[{"embeddable":true,"href":"https:\/\/www.gkboje.ba\/en\/wp-json\/wp\/v2\/comments?post=21242"}],"version-history":[{"count":0,"href":"https:\/\/www.gkboje.ba\/en\/wp-json\/wp\/v2\/product\/21242\/revisions"}],"wp:featuredmedia":[{"embeddable":true,"href":"https:\/\/www.gkboje.ba\/en\/wp-json\/wp\/v2\/media\/20955"}],"wp:attachment":[{"href":"https:\/\/www.gkboje.ba\/en\/wp-json\/wp\/v2\/media?parent=21242"}],"wp:term":[{"taxonomy":"product_brand","embeddable":true,"href":"https:\/\/www.gkboje.ba\/en\/wp-json\/wp\/v2\/product_brand?post=21242"},{"taxonomy":"product_cat","embeddable":true,"href":"https:\/\/www.gkboje.ba\/en\/wp-json\/wp\/v2\/product_cat?post=21242"},{"taxonomy":"product_tag","embeddable":true,"href":"https:\/\/www.gkboje.ba\/en\/wp-json\/wp\/v2\/product_tag?post=21242"}],"curies":[{"name":"wp","href":"https:\/\/api.w.org\/{rel}","templated":true}]}}