{"id":21240,"date":"2024-10-16T22:02:39","date_gmt":"2024-10-16T20:02:39","guid":{"rendered":"https:\/\/www.gkboje.ba\/proizvod\/bihui-vakumski-nosac-trostruki-sctb4\/"},"modified":"2025-12-01T00:54:17","modified_gmt":"2025-11-30T23:54:17","slug":"bihui-vakumski-nosac-trostruki-sctb4","status":"publish","type":"product","link":"https:\/\/www.gkboje.ba\/en\/proizvod\/bihui-vakumski-nosac-trostruki-sctb4\/","title":{"rendered":"Bihui vakumski nosa\u010d trostruki (SCTB4)"},"content":{"rendered":"<p>Bihui SCTB4 trostruki vakumski nosa\u010d dizajniran je za profesionalce koji rade s velikim i te\u0161kim materijalima. Opremljen je trostrukim usisnim \u010da\u0161ama pre\u010dnika 125 mm, koje omogu\u0107avaju sigurno fiksiranje i prenos plo\u010dica, stakla i mermera. Vakumske \u010da\u0161e izra\u0111ene su od izdr\u017eljive gume, a ru\u010dka od tehni\u010dkog polimera osigurava dugotrajnost i otpornost. Maksimalna nosivost ovog dr\u017ea\u010da je 110 kg, \u0161to ga \u010dini idealnim za te\u0161ke gra\u0111evinske radove.<\/p>\n<ul>\n<li><strong>Model:<\/strong> SCTB4<\/li>\n<li><strong>Pre\u010dnik usisnih \u010da\u0161a:<\/strong> 125 mm<\/li>\n<li><strong>Materijal:<\/strong> Tehni\u010dki polimer, gumene \u010da\u0161e<\/li>\n<li><strong>Nosivost:<\/strong> 110 kg<\/li>\n<li><strong>Pogodno za:<\/strong> Kerami\u010dke plo\u010dice, mermer, staklo<\/li>\n<\/ul>\n<p>Ovaj alat omogu\u0107ava lako i sigurno rukovanje velikim i te\u0161kim materijalima, idealan za profesionalnu upotrebu.<\/p>\n","protected":false},"excerpt":{"rendered":"<p>Bihui SCTB4 trostruki vakumski dr\u017ea\u010d s pre\u010dnikom od 125 mm omogu\u0107ava no\u0161enje i manipulaciju te\u0161kim materijalima, kao \u0161to su kerami\u010dke plo\u010dice, staklo i mermer, s maksimalnom nosivo\u0161\u0107u do 110 kg.<\/p>\n","protected":false},"featured_media":21135,"comment_status":"open","ping_status":"closed","template":"","meta":[],"product_brand":[],"product_cat":[791],"product_tag":[],"class_list":{"0":"post-21240","1":"product","2":"type-product","3":"status-publish","4":"has-post-thumbnail","6":"product_cat-vakumski-drzaci-i-pistolji","8":"first","9":"instock","10":"sale","11":"shipping-taxable","12":"purchasable","13":"product-type-simple"},"wooqr_code":"","_links":{"self":[{"href":"https:\/\/www.gkboje.ba\/en\/wp-json\/wp\/v2\/product\/21240","targetHints":{"allow":["GET"]}}],"collection":[{"href":"https:\/\/www.gkboje.ba\/en\/wp-json\/wp\/v2\/product"}],"about":[{"href":"https:\/\/www.gkboje.ba\/en\/wp-json\/wp\/v2\/types\/product"}],"replies":[{"embeddable":true,"href":"https:\/\/www.gkboje.ba\/en\/wp-json\/wp\/v2\/comments?post=21240"}],"version-history":[{"count":0,"href":"https:\/\/www.gkboje.ba\/en\/wp-json\/wp\/v2\/product\/21240\/revisions"}],"wp:featuredmedia":[{"embeddable":true,"href":"https:\/\/www.gkboje.ba\/en\/wp-json\/wp\/v2\/media\/21135"}],"wp:attachment":[{"href":"https:\/\/www.gkboje.ba\/en\/wp-json\/wp\/v2\/media?parent=21240"}],"wp:term":[{"taxonomy":"product_brand","embeddable":true,"href":"https:\/\/www.gkboje.ba\/en\/wp-json\/wp\/v2\/product_brand?post=21240"},{"taxonomy":"product_cat","embeddable":true,"href":"https:\/\/www.gkboje.ba\/en\/wp-json\/wp\/v2\/product_cat?post=21240"},{"taxonomy":"product_tag","embeddable":true,"href":"https:\/\/www.gkboje.ba\/en\/wp-json\/wp\/v2\/product_tag?post=21240"}],"curies":[{"name":"wp","href":"https:\/\/api.w.org\/{rel}","templated":true}]}}