{"id":21239,"date":"2024-10-16T22:02:39","date_gmt":"2024-10-16T20:02:39","guid":{"rendered":"https:\/\/www.gkboje.ba\/proizvod\/bihui-vakumski-nosac-za-grube-hrapave-povrsine-110-kg-scvb8\/"},"modified":"2025-12-01T00:54:17","modified_gmt":"2025-11-30T23:54:17","slug":"bihui-vakumski-nosac-za-grube-hrapave-povrsine-110-kg-scvb8","status":"publish","type":"product","link":"https:\/\/www.gkboje.ba\/en\/proizvod\/bihui-vakumski-nosac-za-grube-hrapave-povrsine-110-kg-scvb8\/","title":{"rendered":"Bihui vakumski nosa\u010d za grube &#8211; hrapave povr\u0161ine 110 kg (SCVB8)"},"content":{"rendered":"<p>Bihui SCVB8 vakumska usisna \u010da\u0161a nudi sigurno i efikasno rukovanje te\u0161kim materijalima kao \u0161to su plo\u010dice, staklo i kamen. Opremljena je manometrom za pra\u0107enje pritiska i omogu\u0107ava jednostavno fiksiranje na ravne i blago neravne povr\u0161ine. Pre\u010dnik \u010da\u0161e od 203 mm i kapacitet podizanja do 110 kg \u010dine je idealnom za profesionalnu upotrebu.<\/p>\n<ul>\n<li><strong>Model:<\/strong> SCVB8<\/li>\n<li><strong>Pre\u010dnik usisne \u010da\u0161e:<\/strong> 203 mm<\/li>\n<li><strong>Nosivost:<\/strong> do 110 kg<\/li>\n<li><strong>Pogodno za:<\/strong> Plo\u010dice, staklo, kamen<\/li>\n<li><strong>Dodatno:<\/strong> Manometar za kontrolu pritiska<\/li>\n<\/ul>\n<p>Ova usisna \u010da\u0161a pru\u017ea dugotrajnu pouzdanost i preciznost prilikom rukovanja te\u0161kim materijalima u gra\u0111evinskim radovima.<\/p>\n","protected":false},"excerpt":{"rendered":"<p>Bihui SCVB8 je profesionalna vakumska usisna \u010da\u0161a sa manometrom, dizajnirana za podizanje i rukovanje glatkim i blago teksturiranim povr\u0161inama, kao \u0161to su plo\u010dice, staklo i kamen, uz nosivost do 110 kg.<\/p>\n","protected":false},"featured_media":20975,"comment_status":"open","ping_status":"closed","template":"","meta":[],"product_brand":[],"product_cat":[791],"product_tag":[],"class_list":{"0":"post-21239","1":"product","2":"type-product","3":"status-publish","4":"has-post-thumbnail","6":"product_cat-vakumski-drzaci-i-pistolji","8":"first","9":"instock","10":"sale","11":"shipping-taxable","12":"purchasable","13":"product-type-simple"},"wooqr_code":"","_links":{"self":[{"href":"https:\/\/www.gkboje.ba\/en\/wp-json\/wp\/v2\/product\/21239","targetHints":{"allow":["GET"]}}],"collection":[{"href":"https:\/\/www.gkboje.ba\/en\/wp-json\/wp\/v2\/product"}],"about":[{"href":"https:\/\/www.gkboje.ba\/en\/wp-json\/wp\/v2\/types\/product"}],"replies":[{"embeddable":true,"href":"https:\/\/www.gkboje.ba\/en\/wp-json\/wp\/v2\/comments?post=21239"}],"version-history":[{"count":2,"href":"https:\/\/www.gkboje.ba\/en\/wp-json\/wp\/v2\/product\/21239\/revisions"}],"predecessor-version":[{"id":37977,"href":"https:\/\/www.gkboje.ba\/en\/wp-json\/wp\/v2\/product\/21239\/revisions\/37977"}],"wp:featuredmedia":[{"embeddable":true,"href":"https:\/\/www.gkboje.ba\/en\/wp-json\/wp\/v2\/media\/20975"}],"wp:attachment":[{"href":"https:\/\/www.gkboje.ba\/en\/wp-json\/wp\/v2\/media?parent=21239"}],"wp:term":[{"taxonomy":"product_brand","embeddable":true,"href":"https:\/\/www.gkboje.ba\/en\/wp-json\/wp\/v2\/product_brand?post=21239"},{"taxonomy":"product_cat","embeddable":true,"href":"https:\/\/www.gkboje.ba\/en\/wp-json\/wp\/v2\/product_cat?post=21239"},{"taxonomy":"product_tag","embeddable":true,"href":"https:\/\/www.gkboje.ba\/en\/wp-json\/wp\/v2\/product_tag?post=21239"}],"curies":[{"name":"wp","href":"https:\/\/api.w.org\/{rel}","templated":true}]}}