{"id":21238,"date":"2024-10-16T22:02:38","date_gmt":"2024-10-16T20:02:38","guid":{"rendered":"https:\/\/www.gkboje.ba\/proizvod\/bihui-vakumski-nosac-jednostruki-scsb4\/"},"modified":"2025-12-01T00:54:17","modified_gmt":"2025-11-30T23:54:17","slug":"bihui-vakumski-nosac-jednostruki-scsb4","status":"publish","type":"product","link":"https:\/\/www.gkboje.ba\/en\/proizvod\/bihui-vakumski-nosac-jednostruki-scsb4\/","title":{"rendered":"Bihui vakumski nosa\u010d jednostruki (SCSB4)"},"content":{"rendered":"<p>Bihui SCSB4 Vakumski Dr\u017ea\u010d je izra\u0111en od izdr\u017eljivog aluminijuma sa gumenim vakumom, pre\u010dnika 122 mm. Ovaj alat omogu\u0107ava sigurno i efikasno rukovanje kerami\u010dkim plo\u010dicama, mermerom i staklom, sa maksimalnom nosivo\u0161\u0107u od 40 kg. Ergonomska &#8220;Jumbo&#8221; ru\u010dka pru\u017ea dodatnu udobnost pri radu, \u0161to ga \u010dini idealnim za profesionalne korisnike. Vakumski mehanizam omogu\u0107ava lako prianjanje na glatke i \u010diste povr\u0161ine, \u010dime se osigurava sigurno rukovanje i transport materijala.<\/p>\n<ul>\n<li><strong>Model:<\/strong> SCSB4<\/li>\n<li><strong>Pre\u010dnik:<\/strong> 122 mm (4.8 in\u010da)<\/li>\n<li><strong>Nosivost:<\/strong> 40 kg<\/li>\n<li><strong>Pogodno za:<\/strong> Kerami\u010dke plo\u010dice, staklo, mermer<\/li>\n<\/ul>\n<p>Ovaj vakumski dr\u017ea\u010d je idealan za profesionalce koji se bave postavljanjem plo\u010dica i radom s te\u0161kim gra\u0111evinskim materijalima.<\/p>\n","protected":false},"excerpt":{"rendered":"<p>Bihui SCSB4 je profesionalni jednostruki vakumski dr\u017ea\u010d sa aluminijumskim tijelom i gumenim vakumom, idealan za no\u0161enje te\u0161kih materijala poput plo\u010dica, stakla i mermera, sa nosivo\u0161\u0107u do 40 kg.<\/p>\n","protected":false},"featured_media":21037,"comment_status":"open","ping_status":"closed","template":"","meta":[],"product_brand":[],"product_cat":[791],"product_tag":[],"class_list":{"0":"post-21238","1":"product","2":"type-product","3":"status-publish","4":"has-post-thumbnail","6":"product_cat-vakumski-drzaci-i-pistolji","8":"first","9":"instock","10":"sale","11":"shipping-taxable","12":"purchasable","13":"product-type-simple"},"wooqr_code":"","_links":{"self":[{"href":"https:\/\/www.gkboje.ba\/en\/wp-json\/wp\/v2\/product\/21238","targetHints":{"allow":["GET"]}}],"collection":[{"href":"https:\/\/www.gkboje.ba\/en\/wp-json\/wp\/v2\/product"}],"about":[{"href":"https:\/\/www.gkboje.ba\/en\/wp-json\/wp\/v2\/types\/product"}],"replies":[{"embeddable":true,"href":"https:\/\/www.gkboje.ba\/en\/wp-json\/wp\/v2\/comments?post=21238"}],"version-history":[{"count":0,"href":"https:\/\/www.gkboje.ba\/en\/wp-json\/wp\/v2\/product\/21238\/revisions"}],"wp:featuredmedia":[{"embeddable":true,"href":"https:\/\/www.gkboje.ba\/en\/wp-json\/wp\/v2\/media\/21037"}],"wp:attachment":[{"href":"https:\/\/www.gkboje.ba\/en\/wp-json\/wp\/v2\/media?parent=21238"}],"wp:term":[{"taxonomy":"product_brand","embeddable":true,"href":"https:\/\/www.gkboje.ba\/en\/wp-json\/wp\/v2\/product_brand?post=21238"},{"taxonomy":"product_cat","embeddable":true,"href":"https:\/\/www.gkboje.ba\/en\/wp-json\/wp\/v2\/product_cat?post=21238"},{"taxonomy":"product_tag","embeddable":true,"href":"https:\/\/www.gkboje.ba\/en\/wp-json\/wp\/v2\/product_tag?post=21238"}],"curies":[{"name":"wp","href":"https:\/\/api.w.org\/{rel}","templated":true}]}}