{"id":21235,"date":"2024-10-16T22:02:35","date_gmt":"2024-10-16T20:02:35","guid":{"rendered":"https:\/\/www.gkboje.ba\/proizvod\/bihui-ulozak-rezervne-mine-automatske-olovke-za-obiljezavanje-tcm7-sl\/"},"modified":"2025-12-01T00:54:17","modified_gmt":"2025-11-30T23:54:17","slug":"bihui-ulozak-rezervne-mine-automatske-olovke-za-obiljezavanje-tcm7-sl","status":"publish","type":"product","link":"https:\/\/www.gkboje.ba\/en\/proizvod\/bihui-ulozak-rezervne-mine-automatske-olovke-za-obiljezavanje-tcm7-sl\/","title":{"rendered":"Bihui ulo\u017eak &#8211; rezervne mine automatske olovke za obilje\u017eavanje (TCM7-SL)"},"content":{"rendered":"<p>Bihui TCM7-SL set rezervnih mina dizajniran je za upotrebu s Bihui automatskom olovkom (TCM7). Set sadr\u017ei 6 zamjenskih mina (2 crne, 2 crvene, 2 \u017eute) koje omogu\u0107avaju precizno markiranje na materijalima poput keramike, stakla, metala, drva, i cigle. Svaka mina osigurava dugotrajnu upotrebu i visoku vidljivost na raznim povr\u0161inama, dok integrisana o\u0161trilica u poklopcu olovke olak\u0161ava odr\u017eavanje preciznosti prilikom markiranja.<\/p>\n<ul>\n<li><strong>Model:<\/strong> TCM7-SL<\/li>\n<li><strong>Boje:<\/strong> Crna, crvena, \u017euta<\/li>\n<li><strong>Pogodno za:<\/strong> Keramika, staklo, metal, drvo, cigla<\/li>\n<li><strong>Dodatno:<\/strong> Ugra\u0111ena o\u0161trilica<\/li>\n<\/ul>\n<p>Ovaj set rezervnih mina idealan je za profesionalce koji trebaju pouzdan alat za markiranje razli\u010ditih materijala u gra\u0111evinskim radovima.<\/p>\n","protected":false},"excerpt":{"rendered":"<p>Bihui TCM7-SL set rezervnih mina sadr\u017ei 6 mina u crnoj, crvenoj i \u017eutoj boji, savr\u0161eno za markiranje na raznim povr\u0161inama kao \u0161to su metal, staklo i keramika.<\/p>\n","protected":false},"featured_media":21097,"comment_status":"open","ping_status":"closed","template":"","meta":[],"product_brand":[],"product_cat":[809],"product_tag":[],"class_list":{"0":"post-21235","1":"product","2":"type-product","3":"status-publish","4":"has-post-thumbnail","6":"product_cat-alat-za-obiljezavanje","8":"first","9":"instock","10":"sale","11":"shipping-taxable","12":"purchasable","13":"product-type-simple"},"wooqr_code":"","_links":{"self":[{"href":"https:\/\/www.gkboje.ba\/en\/wp-json\/wp\/v2\/product\/21235","targetHints":{"allow":["GET"]}}],"collection":[{"href":"https:\/\/www.gkboje.ba\/en\/wp-json\/wp\/v2\/product"}],"about":[{"href":"https:\/\/www.gkboje.ba\/en\/wp-json\/wp\/v2\/types\/product"}],"replies":[{"embeddable":true,"href":"https:\/\/www.gkboje.ba\/en\/wp-json\/wp\/v2\/comments?post=21235"}],"version-history":[{"count":1,"href":"https:\/\/www.gkboje.ba\/en\/wp-json\/wp\/v2\/product\/21235\/revisions"}],"predecessor-version":[{"id":37982,"href":"https:\/\/www.gkboje.ba\/en\/wp-json\/wp\/v2\/product\/21235\/revisions\/37982"}],"wp:featuredmedia":[{"embeddable":true,"href":"https:\/\/www.gkboje.ba\/en\/wp-json\/wp\/v2\/media\/21097"}],"wp:attachment":[{"href":"https:\/\/www.gkboje.ba\/en\/wp-json\/wp\/v2\/media?parent=21235"}],"wp:term":[{"taxonomy":"product_brand","embeddable":true,"href":"https:\/\/www.gkboje.ba\/en\/wp-json\/wp\/v2\/product_brand?post=21235"},{"taxonomy":"product_cat","embeddable":true,"href":"https:\/\/www.gkboje.ba\/en\/wp-json\/wp\/v2\/product_cat?post=21235"},{"taxonomy":"product_tag","embeddable":true,"href":"https:\/\/www.gkboje.ba\/en\/wp-json\/wp\/v2\/product_tag?post=21235"}],"curies":[{"name":"wp","href":"https:\/\/api.w.org\/{rel}","templated":true}]}}