{"id":21233,"date":"2024-10-16T22:02:34","date_gmt":"2024-10-16T20:02:34","guid":{"rendered":"https:\/\/www.gkboje.ba\/proizvod\/bihui-spiralni-mjesac-za-ljepilo-i-malter-140x600-mm-m14-mpgz600\/"},"modified":"2025-12-01T00:54:17","modified_gmt":"2025-11-30T23:54:17","slug":"bihui-spiralni-mjesac-za-ljepilo-i-malter-140x600-mm-m14-mpgz600","status":"publish","type":"product","link":"https:\/\/www.gkboje.ba\/en\/proizvod\/bihui-spiralni-mjesac-za-ljepilo-i-malter-140x600-mm-m14-mpgz600\/","title":{"rendered":"Bihui spiralni mje\u0161a\u010d za ljepilo i malter 140&#215;600 mm M14 (MPGZ600)"},"content":{"rendered":"<p>Bihui MPGZ600 Mje\u0161a\u010d je napravljen od zlatno pocinkovanog \u010delika s M14 prihvatom, \u0161to omogu\u0107ava kompatibilnost s ve\u0107inom standardnih miksera. S du\u017einom od 600 mm i pre\u010dnikom od 140 mm, ovaj mikser je savr\u0161en za mije\u0161anje te\u0161kih gra\u0111evinskih materijala poput maltera, ljepila za plo\u010dice, gipsa i ko\u0161uljica. Osim toga, posjeduje metalnu zaka\u010dku za jednostavno skladi\u0161tenje i rukovanje.<\/p>\n<ul>\n<li><strong>Model:<\/strong> MPGZ600<\/li>\n<li><strong>Materijal:<\/strong> Zlatno pocinkovani \u010delik<\/li>\n<li><strong>Dimenzije:<\/strong> 140 x 600 mm<\/li>\n<li><strong>Navoj:<\/strong> M14<\/li>\n<li><strong>Pogodno za:<\/strong> Malter, ljepilo za plo\u010dice, gips<\/li>\n<\/ul>\n<p>Ovaj alat pru\u017ea stabilnost i efikasnost pri mije\u0161anju, \u0161to ga \u010dini idealnim izborom za profesionalne gra\u0111evinske radove.<\/p>\n","protected":false},"excerpt":{"rendered":"<p>Bihui MPGZ600 je mikser \u0161ipka dizajnirana za profesionalnu upotrebu, idealna za mije\u0161anje maltera, ljepila za plo\u010dice, gipsa i drugih gra\u0111evinskih masa.<\/p>\n","protected":false},"featured_media":20811,"comment_status":"open","ping_status":"closed","template":"","meta":[],"product_brand":[],"product_cat":[704],"product_tag":[],"class_list":{"0":"post-21233","1":"product","2":"type-product","3":"status-publish","4":"has-post-thumbnail","6":"product_cat-mjesaci-mikseri-za-boju-i-lijepak","8":"first","9":"instock","10":"sale","11":"shipping-taxable","12":"purchasable","13":"product-type-simple"},"wooqr_code":"","_links":{"self":[{"href":"https:\/\/www.gkboje.ba\/en\/wp-json\/wp\/v2\/product\/21233","targetHints":{"allow":["GET"]}}],"collection":[{"href":"https:\/\/www.gkboje.ba\/en\/wp-json\/wp\/v2\/product"}],"about":[{"href":"https:\/\/www.gkboje.ba\/en\/wp-json\/wp\/v2\/types\/product"}],"replies":[{"embeddable":true,"href":"https:\/\/www.gkboje.ba\/en\/wp-json\/wp\/v2\/comments?post=21233"}],"version-history":[{"count":0,"href":"https:\/\/www.gkboje.ba\/en\/wp-json\/wp\/v2\/product\/21233\/revisions"}],"wp:featuredmedia":[{"embeddable":true,"href":"https:\/\/www.gkboje.ba\/en\/wp-json\/wp\/v2\/media\/20811"}],"wp:attachment":[{"href":"https:\/\/www.gkboje.ba\/en\/wp-json\/wp\/v2\/media?parent=21233"}],"wp:term":[{"taxonomy":"product_brand","embeddable":true,"href":"https:\/\/www.gkboje.ba\/en\/wp-json\/wp\/v2\/product_brand?post=21233"},{"taxonomy":"product_cat","embeddable":true,"href":"https:\/\/www.gkboje.ba\/en\/wp-json\/wp\/v2\/product_cat?post=21233"},{"taxonomy":"product_tag","embeddable":true,"href":"https:\/\/www.gkboje.ba\/en\/wp-json\/wp\/v2\/product_tag?post=21233"}],"curies":[{"name":"wp","href":"https:\/\/api.w.org\/{rel}","templated":true}]}}