{"id":21230,"date":"2024-10-16T22:02:31","date_gmt":"2024-10-16T20:02:31","guid":{"rendered":"https:\/\/www.gkboje.ba\/proizvod\/bihui-strugac-za-fuge-tgrs2\/"},"modified":"2025-12-01T00:15:26","modified_gmt":"2025-11-30T23:15:26","slug":"bihui-strugac-za-fuge-tgrs2","status":"publish","type":"product","link":"https:\/\/www.gkboje.ba\/en\/proizvod\/bihui-strugac-za-fuge-tgrs2\/","title":{"rendered":"Bihui struga\u010d za fuge (TGRS2)"},"content":{"rendered":"<p>Bihui TGRS2 je visokokvalitetan struga\u010d dizajniran za efikasno uklanjanje starih fuga i ljepila izme\u0111u plo\u010dica. Opremljen je s dva o\u0161tra volfram-karbidna no\u017ea koja omogu\u0107avaju brzo i precizno uklanjanje materijala. Ako se radi o u\u017eim fugama, jedan no\u017e se mo\u017ee ukloniti radi lak\u0161e manipulacije. Ergonomi\u010dna Soft-Grip TPR dr\u0161ka osigurava udobnost tokom rada, \u010dine\u0107i ovaj alat idealnim za profesionalce u industriji plo\u010dica.<\/p>\n<ul>\n<li><strong>Model:<\/strong> TGRS2<\/li>\n<li><strong>Du\u017eina:<\/strong> 200 mm<\/li>\n<li><strong>Materijal no\u017eeva:<\/strong> Volfram karbid<\/li>\n<li><strong>Pogodno za:<\/strong> Uklanjanje stare fuge i ljepila<\/li>\n<li><strong>Dr\u0161ka:<\/strong> Soft-Grip TPR<\/li>\n<\/ul>\n<p>Ovaj alat pru\u017ea dugotrajnost i preciznost prilikom zahtjevnih zadataka uklanjanja fuga, \u010dine\u0107i ga neophodnim za profesionalne kerami\u010dare.<\/p>\n","protected":false},"excerpt":{"rendered":"<p>Bihui TGRS2 je profesionalni struga\u010d za fuge, opremljen dvostrukim volfram-karbidnim no\u017ei\u0107ima, idealan za uklanjanje stare i obojene fuge izme\u0111u plo\u010dica.<\/p>\n","protected":false},"featured_media":21071,"comment_status":"open","ping_status":"closed","template":"","meta":[],"product_brand":[],"product_cat":[787],"product_tag":[],"class_list":{"0":"post-21230","1":"product","2":"type-product","3":"status-publish","4":"has-post-thumbnail","6":"product_cat-ostali-alat-i-pribor-za-keramicare","8":"first","9":"instock","10":"sale","11":"shipping-taxable","12":"purchasable","13":"product-type-simple"},"wooqr_code":"","_links":{"self":[{"href":"https:\/\/www.gkboje.ba\/en\/wp-json\/wp\/v2\/product\/21230","targetHints":{"allow":["GET"]}}],"collection":[{"href":"https:\/\/www.gkboje.ba\/en\/wp-json\/wp\/v2\/product"}],"about":[{"href":"https:\/\/www.gkboje.ba\/en\/wp-json\/wp\/v2\/types\/product"}],"replies":[{"embeddable":true,"href":"https:\/\/www.gkboje.ba\/en\/wp-json\/wp\/v2\/comments?post=21230"}],"version-history":[{"count":0,"href":"https:\/\/www.gkboje.ba\/en\/wp-json\/wp\/v2\/product\/21230\/revisions"}],"wp:featuredmedia":[{"embeddable":true,"href":"https:\/\/www.gkboje.ba\/en\/wp-json\/wp\/v2\/media\/21071"}],"wp:attachment":[{"href":"https:\/\/www.gkboje.ba\/en\/wp-json\/wp\/v2\/media?parent=21230"}],"wp:term":[{"taxonomy":"product_brand","embeddable":true,"href":"https:\/\/www.gkboje.ba\/en\/wp-json\/wp\/v2\/product_brand?post=21230"},{"taxonomy":"product_cat","embeddable":true,"href":"https:\/\/www.gkboje.ba\/en\/wp-json\/wp\/v2\/product_cat?post=21230"},{"taxonomy":"product_tag","embeddable":true,"href":"https:\/\/www.gkboje.ba\/en\/wp-json\/wp\/v2\/product_tag?post=21230"}],"curies":[{"name":"wp","href":"https:\/\/api.w.org\/{rel}","templated":true}]}}